{"id":9346,"date":"2024-07-09T20:20:39","date_gmt":"2024-07-09T20:20:39","guid":{"rendered":"https:\/\/alliantplans.com\/?page_id=9346"},"modified":"2025-05-08T08:18:44","modified_gmt":"2025-05-08T12:18:44","slug":"anonymous-compliance-report","status":"publish","type":"page","link":"https:\/\/alliantplans.com\/anonymous-compliance-report\/","title":{"rendered":"Anonymous Compliance Report"},"content":{"rendered":"<style>.kb-row-layout-id9346_698f02-c1 > .kt-row-column-wrap{align-content:start;}:where(.kb-row-layout-id9346_698f02-c1 > .kt-row-column-wrap) > .wp-block-kadence-column{justify-content:start;}.kb-row-layout-id9346_698f02-c1 > .kt-row-column-wrap{column-gap:var(--global-kb-gap-md, 2rem);row-gap:var(--global-kb-gap-md, 2rem);max-width:var( --global-content-width, 1440px );padding-left:var(--global-content-edge-padding);padding-right:var(--global-content-edge-padding);padding-top:var(--global-kb-spacing-sm, 1.5rem);padding-bottom:var(--global-kb-spacing-sm, 1.5rem);grid-template-columns:minmax(0, 1fr);}.kb-row-layout-id9346_698f02-c1 > .kt-row-layout-overlay{opacity:0.30;}@media all and (max-width: 1024px){.kb-row-layout-id9346_698f02-c1 > .kt-row-column-wrap{grid-template-columns:minmax(0, 1fr);}}@media all and (max-width: 767px){.kb-row-layout-id9346_698f02-c1 > .kt-row-column-wrap{grid-template-columns:minmax(0, 1fr);}}<\/style><div class=\"kb-row-layout-wrap kb-row-layout-id9346_698f02-c1 alignnone wp-block-kadence-rowlayout\"><div class=\"kt-row-column-wrap kt-has-1-columns kt-row-layout-equal kt-tab-layout-inherit kt-mobile-layout-row kt-row-valign-top kb-theme-content-width\">\n<style>.kadence-column9346_346025-b8 > .kt-inside-inner-col,.kadence-column9346_346025-b8 > .kt-inside-inner-col:before{border-top-left-radius:0px;border-top-right-radius:0px;border-bottom-right-radius:0px;border-bottom-left-radius:0px;}.kadence-column9346_346025-b8 > .kt-inside-inner-col{column-gap:var(--global-kb-gap-sm, 1rem);}.kadence-column9346_346025-b8 > .kt-inside-inner-col{flex-direction:column;}.kadence-column9346_346025-b8 > .kt-inside-inner-col > .aligncenter{width:100%;}.kadence-column9346_346025-b8 > .kt-inside-inner-col:before{opacity:0.3;}.kadence-column9346_346025-b8{position:relative;}@media all and (max-width: 1024px){.kadence-column9346_346025-b8 > .kt-inside-inner-col{flex-direction:column;justify-content:center;}}@media all and (max-width: 767px){.kadence-column9346_346025-b8 > .kt-inside-inner-col{flex-direction:column;justify-content:center;}}<\/style>\n<div class=\"wp-block-kadence-column kadence-column9346_346025-b8\"><div class=\"kt-inside-inner-col\"><style>.wp-block-kadence-advancedheading.kt-adv-heading9346_678dd5-2f, .wp-block-kadence-advancedheading.kt-adv-heading9346_678dd5-2f[data-kb-block=\"kb-adv-heading9346_678dd5-2f\"]{font-style:normal;}.wp-block-kadence-advancedheading.kt-adv-heading9346_678dd5-2f mark.kt-highlight, .wp-block-kadence-advancedheading.kt-adv-heading9346_678dd5-2f[data-kb-block=\"kb-adv-heading9346_678dd5-2f\"] mark.kt-highlight{font-style:normal;color:#f76a0c;-webkit-box-decoration-break:clone;box-decoration-break:clone;padding-top:0px;padding-right:0px;padding-bottom:0px;padding-left:0px;}.wp-block-kadence-advancedheading.kt-adv-heading9346_678dd5-2f img.kb-inline-image, .wp-block-kadence-advancedheading.kt-adv-heading9346_678dd5-2f[data-kb-block=\"kb-adv-heading9346_678dd5-2f\"] img.kb-inline-image{width:150px;vertical-align:baseline;}<\/style>\n<h1 class=\"kt-adv-heading9346_678dd5-2f wp-block-kadence-advancedheading\" data-kb-block=\"kb-adv-heading9346_678dd5-2f\">Anonymous Compliance Report<\/h1>\n\n\n<div class=\"wp-block-kadence-advanced-form wp-block-kadence-advanced-form9340-cpt-id kb-adv-form-label-style-normal kb-adv-form-input-size-standard kb-form-basic-style wp-block-kadence-advanced-form\"><form id=\"kb-adv-form-9340-cpt-id\" class=\"kb-advanced-form\" method=\"post\">\n<div class=\"kb-adv-form-field kb-adv-form-text-type-input kb-adv-form-infield-type-input kb-field9340ecf45f-26 wp-block-kadence-advanced-form-text\"><label class=\"kb-adv-form-label\" for=\"field9340ecf45f-26\">Subject<span class=\"kb-adv-form-required\">*<\/span><\/label><input name=\"fieldecf45f-26\" id=\"field9340ecf45f-26\" data-label=\"Subject\" autocomplete=\"off\" type=\"text\" placeholder=\"\" value=\"\" data-type=\"text\" class=\"kb-field kb-text-field\" data-required=\"yes\" required aria-required=\"true\"\/><\/div>\n\n<div class=\"kb-adv-form-field kb-adv-form-text-type-input kb-adv-form-infield-type-input kb-field934062ee95-e6 wp-block-kadence-advanced-form-textarea\"><label class=\"kb-adv-form-label\" for=\"field934062ee95-e6\">Message<span class=\"kb-adv-form-required\">*<\/span><\/label><textarea name=\"field62ee95-e6\" id=\"field934062ee95-e6\" rows=\"3\"  data-label=\"Message\" autocomplete=\"off\" placeholder=\"\" data-type=\"textarea\" class=\"kb-field kb-textarea-field\" data-required=\"yes\" required aria-required=\"true\"><\/textarea><\/div>\n\n<input type=\"hidden\" name=\"recaptcha_response\" class=\"kb_recaptcha_response kb_recaptcha_d099f1-c3\" \/>\n\n<style>ul.menu .kb-submit-field .kb-btnf8bf95-0b.kb-button{width:initial;}.kb-submit-field.kb-fieldf8bf95-0b{justify-content:flex-start;}<\/style><div class=\"kb-adv-form-field kb-submit-field kb-fieldf8bf95-0b wp-block-kadence-advanced-form-submit\"><button class=\"kb-button kt-button button kb-adv-form-submit-button kb-btnf8bf95-0b kt-btn-size-standard kt-btn-width-type-auto kb-btn-global-fill kt-btn-has-text-true kt-btn-has-svg-false\" type=\"submit\"><span class=\"kt-btn-inner-text\">Submit<\/span><\/button><\/div>\n<input type=\"hidden\" name=\"_kb_adv_form_post_id\" value=\"9340\"><input type=\"hidden\" name=\"action\" value=\"kb_process_advanced_form_submit\"><input type=\"hidden\" name=\"_kb_adv_form_id\" value=\"9340-cpt-id\"><\/form><\/div><\/div><\/div>\n\n<\/div><\/div>","protected":false},"excerpt":{"rendered":"<p>Anonymous Compliance Report<\/p>\n","protected":false},"author":1,"featured_media":0,"parent":0,"menu_order":0,"comment_status":"closed","ping_status":"closed","template":"","meta":{"_acf_changed":false,"_kad_blocks_custom_css":"","_kad_blocks_head_custom_js":"","_kad_blocks_body_custom_js":"","_kad_blocks_footer_custom_js":"","_monsterinsights_skip_tracking":false,"_monsterinsights_sitenote_active":false,"_monsterinsights_sitenote_note":"","_monsterinsights_sitenote_category":0,"_kadence_starter_templates_imported_post":false,"_kad_post_transparent":"default","_kad_post_title":"default","_kad_post_layout":"default","_kad_post_sidebar_id":"","_kad_post_content_style":"boxed","_kad_post_vertical_padding":"","_kad_post_feature":"","_kad_post_feature_position":"","_kad_post_header":false,"_kad_post_footer":false,"_kad_post_classname":"","_jet_sm_ready_style":"","_jet_sm_style":"","_jet_sm_controls_values":"","_jet_sm_fonts_collection":"","_jet_sm_fonts_links":"","footnotes":""},"class_list":["post-9346","page","type-page","status-publish","hentry"],"acf":[],"yoast_head":"<!-- This site is optimized with the Yoast SEO Premium plugin v27.4 (Yoast SEO v27.4) - https:\/\/yoast.com\/product\/yoast-seo-premium-wordpress\/ -->\n<title>Anonymous Compliance Report - Alliant Health Plans<\/title>\n<meta name=\"robots\" content=\"index, follow, max-snippet:-1, max-image-preview:large, max-video-preview:-1\" \/>\n<link rel=\"canonical\" href=\"https:\/\/alliantplans.com\/es\/anonymous-compliance-report\/\" \/>\n<meta property=\"og:locale\" content=\"es_ES\" \/>\n<meta property=\"og:type\" content=\"article\" \/>\n<meta property=\"og:title\" content=\"Anonymous Compliance Report\" \/>\n<meta property=\"og:description\" content=\"Anonymous Compliance Report\" \/>\n<meta property=\"og:url\" content=\"https:\/\/alliantplans.com\/anonymous-compliance-report\/\" \/>\n<meta property=\"og:site_name\" content=\"Alliant Health Plans\" \/>\n<meta property=\"article:publisher\" content=\"https:\/\/www.facebook.com\/AlliantHealthPlans\/\" \/>\n<meta property=\"article:modified_time\" content=\"2025-05-08T12:18:44+00:00\" \/>\n<meta name=\"twitter:card\" content=\"summary_large_image\" \/>\n<meta name=\"twitter:label1\" content=\"Tiempo de lectura\" \/>\n\t<meta name=\"twitter:data1\" content=\"1 minute\" \/>\n<script type=\"application\/ld+json\" class=\"yoast-schema-graph\">{\"@context\":\"https:\\\/\\\/schema.org\",\"@graph\":[{\"@type\":\"WebPage\",\"@id\":\"https:\\\/\\\/alliantplans.com\\\/anonymous-compliance-report\\\/\",\"url\":\"https:\\\/\\\/alliantplans.com\\\/anonymous-compliance-report\\\/\",\"name\":\"Anonymous Compliance Report - Alliant Health Plans\",\"isPartOf\":{\"@id\":\"https:\\\/\\\/alliantplans.com\\\/es\\\/#website\"},\"datePublished\":\"2024-07-09T20:20:39+00:00\",\"dateModified\":\"2025-05-08T12:18:44+00:00\",\"breadcrumb\":{\"@id\":\"https:\\\/\\\/alliantplans.com\\\/anonymous-compliance-report\\\/#breadcrumb\"},\"inLanguage\":\"es-ES\",\"potentialAction\":[{\"@type\":\"ReadAction\",\"target\":[\"https:\\\/\\\/alliantplans.com\\\/anonymous-compliance-report\\\/\"]}]},{\"@type\":\"BreadcrumbList\",\"@id\":\"https:\\\/\\\/alliantplans.com\\\/anonymous-compliance-report\\\/#breadcrumb\",\"itemListElement\":[{\"@type\":\"ListItem\",\"position\":1,\"name\":\"Home\",\"item\":\"https:\\\/\\\/alliantplans.com\\\/es\\\/pagina-de-inicio\\\/\"},{\"@type\":\"ListItem\",\"position\":2,\"name\":\"Anonymous Compliance Report\"}]},{\"@type\":\"WebSite\",\"@id\":\"https:\\\/\\\/alliantplans.com\\\/es\\\/#website\",\"url\":\"https:\\\/\\\/alliantplans.com\\\/es\\\/\",\"name\":\"Alliant Health Plans\",\"description\":\"Un proveedor l\u00edder de seguros de atenci\u00f3n m\u00e9dica\\n\",\"publisher\":{\"@id\":\"https:\\\/\\\/alliantplans.com\\\/es\\\/#organization\"},\"potentialAction\":[{\"@type\":\"SearchAction\",\"target\":{\"@type\":\"EntryPoint\",\"urlTemplate\":\"https:\\\/\\\/alliantplans.com\\\/es\\\/?s={search_term_string}\"},\"query-input\":{\"@type\":\"PropertyValueSpecification\",\"valueRequired\":true,\"valueName\":\"search_term_string\"}}],\"inLanguage\":\"es-ES\"},{\"@type\":\"Organization\",\"@id\":\"https:\\\/\\\/alliantplans.com\\\/es\\\/#organization\",\"name\":\"Alliant Health Plans\",\"alternateName\":\"AHP\",\"url\":\"https:\\\/\\\/alliantplans.com\\\/es\\\/\",\"logo\":{\"@type\":\"ImageObject\",\"inLanguage\":\"es-ES\",\"@id\":\"https:\\\/\\\/alliantplans.com\\\/es\\\/#\\\/schema\\\/logo\\\/image\\\/\",\"url\":\"https:\\\/\\\/alliantplans.com\\\/wp-content\\\/uploads\\\/2024\\\/04\\\/Alliant-Health-Plans-Logo-Blue.svg\",\"contentUrl\":\"https:\\\/\\\/alliantplans.com\\\/wp-content\\\/uploads\\\/2024\\\/04\\\/Alliant-Health-Plans-Logo-Blue.svg\",\"caption\":\"Alliant Health Plans\"},\"image\":{\"@id\":\"https:\\\/\\\/alliantplans.com\\\/es\\\/#\\\/schema\\\/logo\\\/image\\\/\"},\"sameAs\":[\"https:\\\/\\\/www.facebook.com\\\/AlliantHealthPlans\\\/\"]}]}<\/script>\n<!-- \/ Yoast SEO Premium plugin. -->","yoast_head_json":{"title":"Anonymous Compliance Report - Alliant Health Plans","robots":{"index":"index","follow":"follow","max-snippet":"max-snippet:-1","max-image-preview":"max-image-preview:large","max-video-preview":"max-video-preview:-1"},"canonical":"https:\/\/alliantplans.com\/es\/anonymous-compliance-report\/","og_locale":"es_ES","og_type":"article","og_title":"Anonymous Compliance Report","og_description":"Anonymous Compliance Report","og_url":"https:\/\/alliantplans.com\/anonymous-compliance-report\/","og_site_name":"Alliant Health Plans","article_publisher":"https:\/\/www.facebook.com\/AlliantHealthPlans\/","article_modified_time":"2025-05-08T12:18:44+00:00","twitter_card":"summary_large_image","twitter_misc":{"Tiempo de lectura":"1 minute"},"schema":{"@context":"https:\/\/schema.org","@graph":[{"@type":"WebPage","@id":"https:\/\/alliantplans.com\/anonymous-compliance-report\/","url":"https:\/\/alliantplans.com\/anonymous-compliance-report\/","name":"Anonymous Compliance Report - Alliant Health Plans","isPartOf":{"@id":"https:\/\/alliantplans.com\/es\/#website"},"datePublished":"2024-07-09T20:20:39+00:00","dateModified":"2025-05-08T12:18:44+00:00","breadcrumb":{"@id":"https:\/\/alliantplans.com\/anonymous-compliance-report\/#breadcrumb"},"inLanguage":"es-ES","potentialAction":[{"@type":"ReadAction","target":["https:\/\/alliantplans.com\/anonymous-compliance-report\/"]}]},{"@type":"BreadcrumbList","@id":"https:\/\/alliantplans.com\/anonymous-compliance-report\/#breadcrumb","itemListElement":[{"@type":"ListItem","position":1,"name":"Home","item":"https:\/\/alliantplans.com\/es\/pagina-de-inicio\/"},{"@type":"ListItem","position":2,"name":"Anonymous Compliance Report"}]},{"@type":"WebSite","@id":"https:\/\/alliantplans.com\/es\/#website","url":"https:\/\/alliantplans.com\/es\/","name":"Alliant Health Plans","description":"Un proveedor l\u00edder de seguros de atenci\u00f3n m\u00e9dica\n","publisher":{"@id":"https:\/\/alliantplans.com\/es\/#organization"},"potentialAction":[{"@type":"SearchAction","target":{"@type":"EntryPoint","urlTemplate":"https:\/\/alliantplans.com\/es\/?s={search_term_string}"},"query-input":{"@type":"PropertyValueSpecification","valueRequired":true,"valueName":"search_term_string"}}],"inLanguage":"es-ES"},{"@type":"Organization","@id":"https:\/\/alliantplans.com\/es\/#organization","name":"Alliant Health Plans","alternateName":"AHP","url":"https:\/\/alliantplans.com\/es\/","logo":{"@type":"ImageObject","inLanguage":"es-ES","@id":"https:\/\/alliantplans.com\/es\/#\/schema\/logo\/image\/","url":"https:\/\/alliantplans.com\/wp-content\/uploads\/2024\/04\/Alliant-Health-Plans-Logo-Blue.svg","contentUrl":"https:\/\/alliantplans.com\/wp-content\/uploads\/2024\/04\/Alliant-Health-Plans-Logo-Blue.svg","caption":"Alliant Health Plans"},"image":{"@id":"https:\/\/alliantplans.com\/es\/#\/schema\/logo\/image\/"},"sameAs":["https:\/\/www.facebook.com\/AlliantHealthPlans\/"]}]}},"taxonomy_info":[],"featured_image_src_large":false,"author_info":{"display_name":"jobi","author_link":"https:\/\/alliantplans.com\/es\/author\/jobi\/"},"comment_info":0,"_links":{"self":[{"href":"https:\/\/alliantplans.com\/es\/wp-json\/wp\/v2\/pages\/9346","targetHints":{"allow":["GET"]}}],"collection":[{"href":"https:\/\/alliantplans.com\/es\/wp-json\/wp\/v2\/pages"}],"about":[{"href":"https:\/\/alliantplans.com\/es\/wp-json\/wp\/v2\/types\/page"}],"author":[{"embeddable":true,"href":"https:\/\/alliantplans.com\/es\/wp-json\/wp\/v2\/users\/1"}],"replies":[{"embeddable":true,"href":"https:\/\/alliantplans.com\/es\/wp-json\/wp\/v2\/comments?post=9346"}],"version-history":[{"count":1,"href":"https:\/\/alliantplans.com\/es\/wp-json\/wp\/v2\/pages\/9346\/revisions"}],"predecessor-version":[{"id":27205,"href":"https:\/\/alliantplans.com\/es\/wp-json\/wp\/v2\/pages\/9346\/revisions\/27205"}],"wp:attachment":[{"href":"https:\/\/alliantplans.com\/es\/wp-json\/wp\/v2\/media?parent=9346"}],"curies":[{"name":"wp","href":"https:\/\/api.w.org\/{rel}","templated":true}]}}