{"id":8444,"date":"2024-06-05T13:41:03","date_gmt":"2024-06-05T13:41:03","guid":{"rendered":"https:\/\/alliantplans.com\/?page_id=8444"},"modified":"2024-09-13T11:00:05","modified_gmt":"2024-09-13T15:00:05","slug":"health-and-wellness","status":"publish","type":"page","link":"https:\/\/alliantplans.com\/members\/health-and-wellness\/","title":{"rendered":"Health and Wellness Resource"},"content":{"rendered":"<style>.kb-row-layout-id8444_fd727d-8d > .kt-row-column-wrap{align-content:start;}:where(.kb-row-layout-id8444_fd727d-8d > .kt-row-column-wrap) > .wp-block-kadence-column{justify-content:start;}.kb-row-layout-id8444_fd727d-8d > .kt-row-column-wrap{column-gap:var(--global-kb-gap-md, 2rem);row-gap:var(--global-kb-gap-md, 2rem);max-width:var( --global-content-width, 1440px );padding-left:var(--global-content-edge-padding);padding-right:var(--global-content-edge-padding);padding-top:var(--global-kb-spacing-sm, 1.5rem);padding-bottom:var(--global-kb-spacing-sm, 1.5rem);grid-template-columns:minmax(0, 1fr);}.kb-row-layout-id8444_fd727d-8d > .kt-row-layout-overlay{opacity:0.30;}@media all and (max-width: 1024px){.kb-row-layout-id8444_fd727d-8d > .kt-row-column-wrap{grid-template-columns:minmax(0, 1fr);}}@media all and (max-width: 767px){.kb-row-layout-id8444_fd727d-8d > .kt-row-column-wrap{grid-template-columns:minmax(0, 1fr);}}<\/style><div class=\"kb-row-layout-wrap kb-row-layout-id8444_fd727d-8d alignnone wp-block-kadence-rowlayout\"><div class=\"kt-row-column-wrap kt-has-2-columns kt-row-layout-row kt-tab-layout-inherit kt-mobile-layout-row kt-row-valign-top kb-theme-content-width\">\n<style>.kadence-column8444_109cec-e1 > .kt-inside-inner-col,.kadence-column8444_109cec-e1 > .kt-inside-inner-col:before{border-top-left-radius:0px;border-top-right-radius:0px;border-bottom-right-radius:0px;border-bottom-left-radius:0px;}.kadence-column8444_109cec-e1 > .kt-inside-inner-col{column-gap:var(--global-kb-gap-sm, 1rem);}.kadence-column8444_109cec-e1 > .kt-inside-inner-col{flex-direction:column;}.kadence-column8444_109cec-e1 > .kt-inside-inner-col > .aligncenter{width:100%;}.kadence-column8444_109cec-e1 > .kt-inside-inner-col:before{opacity:0.3;}.kadence-column8444_109cec-e1{position:relative;}@media all and (max-width: 1024px){.kadence-column8444_109cec-e1 > .kt-inside-inner-col{flex-direction:column;justify-content:center;}}@media all and (max-width: 767px){.kadence-column8444_109cec-e1 > .kt-inside-inner-col{flex-direction:column;justify-content:center;}}<\/style>\n<div class=\"wp-block-kadence-column kadence-column8444_109cec-e1\"><div class=\"kt-inside-inner-col\"><style>.wp-block-kadence-advancedheading.kt-adv-heading8444_a3744d-d5, .wp-block-kadence-advancedheading.kt-adv-heading8444_a3744d-d5[data-kb-block=\"kb-adv-heading8444_a3744d-d5\"]{font-style:normal;}.wp-block-kadence-advancedheading.kt-adv-heading8444_a3744d-d5 mark.kt-highlight, .wp-block-kadence-advancedheading.kt-adv-heading8444_a3744d-d5[data-kb-block=\"kb-adv-heading8444_a3744d-d5\"] mark.kt-highlight{font-style:normal;color:#f76a0c;-webkit-box-decoration-break:clone;box-decoration-break:clone;padding-top:0px;padding-right:0px;padding-bottom:0px;padding-left:0px;}.wp-block-kadence-advancedheading.kt-adv-heading8444_a3744d-d5 img.kb-inline-image, .wp-block-kadence-advancedheading.kt-adv-heading8444_a3744d-d5[data-kb-block=\"kb-adv-heading8444_a3744d-d5\"] img.kb-inline-image{width:150px;vertical-align:baseline;}<\/style>\n<h2 class=\"kt-adv-heading8444_a3744d-d5 wp-block-kadence-advancedheading\" data-kb-block=\"kb-adv-heading8444_a3744d-d5\"><strong>Member Educational Resources<\/strong><\/h2>\n<\/div><\/div>\n\n\n<style>.kadence-column8444_7d63b5-0e > .kt-inside-inner-col{display:flex;}.kadence-column8444_7d63b5-0e > .kt-inside-inner-col{padding-top:var(--global-kb-spacing-sm, 1.5rem);padding-right:var(--global-kb-spacing-lg, 3rem);padding-bottom:var(--global-kb-spacing-lg, 3rem);padding-left:var(--global-kb-spacing-lg, 3rem);}.kadence-column8444_7d63b5-0e > .kt-inside-inner-col,.kadence-column8444_7d63b5-0e > .kt-inside-inner-col:before{border-top-left-radius:0px;border-top-right-radius:0px;border-bottom-right-radius:0px;border-bottom-left-radius:0px;}.kadence-column8444_7d63b5-0e > .kt-inside-inner-col{column-gap:var(--global-kb-gap-sm, 1rem);}.kadence-column8444_7d63b5-0e > .kt-inside-inner-col{flex-direction:column;align-items:flex-start;}.kadence-column8444_7d63b5-0e > .kt-inside-inner-col > .kb-image-is-ratio-size{align-self:stretch;}.kadence-column8444_7d63b5-0e > .kt-inside-inner-col > .wp-block-kadence-advancedgallery{align-self:stretch;}.kadence-column8444_7d63b5-0e > .kt-inside-inner-col > .aligncenter{width:100%;}.kadence-column8444_7d63b5-0e > .kt-inside-inner-col{background-color:var(--global-palette8, #F7FAFC);}.kadence-column8444_7d63b5-0e > .kt-inside-inner-col:before{opacity:0.3;}.kadence-column8444_7d63b5-0e{position:relative;}@media all and (max-width: 1024px){.kadence-column8444_7d63b5-0e > .kt-inside-inner-col{flex-direction:column;justify-content:center;align-items:flex-start;}}@media all and (max-width: 767px){.kadence-column8444_7d63b5-0e > .kt-inside-inner-col{flex-direction:column;justify-content:center;align-items:flex-start;}}<\/style>\n<div class=\"wp-block-kadence-column kadence-column8444_7d63b5-0e\"><div class=\"kt-inside-inner-col\"><style>.wp-block-kadence-advancedheading.kt-adv-heading8444_457aa6-80, .wp-block-kadence-advancedheading.kt-adv-heading8444_457aa6-80[data-kb-block=\"kb-adv-heading8444_457aa6-80\"]{font-style:normal;}.wp-block-kadence-advancedheading.kt-adv-heading8444_457aa6-80 mark.kt-highlight, .wp-block-kadence-advancedheading.kt-adv-heading8444_457aa6-80[data-kb-block=\"kb-adv-heading8444_457aa6-80\"] mark.kt-highlight{font-style:normal;color:#f76a0c;-webkit-box-decoration-break:clone;box-decoration-break:clone;padding-top:0px;padding-right:0px;padding-bottom:0px;padding-left:0px;}.wp-block-kadence-advancedheading.kt-adv-heading8444_457aa6-80 img.kb-inline-image, .wp-block-kadence-advancedheading.kt-adv-heading8444_457aa6-80[data-kb-block=\"kb-adv-heading8444_457aa6-80\"] img.kb-inline-image{width:150px;vertical-align:baseline;}<\/style>\n<h3 class=\"kt-adv-heading8444_457aa6-80 wp-block-kadence-advancedheading\" data-kb-block=\"kb-adv-heading8444_457aa6-80\"><strong>Live<sup>4<\/sup>It<\/strong><\/h3>\n\n\n\n<p>To access your Live<sup>4<\/sup>It Alliant Health and Wellness Program, please&nbsp;<a href=\"https:\/\/www.live4it.com\/alliant\">click here<\/a>.<\/p>\n<\/div><\/div>\n\n\n<style>.kadence-column8444_eca290-9b > .kt-inside-inner-col{display:flex;}.kadence-column8444_eca290-9b > .kt-inside-inner-col{padding-top:var(--global-kb-spacing-sm, 1.5rem);padding-right:var(--global-kb-spacing-lg, 3rem);padding-bottom:var(--global-kb-spacing-lg, 3rem);padding-left:var(--global-kb-spacing-lg, 3rem);}.kadence-column8444_eca290-9b > .kt-inside-inner-col,.kadence-column8444_eca290-9b > .kt-inside-inner-col:before{border-top-left-radius:0px;border-top-right-radius:0px;border-bottom-right-radius:0px;border-bottom-left-radius:0px;}.kadence-column8444_eca290-9b > .kt-inside-inner-col{column-gap:var(--global-kb-gap-sm, 1rem);}.kadence-column8444_eca290-9b > .kt-inside-inner-col{flex-direction:column;align-items:flex-start;}.kadence-column8444_eca290-9b > .kt-inside-inner-col > .kb-image-is-ratio-size{align-self:stretch;}.kadence-column8444_eca290-9b > .kt-inside-inner-col > .wp-block-kadence-advancedgallery{align-self:stretch;}.kadence-column8444_eca290-9b > .kt-inside-inner-col > .aligncenter{width:100%;}.kadence-column8444_eca290-9b > .kt-inside-inner-col{background-color:var(--global-palette8, #F7FAFC);}.kadence-column8444_eca290-9b > .kt-inside-inner-col:before{opacity:0.3;}.kadence-column8444_eca290-9b{position:relative;}@media all and (max-width: 1024px){.kadence-column8444_eca290-9b > .kt-inside-inner-col{flex-direction:column;justify-content:center;align-items:flex-start;}}@media all and (max-width: 767px){.kadence-column8444_eca290-9b > .kt-inside-inner-col{flex-direction:column;justify-content:center;align-items:flex-start;}}<\/style>\n<div class=\"wp-block-kadence-column kadence-column8444_eca290-9b\"><div class=\"kt-inside-inner-col\"><style>.wp-block-kadence-advancedheading.kt-adv-heading8444_5d484d-36, .wp-block-kadence-advancedheading.kt-adv-heading8444_5d484d-36[data-kb-block=\"kb-adv-heading8444_5d484d-36\"]{font-style:normal;}.wp-block-kadence-advancedheading.kt-adv-heading8444_5d484d-36 mark.kt-highlight, .wp-block-kadence-advancedheading.kt-adv-heading8444_5d484d-36[data-kb-block=\"kb-adv-heading8444_5d484d-36\"] mark.kt-highlight{font-style:normal;color:#f76a0c;-webkit-box-decoration-break:clone;box-decoration-break:clone;padding-top:0px;padding-right:0px;padding-bottom:0px;padding-left:0px;}.wp-block-kadence-advancedheading.kt-adv-heading8444_5d484d-36 img.kb-inline-image, .wp-block-kadence-advancedheading.kt-adv-heading8444_5d484d-36[data-kb-block=\"kb-adv-heading8444_5d484d-36\"] img.kb-inline-image{width:150px;vertical-align:baseline;}<\/style>\n<h3 class=\"kt-adv-heading8444_5d484d-36 wp-block-kadence-advancedheading\" data-kb-block=\"kb-adv-heading8444_5d484d-36\"><strong>Health Management&nbsp;<\/strong><\/h3>\n\n\n\n<p>For information about Alliant\u2019s Health Management Program, please&nbsp;<a href=\"https:\/\/alliantplans.com\/health-management\/\">click here.&nbsp;<\/a><\/p>\n<\/div><\/div>\n\n<\/div><\/div>","protected":false},"excerpt":{"rendered":"<p>Member Educational Resources Live4It To access your Live4It Alliant Health and Wellness Program, please&nbsp;click here. Health Management&nbsp; For information about Alliant\u2019s Health Management Program, please&nbsp;click here.&nbsp;<\/p>\n","protected":false},"author":1,"featured_media":0,"parent":33,"menu_order":0,"comment_status":"closed","ping_status":"closed","template":"","meta":{"_acf_changed":false,"_kad_blocks_custom_css":"sup {\r\n  font-size: 0.8em;\r\n  line-height: 0;\r\n  position: relative;\r\n  vertical-align: baseline;\r\n  top: -0.5em;\r\n}","_kad_blocks_head_custom_js":"","_kad_blocks_body_custom_js":"","_kad_blocks_footer_custom_js":"","_monsterinsights_skip_tracking":false,"_monsterinsights_sitenote_active":false,"_monsterinsights_sitenote_note":"","_monsterinsights_sitenote_category":0,"_kadence_starter_templates_imported_post":false,"_kad_post_transparent":"default","_kad_post_title":"show","_kad_post_layout":"","_kad_post_sidebar_id":"","_kad_post_content_style":"","_kad_post_vertical_padding":"","_kad_post_feature":"","_kad_post_feature_position":"","_kad_post_header":false,"_kad_post_footer":false,"_kad_post_classname":"","_jet_sm_ready_style":"","_jet_sm_style":"","_jet_sm_controls_values":"","_jet_sm_fonts_collection":"","_jet_sm_fonts_links":"","footnotes":""},"class_list":["post-8444","page","type-page","status-publish","hentry"],"acf":[],"yoast_head":"<!-- This site is optimized with the Yoast SEO Premium plugin v27.3 (Yoast SEO v27.3) - https:\/\/yoast.com\/product\/yoast-seo-premium-wordpress\/ -->\n<title>Health and Wellness Resource - Alliant Health Plans<\/title>\n<meta name=\"robots\" content=\"index, follow, max-snippet:-1, max-image-preview:large, max-video-preview:-1\" \/>\n<link rel=\"canonical\" href=\"https:\/\/alliantplans.com\/es\/members\/health-and-wellness\/\" \/>\n<meta property=\"og:locale\" content=\"es_ES\" \/>\n<meta property=\"og:type\" content=\"article\" \/>\n<meta property=\"og:title\" content=\"Health and Wellness Resource\" \/>\n<meta property=\"og:description\" content=\"Member Educational Resources Live4It To access your Live4It Alliant Health and Wellness Program, please&nbsp;click here. Health Management&nbsp; For information about Alliant\u2019s Health Management Program, please&nbsp;click here.&nbsp;\" \/>\n<meta property=\"og:url\" content=\"https:\/\/alliantplans.com\/members\/health-and-wellness\/\" \/>\n<meta property=\"og:site_name\" content=\"Alliant Health Plans\" \/>\n<meta property=\"article:publisher\" content=\"https:\/\/www.facebook.com\/AlliantHealthPlans\/\" \/>\n<meta property=\"article:modified_time\" content=\"2024-09-13T15:00:05+00:00\" \/>\n<meta name=\"twitter:card\" content=\"summary_large_image\" \/>\n<script type=\"application\/ld+json\" class=\"yoast-schema-graph\">{\"@context\":\"https:\\\/\\\/schema.org\",\"@graph\":[{\"@type\":\"WebPage\",\"@id\":\"https:\\\/\\\/alliantplans.com\\\/members\\\/health-and-wellness\\\/\",\"url\":\"https:\\\/\\\/alliantplans.com\\\/members\\\/health-and-wellness\\\/\",\"name\":\"Health and Wellness Resource - Alliant Health Plans\",\"isPartOf\":{\"@id\":\"https:\\\/\\\/alliantplans.com\\\/es\\\/#website\"},\"datePublished\":\"2024-06-05T13:41:03+00:00\",\"dateModified\":\"2024-09-13T15:00:05+00:00\",\"breadcrumb\":{\"@id\":\"https:\\\/\\\/alliantplans.com\\\/members\\\/health-and-wellness\\\/#breadcrumb\"},\"inLanguage\":\"es-ES\",\"potentialAction\":[{\"@type\":\"ReadAction\",\"target\":[\"https:\\\/\\\/alliantplans.com\\\/members\\\/health-and-wellness\\\/\"]}]},{\"@type\":\"BreadcrumbList\",\"@id\":\"https:\\\/\\\/alliantplans.com\\\/members\\\/health-and-wellness\\\/#breadcrumb\",\"itemListElement\":[{\"@type\":\"ListItem\",\"position\":1,\"name\":\"Home\",\"item\":\"https:\\\/\\\/alliantplans.com\\\/es\\\/pagina-de-inicio\\\/\"},{\"@type\":\"ListItem\",\"position\":2,\"name\":\"Members\",\"item\":\"https:\\\/\\\/alliantplans.com\\\/es\\\/members\\\/\"},{\"@type\":\"ListItem\",\"position\":3,\"name\":\"Health and Wellness Resource\"}]},{\"@type\":\"WebSite\",\"@id\":\"https:\\\/\\\/alliantplans.com\\\/es\\\/#website\",\"url\":\"https:\\\/\\\/alliantplans.com\\\/es\\\/\",\"name\":\"Alliant Health Plans\",\"description\":\"Un proveedor l\u00edder de seguros de atenci\u00f3n m\u00e9dica\\n\",\"publisher\":{\"@id\":\"https:\\\/\\\/alliantplans.com\\\/es\\\/#organization\"},\"potentialAction\":[{\"@type\":\"SearchAction\",\"target\":{\"@type\":\"EntryPoint\",\"urlTemplate\":\"https:\\\/\\\/alliantplans.com\\\/es\\\/?s={search_term_string}\"},\"query-input\":{\"@type\":\"PropertyValueSpecification\",\"valueRequired\":true,\"valueName\":\"search_term_string\"}}],\"inLanguage\":\"es-ES\"},{\"@type\":\"Organization\",\"@id\":\"https:\\\/\\\/alliantplans.com\\\/es\\\/#organization\",\"name\":\"Alliant Health Plans\",\"alternateName\":\"AHP\",\"url\":\"https:\\\/\\\/alliantplans.com\\\/es\\\/\",\"logo\":{\"@type\":\"ImageObject\",\"inLanguage\":\"es-ES\",\"@id\":\"https:\\\/\\\/alliantplans.com\\\/es\\\/#\\\/schema\\\/logo\\\/image\\\/\",\"url\":\"https:\\\/\\\/alliantplans.com\\\/wp-content\\\/uploads\\\/2024\\\/04\\\/Alliant-Health-Plans-Logo-Blue.svg\",\"contentUrl\":\"https:\\\/\\\/alliantplans.com\\\/wp-content\\\/uploads\\\/2024\\\/04\\\/Alliant-Health-Plans-Logo-Blue.svg\",\"caption\":\"Alliant Health Plans\"},\"image\":{\"@id\":\"https:\\\/\\\/alliantplans.com\\\/es\\\/#\\\/schema\\\/logo\\\/image\\\/\"},\"sameAs\":[\"https:\\\/\\\/www.facebook.com\\\/AlliantHealthPlans\\\/\"]}]}<\/script>\n<!-- \/ Yoast SEO Premium plugin. -->","yoast_head_json":{"title":"Health and Wellness Resource - Alliant Health Plans","robots":{"index":"index","follow":"follow","max-snippet":"max-snippet:-1","max-image-preview":"max-image-preview:large","max-video-preview":"max-video-preview:-1"},"canonical":"https:\/\/alliantplans.com\/es\/members\/health-and-wellness\/","og_locale":"es_ES","og_type":"article","og_title":"Health and Wellness Resource","og_description":"Member Educational Resources Live4It To access your Live4It Alliant Health and Wellness Program, please&nbsp;click here. Health Management&nbsp; For information about Alliant\u2019s Health Management Program, please&nbsp;click here.&nbsp;","og_url":"https:\/\/alliantplans.com\/members\/health-and-wellness\/","og_site_name":"Alliant Health Plans","article_publisher":"https:\/\/www.facebook.com\/AlliantHealthPlans\/","article_modified_time":"2024-09-13T15:00:05+00:00","twitter_card":"summary_large_image","schema":{"@context":"https:\/\/schema.org","@graph":[{"@type":"WebPage","@id":"https:\/\/alliantplans.com\/members\/health-and-wellness\/","url":"https:\/\/alliantplans.com\/members\/health-and-wellness\/","name":"Health and Wellness Resource - Alliant Health Plans","isPartOf":{"@id":"https:\/\/alliantplans.com\/es\/#website"},"datePublished":"2024-06-05T13:41:03+00:00","dateModified":"2024-09-13T15:00:05+00:00","breadcrumb":{"@id":"https:\/\/alliantplans.com\/members\/health-and-wellness\/#breadcrumb"},"inLanguage":"es-ES","potentialAction":[{"@type":"ReadAction","target":["https:\/\/alliantplans.com\/members\/health-and-wellness\/"]}]},{"@type":"BreadcrumbList","@id":"https:\/\/alliantplans.com\/members\/health-and-wellness\/#breadcrumb","itemListElement":[{"@type":"ListItem","position":1,"name":"Home","item":"https:\/\/alliantplans.com\/es\/pagina-de-inicio\/"},{"@type":"ListItem","position":2,"name":"Members","item":"https:\/\/alliantplans.com\/es\/members\/"},{"@type":"ListItem","position":3,"name":"Health and Wellness Resource"}]},{"@type":"WebSite","@id":"https:\/\/alliantplans.com\/es\/#website","url":"https:\/\/alliantplans.com\/es\/","name":"Alliant Health Plans","description":"Un proveedor l\u00edder de seguros de atenci\u00f3n m\u00e9dica\n","publisher":{"@id":"https:\/\/alliantplans.com\/es\/#organization"},"potentialAction":[{"@type":"SearchAction","target":{"@type":"EntryPoint","urlTemplate":"https:\/\/alliantplans.com\/es\/?s={search_term_string}"},"query-input":{"@type":"PropertyValueSpecification","valueRequired":true,"valueName":"search_term_string"}}],"inLanguage":"es-ES"},{"@type":"Organization","@id":"https:\/\/alliantplans.com\/es\/#organization","name":"Alliant Health Plans","alternateName":"AHP","url":"https:\/\/alliantplans.com\/es\/","logo":{"@type":"ImageObject","inLanguage":"es-ES","@id":"https:\/\/alliantplans.com\/es\/#\/schema\/logo\/image\/","url":"https:\/\/alliantplans.com\/wp-content\/uploads\/2024\/04\/Alliant-Health-Plans-Logo-Blue.svg","contentUrl":"https:\/\/alliantplans.com\/wp-content\/uploads\/2024\/04\/Alliant-Health-Plans-Logo-Blue.svg","caption":"Alliant Health Plans"},"image":{"@id":"https:\/\/alliantplans.com\/es\/#\/schema\/logo\/image\/"},"sameAs":["https:\/\/www.facebook.com\/AlliantHealthPlans\/"]}]}},"taxonomy_info":[],"featured_image_src_large":false,"author_info":{"display_name":"jobi","author_link":"https:\/\/alliantplans.com\/es\/author\/jobi\/"},"comment_info":0,"_links":{"self":[{"href":"https:\/\/alliantplans.com\/es\/wp-json\/wp\/v2\/pages\/8444","targetHints":{"allow":["GET"]}}],"collection":[{"href":"https:\/\/alliantplans.com\/es\/wp-json\/wp\/v2\/pages"}],"about":[{"href":"https:\/\/alliantplans.com\/es\/wp-json\/wp\/v2\/types\/page"}],"author":[{"embeddable":true,"href":"https:\/\/alliantplans.com\/es\/wp-json\/wp\/v2\/users\/1"}],"replies":[{"embeddable":true,"href":"https:\/\/alliantplans.com\/es\/wp-json\/wp\/v2\/comments?post=8444"}],"version-history":[{"count":1,"href":"https:\/\/alliantplans.com\/es\/wp-json\/wp\/v2\/pages\/8444\/revisions"}],"predecessor-version":[{"id":13999,"href":"https:\/\/alliantplans.com\/es\/wp-json\/wp\/v2\/pages\/8444\/revisions\/13999"}],"up":[{"embeddable":true,"href":"https:\/\/alliantplans.com\/es\/wp-json\/wp\/v2\/pages\/33"}],"wp:attachment":[{"href":"https:\/\/alliantplans.com\/es\/wp-json\/wp\/v2\/media?parent=8444"}],"curies":[{"name":"wp","href":"https:\/\/api.w.org\/{rel}","templated":true}]}}