{"id":8064,"date":"2023-10-19T15:29:36","date_gmt":"2023-10-19T19:29:36","guid":{"rendered":"https:\/\/alliantplans.com\/datos-legibles-por-maquina\/"},"modified":"2024-09-27T16:18:21","modified_gmt":"2024-09-27T20:18:21","slug":"datos-legibles-por-maquina","status":"publish","type":"page","link":"https:\/\/alliantplans.com\/es\/datos-legibles-por-maquina\/","title":{"rendered":"Datos legibles por m\u00e1quina"},"content":{"rendered":"<style>.kb-row-layout-wrap.wp-block-kadence-rowlayout.kb-row-layout-id853_85e1b7-d7{margin-top:var(--global-kb-spacing-md, 2rem);margin-bottom:var(--global-kb-spacing-md, 2rem);}.kb-row-layout-id853_85e1b7-d7 > .kt-row-column-wrap{align-content:start;}:where(.kb-row-layout-id853_85e1b7-d7 > .kt-row-column-wrap) > .wp-block-kadence-column{justify-content:start;}.kb-row-layout-id853_85e1b7-d7 > .kt-row-column-wrap{column-gap:var(--global-kb-gap-md, 2rem);row-gap:var(--global-kb-gap-md, 2rem);max-width:var( --global-content-width, 1440px );padding-left:var(--global-content-edge-padding);padding-right:var(--global-content-edge-padding);padding-top:var(--global-kb-spacing-sm, 1.5rem);padding-bottom:var(--global-kb-spacing-sm, 1.5rem);grid-template-columns:minmax(0, 1fr);}.kb-row-layout-id853_85e1b7-d7 > .kt-row-layout-overlay{opacity:0.30;}@media all and (max-width: 1024px){.kb-row-layout-id853_85e1b7-d7 > .kt-row-column-wrap{grid-template-columns:minmax(0, 1fr);}}@media all and (max-width: 767px){.kb-row-layout-id853_85e1b7-d7 > .kt-row-column-wrap{grid-template-columns:minmax(0, 1fr);}}<\/style><div class=\"kb-row-layout-wrap kb-row-layout-id853_85e1b7-d7 alignnone wp-block-kadence-rowlayout\"><div class=\"kt-row-column-wrap kt-has-1-columns kt-row-layout-equal kt-tab-layout-inherit kt-mobile-layout-row kt-row-valign-top kb-theme-content-width\">\n<style>.kadence-column853_3e7f31-0a > .kt-inside-inner-col,.kadence-column853_3e7f31-0a > .kt-inside-inner-col:before{border-top-left-radius:0px;border-top-right-radius:0px;border-bottom-right-radius:0px;border-bottom-left-radius:0px;}.kadence-column853_3e7f31-0a > .kt-inside-inner-col{column-gap:var(--global-kb-gap-sm, 1rem);}.kadence-column853_3e7f31-0a > .kt-inside-inner-col{flex-direction:column;}.kadence-column853_3e7f31-0a > .kt-inside-inner-col > .aligncenter{width:100%;}.kadence-column853_3e7f31-0a > .kt-inside-inner-col:before{opacity:0.3;}.kadence-column853_3e7f31-0a{position:relative;}@media all and (max-width: 1024px){.kadence-column853_3e7f31-0a > .kt-inside-inner-col{flex-direction:column;justify-content:center;}}@media all and (max-width: 767px){.kadence-column853_3e7f31-0a > .kt-inside-inner-col{flex-direction:column;justify-content:center;}}<\/style>\n<div class=\"wp-block-kadence-column kadence-column853_3e7f31-0a\"><div class=\"kt-inside-inner-col\"><style>.wp-block-kadence-advancedheading.kt-adv-heading853_3a2954-3a, .wp-block-kadence-advancedheading.kt-adv-heading853_3a2954-3a[data-kb-block=\"kb-adv-heading853_3a2954-3a\"]{font-style:normal;}.wp-block-kadence-advancedheading.kt-adv-heading853_3a2954-3a mark.kt-highlight, .wp-block-kadence-advancedheading.kt-adv-heading853_3a2954-3a[data-kb-block=\"kb-adv-heading853_3a2954-3a\"] mark.kt-highlight{font-style:normal;color:#f76a0c;-webkit-box-decoration-break:clone;box-decoration-break:clone;padding-top:0px;padding-right:0px;padding-bottom:0px;padding-left:0px;}.wp-block-kadence-advancedheading.kt-adv-heading853_3a2954-3a img.kb-inline-image, .wp-block-kadence-advancedheading.kt-adv-heading853_3a2954-3a[data-kb-block=\"kb-adv-heading853_3a2954-3a\"] img.kb-inline-image{width:150px;vertical-align:baseline;}<\/style>\n<h1 class=\"kt-adv-heading853_3a2954-3a wp-block-kadence-advancedheading\" data-kb-block=\"kb-adv-heading853_3a2954-3a\">Datos legibles por m\u00e1quina<\/h1>\n\n\n\n<p>Datos legibles por m\u00e1quina para el contenido de la red de proveedores y el formulario de medicamentos recetados para los planes de salud calificados (QHP) del mercado facilitado federalmente (FFM) Seg\u00fan lo requerido por la Ley de Protecci\u00f3n al Paciente y Cuidado de Salud Asequible, para los a\u00f1os del plan que comiencen a partir del 1 de enero de 2016, los emisores de planes de salud calificados (QHP) en el mercado facilitado federalmente (FFM) deben publicar informaci\u00f3n sobre sus directorios de proveedores y listas de medicamentos del formulario en su sitio web en un formato legible por m\u00e1quina. Traducci\u00f3n realizada con la versi\u00f3n gratuita del traductor DeepL.com Este requisito aumenta y mejora la transparencia para el consumidor al permitir que los desarrolladores de software accedan a datos actualizados, precisos y completos sobre el formulario y los proveedores, necesarios para crear herramientas innovadoras e informativas. De acuerdo con este requisito, los siguientes archivos est\u00e1n disponibles para su uso:<\/p>\n\n\n<style>.kb-row-layout-id853_f17534-a0 > .kt-row-column-wrap{align-content:start;}:where(.kb-row-layout-id853_f17534-a0 > .kt-row-column-wrap) > .wp-block-kadence-column{justify-content:start;}.kb-row-layout-id853_f17534-a0 > .kt-row-column-wrap{column-gap:var(--global-kb-gap-md, 2rem);row-gap:var(--global-kb-gap-md, 2rem);max-width:var( --global-content-width, 1440px );padding-left:var(--global-content-edge-padding);padding-right:var(--global-content-edge-padding);padding-top:var(--global-kb-spacing-md, 2rem);padding-right:var(--global-kb-spacing-xl, 4rem);padding-bottom:var(--global-kb-spacing-md, 2rem);padding-left:var(--global-kb-spacing-xl, 4rem);grid-template-columns:repeat(2, minmax(0, 1fr));}.kb-row-layout-id853_f17534-a0 > .kt-row-layout-overlay{opacity:0.30;}@media all and (max-width: 1024px){.kb-row-layout-id853_f17534-a0 > .kt-row-column-wrap{grid-template-columns:repeat(2, minmax(0, 1fr));}}@media all and (max-width: 767px){.kb-row-layout-id853_f17534-a0 > .kt-row-column-wrap{grid-template-columns:minmax(0, 1fr);}}<\/style><div class=\"kb-row-layout-wrap kb-row-layout-id853_f17534-a0 alignnone wp-block-kadence-rowlayout\"><div class=\"kt-row-column-wrap kt-has-2-columns kt-row-layout-equal kt-tab-layout-inherit kt-mobile-layout-row kt-row-valign-top kb-theme-content-width\">\n<style>.kadence-column853_35d374-c8 > .kt-inside-inner-col,.kadence-column853_35d374-c8 > .kt-inside-inner-col:before{border-top-left-radius:0px;border-top-right-radius:0px;border-bottom-right-radius:0px;border-bottom-left-radius:0px;}.kadence-column853_35d374-c8 > .kt-inside-inner-col{column-gap:var(--global-kb-gap-sm, 1rem);}.kadence-column853_35d374-c8 > .kt-inside-inner-col{flex-direction:column;}.kadence-column853_35d374-c8 > .kt-inside-inner-col > .aligncenter{width:100%;}.kadence-column853_35d374-c8 > .kt-inside-inner-col:before{opacity:0.3;}.kadence-column853_35d374-c8{position:relative;}@media all and (max-width: 1024px){.kadence-column853_35d374-c8 > .kt-inside-inner-col{flex-direction:column;justify-content:center;}}@media all and (max-width: 767px){.kadence-column853_35d374-c8 > .kt-inside-inner-col{flex-direction:column;justify-content:center;}}<\/style>\n<div class=\"wp-block-kadence-column kadence-column853_35d374-c8\"><div class=\"kt-inside-inner-col\"><style>.wp-block-kadence-advancedheading.kt-adv-heading853_5f5aa3-cb, .wp-block-kadence-advancedheading.kt-adv-heading853_5f5aa3-cb[data-kb-block=\"kb-adv-heading853_5f5aa3-cb\"]{text-align:left;font-size:var(--global-kb-font-size-md, 1.25rem);font-style:normal;}.wp-block-kadence-advancedheading.kt-adv-heading853_5f5aa3-cb mark.kt-highlight, .wp-block-kadence-advancedheading.kt-adv-heading853_5f5aa3-cb[data-kb-block=\"kb-adv-heading853_5f5aa3-cb\"] mark.kt-highlight{font-style:normal;color:#f76a0c;-webkit-box-decoration-break:clone;box-decoration-break:clone;padding-top:0px;padding-right:0px;padding-bottom:0px;padding-left:0px;}.wp-block-kadence-advancedheading.kt-adv-heading853_5f5aa3-cb img.kb-inline-image, .wp-block-kadence-advancedheading.kt-adv-heading853_5f5aa3-cb[data-kb-block=\"kb-adv-heading853_5f5aa3-cb\"] img.kb-inline-image{width:150px;vertical-align:baseline;}<\/style>\n<h2 class=\"kt-adv-heading853_5f5aa3-cb wp-block-kadence-advancedheading has-theme-palette-4-color has-text-color\" data-kb-block=\"kb-adv-heading853_5f5aa3-cb\">Georgia<\/h2>\n\n\n\n<ul class=\"wp-block-list has-theme-palette-3-color has-text-color has-link-color wp-elements-7d4803c3d410d32e8c40ca4d37bfe5b6\">\n<li><a href=\"https:\/\/www.alliantplans.com\/cms-data-index.json\"><u>Datos del \u00edndice<\/u><\/a><\/li>\n\n\n\n<li><a href=\"https:\/\/alliantplans.com\/json\/rx_plan_2023.json\">Datos del plan<\/a> (PY 2023)<\/li>\n\n\n\n<li><a href=\"https:\/\/alliantplans.com\/json\/rx_plan_2024.json\">Datos del plan <\/a>(PY 2024)<\/li>\n\n\n\n<li><a href=\"https:\/\/www.alliantplans.com\/json\/providers.json\"><u>Datos de proveedores m\u00e9dicos<\/u><\/a><\/li>\n\n\n\n<li><a href=\"https:\/\/magellan.adaptiverx.com\/web\/json?key=cnhmbGV4LnBsYW4uUGxhblBkZlR5cGUtODI5\"><u>Datos del formulario de prescripci\u00f3n<\/u><\/a> (PY 2023)<\/li>\n\n\n\n<li><a href=\"https:\/\/magellan.adaptiverx.com\/web\/json?key=cnhmbGV4LnBsYW4uUGxhblBkZlR5cGUtOTIz\">Datos del formulario de prescripci\u00f3n<\/a>&nbsp;(PY 2024)<\/li>\n<\/ul>\n<\/div><\/div>\n\n\n<style>.kadence-column853_6503cd-6d > .kt-inside-inner-col,.kadence-column853_6503cd-6d > .kt-inside-inner-col:before{border-top-left-radius:0px;border-top-right-radius:0px;border-bottom-right-radius:0px;border-bottom-left-radius:0px;}.kadence-column853_6503cd-6d > .kt-inside-inner-col{column-gap:var(--global-kb-gap-sm, 1rem);}.kadence-column853_6503cd-6d > .kt-inside-inner-col{flex-direction:column;}.kadence-column853_6503cd-6d > .kt-inside-inner-col > .aligncenter{width:100%;}.kadence-column853_6503cd-6d > .kt-inside-inner-col:before{opacity:0.3;}.kadence-column853_6503cd-6d{position:relative;}@media all and (max-width: 1024px){.kadence-column853_6503cd-6d > .kt-inside-inner-col{flex-direction:column;justify-content:center;}}@media all and (max-width: 767px){.kadence-column853_6503cd-6d > .kt-inside-inner-col{flex-direction:column;justify-content:center;}}<\/style>\n<div class=\"wp-block-kadence-column kadence-column853_6503cd-6d\"><div class=\"kt-inside-inner-col\"><style>.wp-block-kadence-advancedheading.kt-adv-heading853_5fc071-2b, .wp-block-kadence-advancedheading.kt-adv-heading853_5fc071-2b[data-kb-block=\"kb-adv-heading853_5fc071-2b\"]{text-align:left;font-size:var(--global-kb-font-size-md, 1.25rem);font-style:normal;}.wp-block-kadence-advancedheading.kt-adv-heading853_5fc071-2b mark.kt-highlight, .wp-block-kadence-advancedheading.kt-adv-heading853_5fc071-2b[data-kb-block=\"kb-adv-heading853_5fc071-2b\"] mark.kt-highlight{font-style:normal;color:#f76a0c;-webkit-box-decoration-break:clone;box-decoration-break:clone;padding-top:0px;padding-right:0px;padding-bottom:0px;padding-left:0px;}.wp-block-kadence-advancedheading.kt-adv-heading853_5fc071-2b img.kb-inline-image, .wp-block-kadence-advancedheading.kt-adv-heading853_5fc071-2b[data-kb-block=\"kb-adv-heading853_5fc071-2b\"] img.kb-inline-image{width:150px;vertical-align:baseline;}<\/style>\n<h2 class=\"kt-adv-heading853_5fc071-2b wp-block-kadence-advancedheading has-theme-palette-4-color has-text-color\" data-kb-block=\"kb-adv-heading853_5fc071-2b\">CMS -Tennessee<\/h2>\n\n\n\n<ul class=\"wp-block-list has-theme-palette-3-color has-text-color has-link-color wp-elements-6fdf93586357acb783eed295ca6bdda5\">\n<li><u><a href=\"https:\/\/alliantplans.com\/cms-data-index.json\" target=\"_blank\" rel=\"noreferrer noopener\">Datos del \u00edndice<\/a><\/u><\/li>\n<\/ul>\n<\/div><\/div>\n\n<\/div><\/div>\n\n\n<p>En octubre de 2020, el Gobierno Federal finaliz\u00f3 la norma de Transparencia en la Cobertura con la intenci\u00f3n de hacer que los precios de la asistencia sanitaria sean m\u00e1s accesibles y comprensibles para los consumidores. En consecuencia, Alliant Health Plans har\u00e1 p\u00fablica la informaci\u00f3n sobre precios de las tarifas dentro de la red y los importes permitidos fuera de la red a trav\u00e9s de un archivo de lectura mec\u00e1nica (MRF). Tambi\u00e9n ofreceremos una herramienta de transparencia de precios.<\/p>\n\n\n\n<p class=\"has-theme-palette-3-color has-text-color has-link-color wp-elements-9fb0c0fcc542b5e13b867693df21297a\"><a href=\"https:\/\/alliantplans.com\/es\/norma-de-transparencia-en-la-cobertura\/\" data-type=\"page\" data-id=\"2121\">Haga clic aqu\u00ed<\/a>&nbsp;para encontrar nuestros recursos para la Transparencia en la cobertura.<\/p>\n\n\n\n<ul class=\"wp-block-list has-theme-palette-3-color has-text-color has-link-color wp-elements-21ddd9456e5c294e02ebca7d56ef99e6\">\n<li><a href=\"https:\/\/alliantplans.com\/json\/pt\/latestpt.html\"><u>Transparencia de precios JSON<\/u><\/a><\/li>\n<\/ul>\n<\/div><\/div>\n\n<\/div><\/div>","protected":false},"excerpt":{"rendered":"<p>Datos legibles por m\u00e1quina Datos legibles por m\u00e1quina para el contenido de la red de proveedores y el formulario de medicamentos recetados para los planes de salud calificados (QHP) del mercado facilitado federalmente (FFM) Seg\u00fan lo requerido por la Ley de Protecci\u00f3n al Paciente y Cuidado de Salud Asequible, para los a\u00f1os del plan que&#8230;<\/p>\n","protected":false},"author":1,"featured_media":0,"parent":0,"menu_order":0,"comment_status":"closed","ping_status":"closed","template":"","meta":{"_acf_changed":false,"_kad_blocks_custom_css":"","_kad_blocks_head_custom_js":"","_kad_blocks_body_custom_js":"","_kad_blocks_footer_custom_js":"","_monsterinsights_skip_tracking":false,"_monsterinsights_sitenote_active":false,"_monsterinsights_sitenote_note":"","_monsterinsights_sitenote_category":0,"_kadence_starter_templates_imported_post":false,"_kad_post_transparent":"","_kad_post_title":"","_kad_post_layout":"","_kad_post_sidebar_id":"","_kad_post_content_style":"","_kad_post_vertical_padding":"","_kad_post_feature":"","_kad_post_feature_position":"","_kad_post_header":false,"_kad_post_footer":false,"_kad_post_classname":"","_jet_sm_ready_style":"","_jet_sm_style":"","_jet_sm_controls_values":"","_jet_sm_fonts_collection":"","_jet_sm_fonts_links":"","footnotes":""},"class_list":["post-8064","page","type-page","status-publish","hentry"],"acf":[],"yoast_head":"<!-- This site is optimized with the Yoast SEO Premium plugin v27.3 (Yoast SEO v27.3) - https:\/\/yoast.com\/product\/yoast-seo-premium-wordpress\/ -->\n<title>Datos legibles por m\u00e1quina - Alliant Health Plans<\/title>\n<meta name=\"robots\" content=\"index, follow, max-snippet:-1, max-image-preview:large, max-video-preview:-1\" \/>\n<link rel=\"canonical\" href=\"https:\/\/alliantplans.com\/es\/datos-legibles-por-maquina\/\" \/>\n<meta property=\"og:locale\" content=\"es_ES\" \/>\n<meta property=\"og:type\" content=\"article\" \/>\n<meta property=\"og:title\" content=\"Datos legibles por m\u00e1quina\" \/>\n<meta property=\"og:description\" content=\"Datos legibles por m\u00e1quina Datos legibles por m\u00e1quina para el contenido de la red de proveedores y el formulario de medicamentos recetados para los planes de salud calificados (QHP) del mercado facilitado federalmente (FFM) Seg\u00fan lo requerido por la Ley de Protecci\u00f3n al Paciente y Cuidado de Salud Asequible, para los a\u00f1os del plan que...\" \/>\n<meta property=\"og:url\" content=\"https:\/\/alliantplans.com\/es\/datos-legibles-por-maquina\/\" \/>\n<meta property=\"og:site_name\" content=\"Alliant Health Plans\" \/>\n<meta property=\"article:publisher\" content=\"https:\/\/www.facebook.com\/AlliantHealthPlans\/\" \/>\n<meta property=\"article:modified_time\" content=\"2024-09-27T20:18:21+00:00\" \/>\n<meta name=\"twitter:card\" content=\"summary_large_image\" \/>\n<meta name=\"twitter:label1\" content=\"Tiempo de lectura\" \/>\n\t<meta name=\"twitter:data1\" content=\"2 minutes\" \/>\n<script type=\"application\/ld+json\" class=\"yoast-schema-graph\">{\"@context\":\"https:\\\/\\\/schema.org\",\"@graph\":[{\"@type\":\"WebPage\",\"@id\":\"https:\\\/\\\/alliantplans.com\\\/es\\\/datos-legibles-por-maquina\\\/\",\"url\":\"https:\\\/\\\/alliantplans.com\\\/es\\\/datos-legibles-por-maquina\\\/\",\"name\":\"Datos legibles por m\u00e1quina - Alliant Health Plans\",\"isPartOf\":{\"@id\":\"https:\\\/\\\/alliantplans.com\\\/es\\\/#website\"},\"datePublished\":\"2023-10-19T19:29:36+00:00\",\"dateModified\":\"2024-09-27T20:18:21+00:00\",\"breadcrumb\":{\"@id\":\"https:\\\/\\\/alliantplans.com\\\/es\\\/datos-legibles-por-maquina\\\/#breadcrumb\"},\"inLanguage\":\"es-ES\",\"potentialAction\":[{\"@type\":\"ReadAction\",\"target\":[\"https:\\\/\\\/alliantplans.com\\\/es\\\/datos-legibles-por-maquina\\\/\"]}]},{\"@type\":\"BreadcrumbList\",\"@id\":\"https:\\\/\\\/alliantplans.com\\\/es\\\/datos-legibles-por-maquina\\\/#breadcrumb\",\"itemListElement\":[{\"@type\":\"ListItem\",\"position\":1,\"name\":\"Home\",\"item\":\"https:\\\/\\\/alliantplans.com\\\/es\\\/pagina-de-inicio\\\/\"},{\"@type\":\"ListItem\",\"position\":2,\"name\":\"Datos legibles por m\u00e1quina\"}]},{\"@type\":\"WebSite\",\"@id\":\"https:\\\/\\\/alliantplans.com\\\/es\\\/#website\",\"url\":\"https:\\\/\\\/alliantplans.com\\\/es\\\/\",\"name\":\"Alliant Health Plans\",\"description\":\"Un proveedor l\u00edder de seguros de atenci\u00f3n m\u00e9dica\\n\",\"publisher\":{\"@id\":\"https:\\\/\\\/alliantplans.com\\\/es\\\/#organization\"},\"potentialAction\":[{\"@type\":\"SearchAction\",\"target\":{\"@type\":\"EntryPoint\",\"urlTemplate\":\"https:\\\/\\\/alliantplans.com\\\/es\\\/?s={search_term_string}\"},\"query-input\":{\"@type\":\"PropertyValueSpecification\",\"valueRequired\":true,\"valueName\":\"search_term_string\"}}],\"inLanguage\":\"es-ES\"},{\"@type\":\"Organization\",\"@id\":\"https:\\\/\\\/alliantplans.com\\\/es\\\/#organization\",\"name\":\"Alliant Health Plans\",\"alternateName\":\"AHP\",\"url\":\"https:\\\/\\\/alliantplans.com\\\/es\\\/\",\"logo\":{\"@type\":\"ImageObject\",\"inLanguage\":\"es-ES\",\"@id\":\"https:\\\/\\\/alliantplans.com\\\/es\\\/#\\\/schema\\\/logo\\\/image\\\/\",\"url\":\"https:\\\/\\\/alliantplans.com\\\/wp-content\\\/uploads\\\/2024\\\/04\\\/Alliant-Health-Plans-Logo-Blue.svg\",\"contentUrl\":\"https:\\\/\\\/alliantplans.com\\\/wp-content\\\/uploads\\\/2024\\\/04\\\/Alliant-Health-Plans-Logo-Blue.svg\",\"caption\":\"Alliant Health Plans\"},\"image\":{\"@id\":\"https:\\\/\\\/alliantplans.com\\\/es\\\/#\\\/schema\\\/logo\\\/image\\\/\"},\"sameAs\":[\"https:\\\/\\\/www.facebook.com\\\/AlliantHealthPlans\\\/\"]}]}<\/script>\n<!-- \/ Yoast SEO Premium plugin. -->","yoast_head_json":{"title":"Datos legibles por m\u00e1quina - Alliant Health Plans","robots":{"index":"index","follow":"follow","max-snippet":"max-snippet:-1","max-image-preview":"max-image-preview:large","max-video-preview":"max-video-preview:-1"},"canonical":"https:\/\/alliantplans.com\/es\/datos-legibles-por-maquina\/","og_locale":"es_ES","og_type":"article","og_title":"Datos legibles por m\u00e1quina","og_description":"Datos legibles por m\u00e1quina Datos legibles por m\u00e1quina para el contenido de la red de proveedores y el formulario de medicamentos recetados para los planes de salud calificados (QHP) del mercado facilitado federalmente (FFM) Seg\u00fan lo requerido por la Ley de Protecci\u00f3n al Paciente y Cuidado de Salud Asequible, para los a\u00f1os del plan que...","og_url":"https:\/\/alliantplans.com\/es\/datos-legibles-por-maquina\/","og_site_name":"Alliant Health Plans","article_publisher":"https:\/\/www.facebook.com\/AlliantHealthPlans\/","article_modified_time":"2024-09-27T20:18:21+00:00","twitter_card":"summary_large_image","twitter_misc":{"Tiempo de lectura":"2 minutes"},"schema":{"@context":"https:\/\/schema.org","@graph":[{"@type":"WebPage","@id":"https:\/\/alliantplans.com\/es\/datos-legibles-por-maquina\/","url":"https:\/\/alliantplans.com\/es\/datos-legibles-por-maquina\/","name":"Datos legibles por m\u00e1quina - Alliant Health Plans","isPartOf":{"@id":"https:\/\/alliantplans.com\/es\/#website"},"datePublished":"2023-10-19T19:29:36+00:00","dateModified":"2024-09-27T20:18:21+00:00","breadcrumb":{"@id":"https:\/\/alliantplans.com\/es\/datos-legibles-por-maquina\/#breadcrumb"},"inLanguage":"es-ES","potentialAction":[{"@type":"ReadAction","target":["https:\/\/alliantplans.com\/es\/datos-legibles-por-maquina\/"]}]},{"@type":"BreadcrumbList","@id":"https:\/\/alliantplans.com\/es\/datos-legibles-por-maquina\/#breadcrumb","itemListElement":[{"@type":"ListItem","position":1,"name":"Home","item":"https:\/\/alliantplans.com\/es\/pagina-de-inicio\/"},{"@type":"ListItem","position":2,"name":"Datos legibles por m\u00e1quina"}]},{"@type":"WebSite","@id":"https:\/\/alliantplans.com\/es\/#website","url":"https:\/\/alliantplans.com\/es\/","name":"Alliant Health Plans","description":"Un proveedor l\u00edder de seguros de atenci\u00f3n m\u00e9dica\n","publisher":{"@id":"https:\/\/alliantplans.com\/es\/#organization"},"potentialAction":[{"@type":"SearchAction","target":{"@type":"EntryPoint","urlTemplate":"https:\/\/alliantplans.com\/es\/?s={search_term_string}"},"query-input":{"@type":"PropertyValueSpecification","valueRequired":true,"valueName":"search_term_string"}}],"inLanguage":"es-ES"},{"@type":"Organization","@id":"https:\/\/alliantplans.com\/es\/#organization","name":"Alliant Health Plans","alternateName":"AHP","url":"https:\/\/alliantplans.com\/es\/","logo":{"@type":"ImageObject","inLanguage":"es-ES","@id":"https:\/\/alliantplans.com\/es\/#\/schema\/logo\/image\/","url":"https:\/\/alliantplans.com\/wp-content\/uploads\/2024\/04\/Alliant-Health-Plans-Logo-Blue.svg","contentUrl":"https:\/\/alliantplans.com\/wp-content\/uploads\/2024\/04\/Alliant-Health-Plans-Logo-Blue.svg","caption":"Alliant Health Plans"},"image":{"@id":"https:\/\/alliantplans.com\/es\/#\/schema\/logo\/image\/"},"sameAs":["https:\/\/www.facebook.com\/AlliantHealthPlans\/"]}]}},"taxonomy_info":[],"featured_image_src_large":false,"author_info":{"display_name":"jobi","author_link":"https:\/\/alliantplans.com\/es\/author\/jobi\/"},"comment_info":0,"_links":{"self":[{"href":"https:\/\/alliantplans.com\/es\/wp-json\/wp\/v2\/pages\/8064","targetHints":{"allow":["GET"]}}],"collection":[{"href":"https:\/\/alliantplans.com\/es\/wp-json\/wp\/v2\/pages"}],"about":[{"href":"https:\/\/alliantplans.com\/es\/wp-json\/wp\/v2\/types\/page"}],"author":[{"embeddable":true,"href":"https:\/\/alliantplans.com\/es\/wp-json\/wp\/v2\/users\/1"}],"replies":[{"embeddable":true,"href":"https:\/\/alliantplans.com\/es\/wp-json\/wp\/v2\/comments?post=8064"}],"version-history":[{"count":0,"href":"https:\/\/alliantplans.com\/es\/wp-json\/wp\/v2\/pages\/8064\/revisions"}],"wp:attachment":[{"href":"https:\/\/alliantplans.com\/es\/wp-json\/wp\/v2\/media?parent=8064"}],"curies":[{"name":"wp","href":"https:\/\/api.w.org\/{rel}","templated":true}]}}