{"id":7775,"date":"2023-10-19T14:59:40","date_gmt":"2023-10-19T14:59:40","guid":{"rendered":"https:\/\/alliantplans.com\/covid-19-actualizaciones-de-los-miembros\/"},"modified":"2024-09-27T16:17:01","modified_gmt":"2024-09-27T20:17:01","slug":"covid-19-actualizaciones-de-los-miembros","status":"publish","type":"page","link":"https:\/\/alliantplans.com\/es\/covid-19-actualizaciones-de-los-miembros\/","title":{"rendered":"COVID-19 &#8211; Actualizaciones de los miembros"},"content":{"rendered":"<style>.kb-row-layout-id825_c94ddf-12 > .kt-row-column-wrap{align-content:start;}:where(.kb-row-layout-id825_c94ddf-12 > .kt-row-column-wrap) > .wp-block-kadence-column{justify-content:start;}.kb-row-layout-id825_c94ddf-12 > .kt-row-column-wrap{column-gap:var(--global-kb-gap-md, 2rem);row-gap:var(--global-kb-gap-md, 2rem);max-width:var( --global-content-width, 1440px );padding-left:var(--global-content-edge-padding);padding-right:var(--global-content-edge-padding);padding-top:var(--global-kb-spacing-sm, 1.5rem);padding-bottom:var(--global-kb-spacing-sm, 1.5rem);grid-template-columns:minmax(0, 1fr);}.kb-row-layout-id825_c94ddf-12 > .kt-row-layout-overlay{opacity:0.30;}@media all and (max-width: 1024px){.kb-row-layout-id825_c94ddf-12 > .kt-row-column-wrap{grid-template-columns:minmax(0, 1fr);}}@media all and (max-width: 767px){.kb-row-layout-id825_c94ddf-12 > .kt-row-column-wrap{grid-template-columns:minmax(0, 1fr);}}<\/style><div class=\"kb-row-layout-wrap kb-row-layout-id825_c94ddf-12 alignnone wp-block-kadence-rowlayout\"><div class=\"kt-row-column-wrap kt-has-1-columns kt-row-layout-equal kt-tab-layout-inherit kt-mobile-layout-row kt-row-valign-top kb-theme-content-width\">\n<style>.kadence-column825_5e46be-2d > .kt-inside-inner-col,.kadence-column825_5e46be-2d > .kt-inside-inner-col:before{border-top-left-radius:0px;border-top-right-radius:0px;border-bottom-right-radius:0px;border-bottom-left-radius:0px;}.kadence-column825_5e46be-2d > .kt-inside-inner-col{column-gap:var(--global-kb-gap-sm, 1rem);}.kadence-column825_5e46be-2d > .kt-inside-inner-col{flex-direction:column;}.kadence-column825_5e46be-2d > .kt-inside-inner-col > .aligncenter{width:100%;}.kadence-column825_5e46be-2d > .kt-inside-inner-col:before{opacity:0.3;}.kadence-column825_5e46be-2d{position:relative;}@media all and (max-width: 1024px){.kadence-column825_5e46be-2d > .kt-inside-inner-col{flex-direction:column;justify-content:center;}}@media all and (max-width: 767px){.kadence-column825_5e46be-2d > .kt-inside-inner-col{flex-direction:column;justify-content:center;}}<\/style>\n<div class=\"wp-block-kadence-column kadence-column825_5e46be-2d\"><div class=\"kt-inside-inner-col\">\n<h1 class=\"wp-block-heading\">Actualizaciones sobre COVID-19<\/h1>\n\n\n\n<p><em>Actualizaci\u00f3n al 16 de septiembre de 2023<\/em><em><\/em><\/p>\n\n\n\n<p><strong>Vacunas contra la gripe para la temporada de gripe 2023-2024 y la vacuna actualizada contra el Covid-19 ya est\u00e1n disponibles sin costo compartido para los miembros.<\/strong><strong><br><\/strong>Estas vacunas pueden obtenerse en una farmacia o consultorio m\u00e9dico.<\/p>\n\n\n\n<figure class=\"wp-block-table is-style-regular\"><table class=\"table-blue\"><tbody><tr><td colspan=\"2\"><strong>Formulaciones de vacunas COVID-19 de Pfizer-BioNTech y Moderna para edades de 6 meses a 11 a\u00f1os, 2023-2024.<\/strong><\/td><\/tr><tr><td><strong>NDC<\/strong><\/td><td><strong>Nombre del producto<\/strong><\/td><\/tr><tr><td>59267433101<\/td><td>PFIZER COVID 2023-24(5-11Y)EUA<\/td><\/tr><tr><td>59267433102<\/td><td>PFIZER COVID 2023-24(5-11Y)EUA<\/td><\/tr><tr><td>59267431501<\/td><td>PFIZER COVID 2023-24(6M-4Y)EUA<\/td><\/tr><tr><td>59267431502<\/td><td>PFIZER COVID 2023-24(6M-4Y)EUA<\/td><\/tr><tr><td>80777028792<\/td><td>MODERNA COVID 23-24(6M-11Y)EUA<\/td><\/tr><tr><td>80777028707<\/td><td>MODERNA COVID 23-24(6M-11Y)EUA<\/td><\/tr><\/tbody><\/table><\/figure>\n\n\n\n<figure class=\"wp-block-table\"><table><tbody><tr style=\"background-color:var(--global-palette1); color:var(--global-palette9);\"><td colspan=\"2\"><strong>2023-2024 Pfizer-BioNTech and Moderna COVID-19 vaccines for ages 12 years and older<\/strong><\/td><\/tr><tr><td><strong>NDC<\/strong><\/td><td><strong>Nombre del producto<\/strong><\/td><\/tr><tr><td>00069236201<\/td><td>COMIRNATY 2023-24(12Y UP) VIAL<\/td><\/tr><tr><td>00069236210<\/td><td>COMIRNATY 2023-24(12Y UP) VIAL<\/td><\/tr><tr><td>00069239201<\/td><td>COMIRNATY 2023-24(12Y UP) SYRG<\/td><\/tr><tr><td>00069239210<\/td><td>COMIRNATY 2023-24(12Y UP) SYRG<\/td><\/tr><tr><td>80777010201<\/td><td>SPIKEVAX 2023-24 (12Y UP) SYRG<\/td><\/tr><tr><td>80777010204<\/td><td>SPIKEVAX 2023-24 (12Y UP) VIAL<\/td><\/tr><tr><td>80777010293<\/td><td>SPIKEVAX 2023-24 (12Y UP) SYRG<\/td><\/tr><tr><td>80777010295<\/td><td>SPIKEVAX 2023-24 (12Y UP) VIAL<\/td><\/tr><tr><td>80777010296<\/td><td>SPIKEVAX 2023-24 (12Y UP) SYRG<\/td><\/tr><\/tbody><\/table><\/figure>\n\n\n\n<p><em>Update as of October 7, 2023 Novavax Covid-19 Vaccine is also available at $0 Cost share to members<\/em><\/p>\n\n\n\n<figure class=\"wp-block-table\"><table><tbody><tr style=\"background-color:var(--global-palette1); color:var(--global-palette9);\"><td colspan=\"2\"><strong>2023-2024 Novavax Covid-19 Vaccine for ages 12 and older<\/strong><\/td><\/tr><tr><td><strong>NDC<\/strong><\/td><td><strong>Nombre del producto<\/strong><\/td><\/tr><tr><td>80631010501<\/td><td>NOVAVAX COVID 2023-24 VL (EUA)<\/td><\/tr><tr><td>80631010502<\/td><td>NOVAVAX COVID 2023-24 VL (EUA)<\/td><\/tr><\/tbody><\/table><\/figure>\n\n\n\n<p><strong>La emergencia de salud p\u00fablica (PHE) CO<\/strong>VID-19 <strong>expirar\u00e1 el jueves 11 de mayo de 2023, seg\u00fan un anuncio de la Administraci\u00f3n Biden.<\/strong><br>A partir del 12 de mayo de 2023, los kits de prueba Covid-19 de venta libre (OTC) dejar\u00e1n de estar cubiertos a un coste compartido de 0 $. El 12 de mayo de 2023, los kits de prueba estar\u00e1n sujetos al precio de venta al p\u00fablico o de mercado y dejar\u00e1n de tramitarse como reclamaci\u00f3n en el marco de la prestaci\u00f3n farmac\u00e9utica. Los miembros ser\u00e1n responsables del precio completo al por menor al comprar kits de prueba de COVID-19 de venta libre.<\/p>\n\n\n\n<p><strong>Pruebas de COVID-19<\/strong><strong>:<\/strong>&nbsp;A partir del 1 de junio de 2023, las pruebas de Covid-19 y las visitas al consultorio relacionadas dejar\u00e1n de estar cubiertas a un coste compartido de 0 $. A partir del 1 de junio de 2023, las pruebas y las visitas a consultorios estar\u00e1n sujetas a los beneficios del plan del miembro, y el miembro ser\u00e1 responsable de todos los montos de costos compartidos relacionados. Las vacunas Covid-19 estar\u00e1n cubiertas por la prestaci\u00f3n preventiva del afiliado con un coste compartido de 0 $.<\/p>\n<\/div><\/div>\n\n<\/div><\/div>","protected":false},"excerpt":{"rendered":"<p>Actualizaciones sobre COVID-19 Actualizaci\u00f3n al 16 de septiembre de 2023 Vacunas contra la gripe para la temporada de gripe 2023-2024 y la vacuna actualizada contra el Covid-19 ya est\u00e1n disponibles sin costo compartido para los miembros.Estas vacunas pueden obtenerse en una farmacia o consultorio m\u00e9dico. Formulaciones de vacunas COVID-19 de Pfizer-BioNTech y Moderna para edades&#8230;<\/p>\n","protected":false},"author":1,"featured_media":0,"parent":0,"menu_order":0,"comment_status":"closed","ping_status":"closed","template":"","meta":{"_acf_changed":false,"_kad_blocks_custom_css":"","_kad_blocks_head_custom_js":"","_kad_blocks_body_custom_js":"","_kad_blocks_footer_custom_js":"","_monsterinsights_skip_tracking":false,"_monsterinsights_sitenote_active":false,"_monsterinsights_sitenote_note":"","_monsterinsights_sitenote_category":0,"_kadence_starter_templates_imported_post":false,"_kad_post_transparent":"","_kad_post_title":"","_kad_post_layout":"","_kad_post_sidebar_id":"","_kad_post_content_style":"","_kad_post_vertical_padding":"","_kad_post_feature":"","_kad_post_feature_position":"","_kad_post_header":false,"_kad_post_footer":false,"_kad_post_classname":"","_jet_sm_ready_style":"","_jet_sm_style":"","_jet_sm_controls_values":"","_jet_sm_fonts_collection":"","_jet_sm_fonts_links":"","footnotes":""},"class_list":["post-7775","page","type-page","status-publish","hentry"],"acf":[],"yoast_head":"<!-- This site is optimized with the Yoast SEO Premium plugin v27.3 (Yoast SEO v27.3) - https:\/\/yoast.com\/product\/yoast-seo-premium-wordpress\/ -->\n<title>COVID-19 - Actualizaciones de los miembros - Alliant Health Plans<\/title>\n<meta name=\"robots\" content=\"index, follow, max-snippet:-1, max-image-preview:large, max-video-preview:-1\" \/>\n<link rel=\"canonical\" href=\"https:\/\/alliantplans.com\/es\/covid-19-actualizaciones-de-los-miembros\/\" \/>\n<meta property=\"og:locale\" content=\"es_ES\" \/>\n<meta property=\"og:type\" content=\"article\" \/>\n<meta property=\"og:title\" content=\"COVID-19 - Actualizaciones de los miembros\" \/>\n<meta property=\"og:description\" content=\"Actualizaciones sobre COVID-19 Actualizaci\u00f3n al 16 de septiembre de 2023 Vacunas contra la gripe para la temporada de gripe 2023-2024 y la vacuna actualizada contra el Covid-19 ya est\u00e1n disponibles sin costo compartido para los miembros.Estas vacunas pueden obtenerse en una farmacia o consultorio m\u00e9dico. Formulaciones de vacunas COVID-19 de Pfizer-BioNTech y Moderna para edades...\" \/>\n<meta property=\"og:url\" content=\"https:\/\/alliantplans.com\/es\/covid-19-actualizaciones-de-los-miembros\/\" \/>\n<meta property=\"og:site_name\" content=\"Alliant Health Plans\" \/>\n<meta property=\"article:publisher\" content=\"https:\/\/www.facebook.com\/AlliantHealthPlans\/\" \/>\n<meta property=\"article:modified_time\" content=\"2024-09-27T20:17:01+00:00\" \/>\n<meta name=\"twitter:card\" content=\"summary_large_image\" \/>\n<meta name=\"twitter:label1\" content=\"Tiempo de lectura\" \/>\n\t<meta name=\"twitter:data1\" content=\"2 minutes\" \/>\n<script type=\"application\/ld+json\" class=\"yoast-schema-graph\">{\"@context\":\"https:\\\/\\\/schema.org\",\"@graph\":[{\"@type\":\"WebPage\",\"@id\":\"https:\\\/\\\/alliantplans.com\\\/es\\\/covid-19-actualizaciones-de-los-miembros\\\/\",\"url\":\"https:\\\/\\\/alliantplans.com\\\/es\\\/covid-19-actualizaciones-de-los-miembros\\\/\",\"name\":\"COVID-19 - Actualizaciones de los miembros - Alliant Health Plans\",\"isPartOf\":{\"@id\":\"https:\\\/\\\/alliantplans.com\\\/es\\\/#website\"},\"datePublished\":\"2023-10-19T14:59:40+00:00\",\"dateModified\":\"2024-09-27T20:17:01+00:00\",\"breadcrumb\":{\"@id\":\"https:\\\/\\\/alliantplans.com\\\/es\\\/covid-19-actualizaciones-de-los-miembros\\\/#breadcrumb\"},\"inLanguage\":\"es-ES\",\"potentialAction\":[{\"@type\":\"ReadAction\",\"target\":[\"https:\\\/\\\/alliantplans.com\\\/es\\\/covid-19-actualizaciones-de-los-miembros\\\/\"]}]},{\"@type\":\"BreadcrumbList\",\"@id\":\"https:\\\/\\\/alliantplans.com\\\/es\\\/covid-19-actualizaciones-de-los-miembros\\\/#breadcrumb\",\"itemListElement\":[{\"@type\":\"ListItem\",\"position\":1,\"name\":\"Home\",\"item\":\"https:\\\/\\\/alliantplans.com\\\/es\\\/pagina-de-inicio\\\/\"},{\"@type\":\"ListItem\",\"position\":2,\"name\":\"COVID-19 &#8211; Actualizaciones de los miembros\"}]},{\"@type\":\"WebSite\",\"@id\":\"https:\\\/\\\/alliantplans.com\\\/es\\\/#website\",\"url\":\"https:\\\/\\\/alliantplans.com\\\/es\\\/\",\"name\":\"Alliant Health Plans\",\"description\":\"Un proveedor l\u00edder de seguros de atenci\u00f3n m\u00e9dica\\n\",\"publisher\":{\"@id\":\"https:\\\/\\\/alliantplans.com\\\/es\\\/#organization\"},\"potentialAction\":[{\"@type\":\"SearchAction\",\"target\":{\"@type\":\"EntryPoint\",\"urlTemplate\":\"https:\\\/\\\/alliantplans.com\\\/es\\\/?s={search_term_string}\"},\"query-input\":{\"@type\":\"PropertyValueSpecification\",\"valueRequired\":true,\"valueName\":\"search_term_string\"}}],\"inLanguage\":\"es-ES\"},{\"@type\":\"Organization\",\"@id\":\"https:\\\/\\\/alliantplans.com\\\/es\\\/#organization\",\"name\":\"Alliant Health Plans\",\"alternateName\":\"AHP\",\"url\":\"https:\\\/\\\/alliantplans.com\\\/es\\\/\",\"logo\":{\"@type\":\"ImageObject\",\"inLanguage\":\"es-ES\",\"@id\":\"https:\\\/\\\/alliantplans.com\\\/es\\\/#\\\/schema\\\/logo\\\/image\\\/\",\"url\":\"https:\\\/\\\/alliantplans.com\\\/wp-content\\\/uploads\\\/2024\\\/04\\\/Alliant-Health-Plans-Logo-Blue.svg\",\"contentUrl\":\"https:\\\/\\\/alliantplans.com\\\/wp-content\\\/uploads\\\/2024\\\/04\\\/Alliant-Health-Plans-Logo-Blue.svg\",\"caption\":\"Alliant Health Plans\"},\"image\":{\"@id\":\"https:\\\/\\\/alliantplans.com\\\/es\\\/#\\\/schema\\\/logo\\\/image\\\/\"},\"sameAs\":[\"https:\\\/\\\/www.facebook.com\\\/AlliantHealthPlans\\\/\"]}]}<\/script>\n<!-- \/ Yoast SEO Premium plugin. -->","yoast_head_json":{"title":"COVID-19 - Actualizaciones de los miembros - Alliant Health Plans","robots":{"index":"index","follow":"follow","max-snippet":"max-snippet:-1","max-image-preview":"max-image-preview:large","max-video-preview":"max-video-preview:-1"},"canonical":"https:\/\/alliantplans.com\/es\/covid-19-actualizaciones-de-los-miembros\/","og_locale":"es_ES","og_type":"article","og_title":"COVID-19 - Actualizaciones de los miembros","og_description":"Actualizaciones sobre COVID-19 Actualizaci\u00f3n al 16 de septiembre de 2023 Vacunas contra la gripe para la temporada de gripe 2023-2024 y la vacuna actualizada contra el Covid-19 ya est\u00e1n disponibles sin costo compartido para los miembros.Estas vacunas pueden obtenerse en una farmacia o consultorio m\u00e9dico. Formulaciones de vacunas COVID-19 de Pfizer-BioNTech y Moderna para edades...","og_url":"https:\/\/alliantplans.com\/es\/covid-19-actualizaciones-de-los-miembros\/","og_site_name":"Alliant Health Plans","article_publisher":"https:\/\/www.facebook.com\/AlliantHealthPlans\/","article_modified_time":"2024-09-27T20:17:01+00:00","twitter_card":"summary_large_image","twitter_misc":{"Tiempo de lectura":"2 minutes"},"schema":{"@context":"https:\/\/schema.org","@graph":[{"@type":"WebPage","@id":"https:\/\/alliantplans.com\/es\/covid-19-actualizaciones-de-los-miembros\/","url":"https:\/\/alliantplans.com\/es\/covid-19-actualizaciones-de-los-miembros\/","name":"COVID-19 - Actualizaciones de los miembros - Alliant Health Plans","isPartOf":{"@id":"https:\/\/alliantplans.com\/es\/#website"},"datePublished":"2023-10-19T14:59:40+00:00","dateModified":"2024-09-27T20:17:01+00:00","breadcrumb":{"@id":"https:\/\/alliantplans.com\/es\/covid-19-actualizaciones-de-los-miembros\/#breadcrumb"},"inLanguage":"es-ES","potentialAction":[{"@type":"ReadAction","target":["https:\/\/alliantplans.com\/es\/covid-19-actualizaciones-de-los-miembros\/"]}]},{"@type":"BreadcrumbList","@id":"https:\/\/alliantplans.com\/es\/covid-19-actualizaciones-de-los-miembros\/#breadcrumb","itemListElement":[{"@type":"ListItem","position":1,"name":"Home","item":"https:\/\/alliantplans.com\/es\/pagina-de-inicio\/"},{"@type":"ListItem","position":2,"name":"COVID-19 &#8211; Actualizaciones de los miembros"}]},{"@type":"WebSite","@id":"https:\/\/alliantplans.com\/es\/#website","url":"https:\/\/alliantplans.com\/es\/","name":"Alliant Health Plans","description":"Un proveedor l\u00edder de seguros de atenci\u00f3n m\u00e9dica\n","publisher":{"@id":"https:\/\/alliantplans.com\/es\/#organization"},"potentialAction":[{"@type":"SearchAction","target":{"@type":"EntryPoint","urlTemplate":"https:\/\/alliantplans.com\/es\/?s={search_term_string}"},"query-input":{"@type":"PropertyValueSpecification","valueRequired":true,"valueName":"search_term_string"}}],"inLanguage":"es-ES"},{"@type":"Organization","@id":"https:\/\/alliantplans.com\/es\/#organization","name":"Alliant Health Plans","alternateName":"AHP","url":"https:\/\/alliantplans.com\/es\/","logo":{"@type":"ImageObject","inLanguage":"es-ES","@id":"https:\/\/alliantplans.com\/es\/#\/schema\/logo\/image\/","url":"https:\/\/alliantplans.com\/wp-content\/uploads\/2024\/04\/Alliant-Health-Plans-Logo-Blue.svg","contentUrl":"https:\/\/alliantplans.com\/wp-content\/uploads\/2024\/04\/Alliant-Health-Plans-Logo-Blue.svg","caption":"Alliant Health Plans"},"image":{"@id":"https:\/\/alliantplans.com\/es\/#\/schema\/logo\/image\/"},"sameAs":["https:\/\/www.facebook.com\/AlliantHealthPlans\/"]}]}},"taxonomy_info":[],"featured_image_src_large":false,"author_info":{"display_name":"jobi","author_link":"https:\/\/alliantplans.com\/es\/author\/jobi\/"},"comment_info":0,"_links":{"self":[{"href":"https:\/\/alliantplans.com\/es\/wp-json\/wp\/v2\/pages\/7775","targetHints":{"allow":["GET"]}}],"collection":[{"href":"https:\/\/alliantplans.com\/es\/wp-json\/wp\/v2\/pages"}],"about":[{"href":"https:\/\/alliantplans.com\/es\/wp-json\/wp\/v2\/types\/page"}],"author":[{"embeddable":true,"href":"https:\/\/alliantplans.com\/es\/wp-json\/wp\/v2\/users\/1"}],"replies":[{"embeddable":true,"href":"https:\/\/alliantplans.com\/es\/wp-json\/wp\/v2\/comments?post=7775"}],"version-history":[{"count":0,"href":"https:\/\/alliantplans.com\/es\/wp-json\/wp\/v2\/pages\/7775\/revisions"}],"wp:attachment":[{"href":"https:\/\/alliantplans.com\/es\/wp-json\/wp\/v2\/media?parent=7775"}],"curies":[{"name":"wp","href":"https:\/\/api.w.org\/{rel}","templated":true}]}}