{"id":7759,"date":"2023-10-17T20:59:30","date_gmt":"2023-10-17T20:59:30","guid":{"rendered":"https:\/\/alliantplans.com\/accesibilidad\/"},"modified":"2024-09-27T16:17:01","modified_gmt":"2024-09-27T20:17:01","slug":"accesibilidad","status":"publish","type":"page","link":"https:\/\/alliantplans.com\/es\/accesibilidad\/","title":{"rendered":"Accesibilidad"},"content":{"rendered":"<style>.kb-row-layout-id736_b3e9f0-de > .kt-row-column-wrap{align-content:start;}:where(.kb-row-layout-id736_b3e9f0-de > .kt-row-column-wrap) > .wp-block-kadence-column{justify-content:start;}.kb-row-layout-id736_b3e9f0-de > .kt-row-column-wrap{column-gap:var(--global-kb-gap-md, 2rem);row-gap:var(--global-kb-gap-md, 2rem);max-width:var( --global-content-width, 1440px );padding-left:var(--global-content-edge-padding);padding-right:var(--global-content-edge-padding);padding-top:var(--global-kb-spacing-sm, 1.5rem);padding-bottom:var(--global-kb-spacing-sm, 1.5rem);grid-template-columns:minmax(0, 1fr);}.kb-row-layout-id736_b3e9f0-de > .kt-row-layout-overlay{opacity:0.30;}@media all and (max-width: 1024px){.kb-row-layout-id736_b3e9f0-de > .kt-row-column-wrap{grid-template-columns:minmax(0, 1fr);}}@media all and (max-width: 767px){.kb-row-layout-id736_b3e9f0-de > .kt-row-column-wrap{grid-template-columns:minmax(0, 1fr);}}<\/style><div class=\"kb-row-layout-wrap kb-row-layout-id736_b3e9f0-de alignnone wp-block-kadence-rowlayout\"><div class=\"kt-row-column-wrap kt-has-1-columns kt-row-layout-equal kt-tab-layout-inherit kt-mobile-layout-row kt-row-valign-top kb-theme-content-width\">\n<style>.kadence-column736_42f605-c2 > .kt-inside-inner-col,.kadence-column736_42f605-c2 > .kt-inside-inner-col:before{border-top-left-radius:0px;border-top-right-radius:0px;border-bottom-right-radius:0px;border-bottom-left-radius:0px;}.kadence-column736_42f605-c2 > .kt-inside-inner-col{column-gap:var(--global-kb-gap-sm, 1rem);}.kadence-column736_42f605-c2 > .kt-inside-inner-col{flex-direction:column;}.kadence-column736_42f605-c2 > .kt-inside-inner-col > .aligncenter{width:100%;}.kadence-column736_42f605-c2 > .kt-inside-inner-col:before{opacity:0.3;}.kadence-column736_42f605-c2{position:relative;}@media all and (max-width: 1024px){.kadence-column736_42f605-c2 > .kt-inside-inner-col{flex-direction:column;justify-content:center;}}@media all and (max-width: 767px){.kadence-column736_42f605-c2 > .kt-inside-inner-col{flex-direction:column;justify-content:center;}}<\/style>\n<div class=\"wp-block-kadence-column kadence-column736_42f605-c2\"><div class=\"kt-inside-inner-col\"><style>.wp-block-kadence-advancedheading.kt-adv-heading736_3095b2-54, .wp-block-kadence-advancedheading.kt-adv-heading736_3095b2-54[data-kb-block=\"kb-adv-heading736_3095b2-54\"]{font-style:normal;}.wp-block-kadence-advancedheading.kt-adv-heading736_3095b2-54 mark.kt-highlight, .wp-block-kadence-advancedheading.kt-adv-heading736_3095b2-54[data-kb-block=\"kb-adv-heading736_3095b2-54\"] mark.kt-highlight{font-style:normal;color:#f76a0c;-webkit-box-decoration-break:clone;box-decoration-break:clone;padding-top:0px;padding-right:0px;padding-bottom:0px;padding-left:0px;}.wp-block-kadence-advancedheading.kt-adv-heading736_3095b2-54 img.kb-inline-image, .wp-block-kadence-advancedheading.kt-adv-heading736_3095b2-54[data-kb-block=\"kb-adv-heading736_3095b2-54\"] img.kb-inline-image{width:150px;vertical-align:baseline;}<\/style>\n<h1 class=\"kt-adv-heading736_3095b2-54 wp-block-kadence-advancedheading\" data-kb-block=\"kb-adv-heading736_3095b2-54\">Pol\u00edtica de accesibilidad del sitio web de Alliant<\/h1>\n\n\n\n<p>Health One Alliance LLC., una sociedad de responsabilidad limitada de Georgia (HOA) y sus filiales, incluida Alliant Health Plans, Inc. se comprometen a mejorar continuamente la accesibilidad de sus sitios web y de su documentaci\u00f3n y comunicaci\u00f3n electr\u00f3nicas. En cumplimiento de la Ley de Estadounidenses con Discapacidades (ADA, por sus siglas en ingl\u00e9s), he aqu\u00ed c\u00f3mo HOA garantiza un acceso f\u00e1cil, independientemente de la discapacidad:  &nbsp;&nbsp;<\/p>\n\n\n\n<ul class=\"wp-block-list\">\n<li>Hemos le\u00eddo la documentaci\u00f3n sobre la ley<\/li>\n\n\n\n<li>Los archivos multimedia y los mapas tienen una etiqueta &#8220;alt<\/li>\n\n\n\n<li>Los formularios en l\u00ednea tienen etiquetas html descriptivas<\/li>\n\n\n\n<li>Los hiperv\u00ednculos tienen un texto de anclaje descriptivo<\/li>\n\n\n\n<li>Las p\u00e1ginas de nuestro sitio web tienen enlaces para &#8220;saltar la navegaci\u00f3n<\/li>\n\n\n\n<li>El contenido del texto est\u00e1 estructurado mediante etiquetas de encabezamiento adecuadas<\/li>\n\n\n\n<li>Los archivos PDF son accesibles<\/li>\n\n\n\n<li>los v\u00eddeos tienen subt\u00edtulos, transcripciones y audiodescripci\u00f3n<\/li>\n\n\n\n<li>El contraste de color de nuestras p\u00e1ginas web es suficiente seg\u00fan las Pautas de Accesibilidad al Contenido en la Web (WCAG)<\/li>\n\n\n\n<li>Las fuentes son accesibles<\/li>\n\n\n\n<li>Las tablas HTML se rellenan con encabezados de columna, identificadores de fila e informaci\u00f3n de celda<\/li>\n\n\n\n<li>Los archivos de audio de nuestro sitio web tienen un pie de foto escrito<\/li>\n\n\n\n<li>Los botones de llamada a la acci\u00f3n de nuestro sitio web tienen un nombre accesible y una etiqueta ARIA<\/li>\n\n\n\n<li>Nuestro sitio web es accesible con navegaci\u00f3n por teclado<\/li>\n\n\n\n<li>Disponemos de una p\u00e1gina de pol\u00edtica de accesibilidad del sitio web<\/li>\n\n\n\n<li>Disponemos de informaci\u00f3n de contacto f\u00e1cilmente localizable para que los usuarios puedan solicitar informaci\u00f3n sobre accesibilidad<\/li>\n\n\n\n<li>Hemos comprobado la accesibilidad de nuestro sitio web de acuerdo con las Pautas de Accesibilidad al Contenido en el Sitio Web (WCAG)<\/li>\n\n\n\n<li>Hemos automatizado la comprobaci\u00f3n de la accesibilidad de nuestro sitio web para evitar pasar por alto un problema de accesibilidad cr\u00edtico<\/li>\n<\/ul>\n\n\n<style>.wp-block-kadence-advancedheading.kt-adv-heading736_b6b9ab-22, .wp-block-kadence-advancedheading.kt-adv-heading736_b6b9ab-22[data-kb-block=\"kb-adv-heading736_b6b9ab-22\"]{font-style:normal;}.wp-block-kadence-advancedheading.kt-adv-heading736_b6b9ab-22 mark.kt-highlight, .wp-block-kadence-advancedheading.kt-adv-heading736_b6b9ab-22[data-kb-block=\"kb-adv-heading736_b6b9ab-22\"] mark.kt-highlight{font-style:normal;color:#f76a0c;-webkit-box-decoration-break:clone;box-decoration-break:clone;padding-top:0px;padding-right:0px;padding-bottom:0px;padding-left:0px;}.wp-block-kadence-advancedheading.kt-adv-heading736_b6b9ab-22 img.kb-inline-image, .wp-block-kadence-advancedheading.kt-adv-heading736_b6b9ab-22[data-kb-block=\"kb-adv-heading736_b6b9ab-22\"] img.kb-inline-image{width:150px;vertical-align:baseline;}<\/style>\n<h2 class=\"kt-adv-heading736_b6b9ab-22 wp-block-kadence-advancedheading\" data-kb-block=\"kb-adv-heading736_b6b9ab-22\">Contacte con nuestro equipo de Atenci\u00f3n al Cliente<\/h2>\n\n\n\n<p>El compromiso de HOA con la accesibilidad se extiende a todos los usuarios. Si tiene alguna pregunta, p\u00f3ngase en contacto con nuestro equipo de Atenci\u00f3n al Cliente llamando al <a href=\"tel:8664032785\">(866) 403-2785<\/a> o a trav\u00e9s de nuestro <a href=\"https:\/\/alliantplans.com\/contact-form\/\" data-type=\"page\" data-id=\"1283\">formulario de contacto de Atenci\u00f3n al Cliente<\/a>.<\/p>\n\n\n<style>.wp-block-kadence-advancedheading.kt-adv-heading736_a80e55-8e, .wp-block-kadence-advancedheading.kt-adv-heading736_a80e55-8e[data-kb-block=\"kb-adv-heading736_a80e55-8e\"]{font-style:normal;}.wp-block-kadence-advancedheading.kt-adv-heading736_a80e55-8e mark.kt-highlight, .wp-block-kadence-advancedheading.kt-adv-heading736_a80e55-8e[data-kb-block=\"kb-adv-heading736_a80e55-8e\"] mark.kt-highlight{font-style:normal;color:#f76a0c;-webkit-box-decoration-break:clone;box-decoration-break:clone;padding-top:0px;padding-right:0px;padding-bottom:0px;padding-left:0px;}.wp-block-kadence-advancedheading.kt-adv-heading736_a80e55-8e img.kb-inline-image, .wp-block-kadence-advancedheading.kt-adv-heading736_a80e55-8e[data-kb-block=\"kb-adv-heading736_a80e55-8e\"] img.kb-inline-image{width:150px;vertical-align:baseline;}<\/style>\n<h2 class=\"kt-adv-heading736_a80e55-8e wp-block-kadence-advancedheading\" data-kb-block=\"kb-adv-heading736_a80e55-8e\">M\u00e1s informaci\u00f3n<\/h2>\n\n\n\n<p>Para m\u00e1s informaci\u00f3n sobre las normas de accesibilidad seg\u00fan la ADA, visite la<a href=\"https:\/\/www.ada.gov\/pcatoolkit\/chap5toolkit.htm\">p\u00e1gina web<\/a>&nbsp;<a href=\"https:\/\/www.ada.gov\/pcatoolkit\/chap5toolkit.htm\"> ADA<\/a><a href=\"https:\/\/www.ada.gov\/pcatoolkit\/chap5toolkit.htm\">T\u00edtulo II.<\/a><\/p>\n<\/div><\/div>\n\n<\/div><\/div>","protected":false},"excerpt":{"rendered":"<p>Pol\u00edtica de accesibilidad del sitio web de Alliant Health One Alliance LLC., una sociedad de responsabilidad limitada de Georgia (HOA) y sus filiales, incluida Alliant Health Plans, Inc. se comprometen a mejorar continuamente la accesibilidad de sus sitios web y de su documentaci\u00f3n y comunicaci\u00f3n electr\u00f3nicas. En cumplimiento de la Ley de Estadounidenses con Discapacidades&#8230;<\/p>\n","protected":false},"author":1,"featured_media":0,"parent":0,"menu_order":0,"comment_status":"closed","ping_status":"closed","template":"","meta":{"_acf_changed":false,"_kad_blocks_custom_css":"","_kad_blocks_head_custom_js":"","_kad_blocks_body_custom_js":"","_kad_blocks_footer_custom_js":"","_monsterinsights_skip_tracking":false,"_monsterinsights_sitenote_active":false,"_monsterinsights_sitenote_note":"","_monsterinsights_sitenote_category":0,"_kadence_starter_templates_imported_post":false,"_kad_post_transparent":"","_kad_post_title":"","_kad_post_layout":"","_kad_post_sidebar_id":"","_kad_post_content_style":"","_kad_post_vertical_padding":"","_kad_post_feature":"","_kad_post_feature_position":"","_kad_post_header":false,"_kad_post_footer":false,"_kad_post_classname":"","_jet_sm_ready_style":"","_jet_sm_style":"","_jet_sm_controls_values":"","_jet_sm_fonts_collection":"","_jet_sm_fonts_links":"","footnotes":""},"class_list":["post-7759","page","type-page","status-publish","hentry"],"acf":[],"yoast_head":"<!-- This site is optimized with the Yoast SEO Premium plugin v27.3 (Yoast SEO v27.3) - https:\/\/yoast.com\/product\/yoast-seo-premium-wordpress\/ -->\n<title>Accesibilidad - Alliant Health Plans<\/title>\n<meta name=\"robots\" content=\"index, follow, max-snippet:-1, max-image-preview:large, max-video-preview:-1\" \/>\n<link rel=\"canonical\" href=\"https:\/\/alliantplans.com\/es\/accesibilidad\/\" \/>\n<meta property=\"og:locale\" content=\"es_ES\" \/>\n<meta property=\"og:type\" content=\"article\" \/>\n<meta property=\"og:title\" content=\"Accesibilidad\" \/>\n<meta property=\"og:description\" content=\"Pol\u00edtica de accesibilidad del sitio web de Alliant Health One Alliance LLC., una sociedad de responsabilidad limitada de Georgia (HOA) y sus filiales, incluida Alliant Health Plans, Inc. se comprometen a mejorar continuamente la accesibilidad de sus sitios web y de su documentaci\u00f3n y comunicaci\u00f3n electr\u00f3nicas. En cumplimiento de la Ley de Estadounidenses con Discapacidades...\" \/>\n<meta property=\"og:url\" content=\"https:\/\/alliantplans.com\/es\/accesibilidad\/\" \/>\n<meta property=\"og:site_name\" content=\"Alliant Health Plans\" \/>\n<meta property=\"article:publisher\" content=\"https:\/\/www.facebook.com\/AlliantHealthPlans\/\" \/>\n<meta property=\"article:modified_time\" content=\"2024-09-27T20:17:01+00:00\" \/>\n<meta name=\"twitter:card\" content=\"summary_large_image\" \/>\n<meta name=\"twitter:label1\" content=\"Tiempo de lectura\" \/>\n\t<meta name=\"twitter:data1\" content=\"2 minutes\" \/>\n<script type=\"application\/ld+json\" class=\"yoast-schema-graph\">{\"@context\":\"https:\\\/\\\/schema.org\",\"@graph\":[{\"@type\":\"WebPage\",\"@id\":\"https:\\\/\\\/alliantplans.com\\\/es\\\/accesibilidad\\\/\",\"url\":\"https:\\\/\\\/alliantplans.com\\\/es\\\/accesibilidad\\\/\",\"name\":\"Accesibilidad - Alliant Health Plans\",\"isPartOf\":{\"@id\":\"https:\\\/\\\/alliantplans.com\\\/es\\\/#website\"},\"datePublished\":\"2023-10-17T20:59:30+00:00\",\"dateModified\":\"2024-09-27T20:17:01+00:00\",\"breadcrumb\":{\"@id\":\"https:\\\/\\\/alliantplans.com\\\/es\\\/accesibilidad\\\/#breadcrumb\"},\"inLanguage\":\"es-ES\",\"potentialAction\":[{\"@type\":\"ReadAction\",\"target\":[\"https:\\\/\\\/alliantplans.com\\\/es\\\/accesibilidad\\\/\"]}]},{\"@type\":\"BreadcrumbList\",\"@id\":\"https:\\\/\\\/alliantplans.com\\\/es\\\/accesibilidad\\\/#breadcrumb\",\"itemListElement\":[{\"@type\":\"ListItem\",\"position\":1,\"name\":\"Home\",\"item\":\"https:\\\/\\\/alliantplans.com\\\/es\\\/pagina-de-inicio\\\/\"},{\"@type\":\"ListItem\",\"position\":2,\"name\":\"Accesibilidad\"}]},{\"@type\":\"WebSite\",\"@id\":\"https:\\\/\\\/alliantplans.com\\\/es\\\/#website\",\"url\":\"https:\\\/\\\/alliantplans.com\\\/es\\\/\",\"name\":\"Alliant Health Plans\",\"description\":\"Un proveedor l\u00edder de seguros de atenci\u00f3n m\u00e9dica\\n\",\"publisher\":{\"@id\":\"https:\\\/\\\/alliantplans.com\\\/es\\\/#organization\"},\"potentialAction\":[{\"@type\":\"SearchAction\",\"target\":{\"@type\":\"EntryPoint\",\"urlTemplate\":\"https:\\\/\\\/alliantplans.com\\\/es\\\/?s={search_term_string}\"},\"query-input\":{\"@type\":\"PropertyValueSpecification\",\"valueRequired\":true,\"valueName\":\"search_term_string\"}}],\"inLanguage\":\"es-ES\"},{\"@type\":\"Organization\",\"@id\":\"https:\\\/\\\/alliantplans.com\\\/es\\\/#organization\",\"name\":\"Alliant Health Plans\",\"alternateName\":\"AHP\",\"url\":\"https:\\\/\\\/alliantplans.com\\\/es\\\/\",\"logo\":{\"@type\":\"ImageObject\",\"inLanguage\":\"es-ES\",\"@id\":\"https:\\\/\\\/alliantplans.com\\\/es\\\/#\\\/schema\\\/logo\\\/image\\\/\",\"url\":\"https:\\\/\\\/alliantplans.com\\\/wp-content\\\/uploads\\\/2024\\\/04\\\/Alliant-Health-Plans-Logo-Blue.svg\",\"contentUrl\":\"https:\\\/\\\/alliantplans.com\\\/wp-content\\\/uploads\\\/2024\\\/04\\\/Alliant-Health-Plans-Logo-Blue.svg\",\"caption\":\"Alliant Health Plans\"},\"image\":{\"@id\":\"https:\\\/\\\/alliantplans.com\\\/es\\\/#\\\/schema\\\/logo\\\/image\\\/\"},\"sameAs\":[\"https:\\\/\\\/www.facebook.com\\\/AlliantHealthPlans\\\/\"]}]}<\/script>\n<!-- \/ Yoast SEO Premium plugin. -->","yoast_head_json":{"title":"Accesibilidad - Alliant Health Plans","robots":{"index":"index","follow":"follow","max-snippet":"max-snippet:-1","max-image-preview":"max-image-preview:large","max-video-preview":"max-video-preview:-1"},"canonical":"https:\/\/alliantplans.com\/es\/accesibilidad\/","og_locale":"es_ES","og_type":"article","og_title":"Accesibilidad","og_description":"Pol\u00edtica de accesibilidad del sitio web de Alliant Health One Alliance LLC., una sociedad de responsabilidad limitada de Georgia (HOA) y sus filiales, incluida Alliant Health Plans, Inc. se comprometen a mejorar continuamente la accesibilidad de sus sitios web y de su documentaci\u00f3n y comunicaci\u00f3n electr\u00f3nicas. En cumplimiento de la Ley de Estadounidenses con Discapacidades...","og_url":"https:\/\/alliantplans.com\/es\/accesibilidad\/","og_site_name":"Alliant Health Plans","article_publisher":"https:\/\/www.facebook.com\/AlliantHealthPlans\/","article_modified_time":"2024-09-27T20:17:01+00:00","twitter_card":"summary_large_image","twitter_misc":{"Tiempo de lectura":"2 minutes"},"schema":{"@context":"https:\/\/schema.org","@graph":[{"@type":"WebPage","@id":"https:\/\/alliantplans.com\/es\/accesibilidad\/","url":"https:\/\/alliantplans.com\/es\/accesibilidad\/","name":"Accesibilidad - Alliant Health Plans","isPartOf":{"@id":"https:\/\/alliantplans.com\/es\/#website"},"datePublished":"2023-10-17T20:59:30+00:00","dateModified":"2024-09-27T20:17:01+00:00","breadcrumb":{"@id":"https:\/\/alliantplans.com\/es\/accesibilidad\/#breadcrumb"},"inLanguage":"es-ES","potentialAction":[{"@type":"ReadAction","target":["https:\/\/alliantplans.com\/es\/accesibilidad\/"]}]},{"@type":"BreadcrumbList","@id":"https:\/\/alliantplans.com\/es\/accesibilidad\/#breadcrumb","itemListElement":[{"@type":"ListItem","position":1,"name":"Home","item":"https:\/\/alliantplans.com\/es\/pagina-de-inicio\/"},{"@type":"ListItem","position":2,"name":"Accesibilidad"}]},{"@type":"WebSite","@id":"https:\/\/alliantplans.com\/es\/#website","url":"https:\/\/alliantplans.com\/es\/","name":"Alliant Health Plans","description":"Un proveedor l\u00edder de seguros de atenci\u00f3n m\u00e9dica\n","publisher":{"@id":"https:\/\/alliantplans.com\/es\/#organization"},"potentialAction":[{"@type":"SearchAction","target":{"@type":"EntryPoint","urlTemplate":"https:\/\/alliantplans.com\/es\/?s={search_term_string}"},"query-input":{"@type":"PropertyValueSpecification","valueRequired":true,"valueName":"search_term_string"}}],"inLanguage":"es-ES"},{"@type":"Organization","@id":"https:\/\/alliantplans.com\/es\/#organization","name":"Alliant Health Plans","alternateName":"AHP","url":"https:\/\/alliantplans.com\/es\/","logo":{"@type":"ImageObject","inLanguage":"es-ES","@id":"https:\/\/alliantplans.com\/es\/#\/schema\/logo\/image\/","url":"https:\/\/alliantplans.com\/wp-content\/uploads\/2024\/04\/Alliant-Health-Plans-Logo-Blue.svg","contentUrl":"https:\/\/alliantplans.com\/wp-content\/uploads\/2024\/04\/Alliant-Health-Plans-Logo-Blue.svg","caption":"Alliant Health Plans"},"image":{"@id":"https:\/\/alliantplans.com\/es\/#\/schema\/logo\/image\/"},"sameAs":["https:\/\/www.facebook.com\/AlliantHealthPlans\/"]}]}},"taxonomy_info":[],"featured_image_src_large":false,"author_info":{"display_name":"jobi","author_link":"https:\/\/alliantplans.com\/es\/author\/jobi\/"},"comment_info":0,"_links":{"self":[{"href":"https:\/\/alliantplans.com\/es\/wp-json\/wp\/v2\/pages\/7759","targetHints":{"allow":["GET"]}}],"collection":[{"href":"https:\/\/alliantplans.com\/es\/wp-json\/wp\/v2\/pages"}],"about":[{"href":"https:\/\/alliantplans.com\/es\/wp-json\/wp\/v2\/types\/page"}],"author":[{"embeddable":true,"href":"https:\/\/alliantplans.com\/es\/wp-json\/wp\/v2\/users\/1"}],"replies":[{"embeddable":true,"href":"https:\/\/alliantplans.com\/es\/wp-json\/wp\/v2\/comments?post=7759"}],"version-history":[{"count":0,"href":"https:\/\/alliantplans.com\/es\/wp-json\/wp\/v2\/pages\/7759\/revisions"}],"wp:attachment":[{"href":"https:\/\/alliantplans.com\/es\/wp-json\/wp\/v2\/media?parent=7759"}],"curies":[{"name":"wp","href":"https:\/\/api.w.org\/{rel}","templated":true}]}}