{"id":7755,"date":"2023-10-17T20:49:43","date_gmt":"2023-10-17T20:49:43","guid":{"rendered":"https:\/\/alliantplans.com\/asistencia-linguistica\/"},"modified":"2024-09-27T16:18:21","modified_gmt":"2024-09-27T20:18:21","slug":"asistencia-linguistica","status":"publish","type":"page","link":"https:\/\/alliantplans.com\/es\/asistencia-linguistica\/","title":{"rendered":"Asistencia ling\u00fc\u00edstica"},"content":{"rendered":"<style>.kb-row-layout-id729_a3658a-86 > .kt-row-column-wrap{align-content:start;}:where(.kb-row-layout-id729_a3658a-86 > .kt-row-column-wrap) > .wp-block-kadence-column{justify-content:start;}.kb-row-layout-id729_a3658a-86 > .kt-row-column-wrap{column-gap:var(--global-kb-gap-md, 2rem);row-gap:var(--global-kb-gap-md, 2rem);max-width:var( --global-content-width, 1440px );padding-left:var(--global-content-edge-padding);padding-right:var(--global-content-edge-padding);padding-top:var(--global-kb-spacing-sm, 1.5rem);padding-bottom:var(--global-kb-spacing-sm, 1.5rem);grid-template-columns:minmax(0, 1fr);}.kb-row-layout-id729_a3658a-86 > .kt-row-layout-overlay{opacity:0.30;}@media all and (max-width: 1024px){.kb-row-layout-id729_a3658a-86 > .kt-row-column-wrap{grid-template-columns:minmax(0, 1fr);}}@media all and (max-width: 767px){.kb-row-layout-id729_a3658a-86 > .kt-row-column-wrap{grid-template-columns:minmax(0, 1fr);}}<\/style><section class=\"kb-row-layout-wrap kb-row-layout-id729_a3658a-86 alignnone wp-block-kadence-rowlayout\"><div class=\"kt-row-column-wrap kt-has-1-columns kt-row-layout-equal kt-tab-layout-inherit kt-mobile-layout-row kt-row-valign-top kb-theme-content-width\">\n<style>.kadence-column729_cbbb46-f4 > .kt-inside-inner-col,.kadence-column729_cbbb46-f4 > .kt-inside-inner-col:before{border-top-left-radius:0px;border-top-right-radius:0px;border-bottom-right-radius:0px;border-bottom-left-radius:0px;}.kadence-column729_cbbb46-f4 > .kt-inside-inner-col{column-gap:var(--global-kb-gap-sm, 1rem);}.kadence-column729_cbbb46-f4 > .kt-inside-inner-col{flex-direction:column;}.kadence-column729_cbbb46-f4 > .kt-inside-inner-col > .aligncenter{width:100%;}.kadence-column729_cbbb46-f4 > .kt-inside-inner-col:before{opacity:0.3;}.kadence-column729_cbbb46-f4{position:relative;}@media all and (max-width: 1024px){.kadence-column729_cbbb46-f4 > .kt-inside-inner-col{flex-direction:column;justify-content:center;}}@media all and (max-width: 767px){.kadence-column729_cbbb46-f4 > .kt-inside-inner-col{flex-direction:column;justify-content:center;}}<\/style>\n<div class=\"wp-block-kadence-column kadence-column729_cbbb46-f4\"><div class=\"kt-inside-inner-col\"><style>.wp-block-kadence-advancedheading.kt-adv-heading729_73abf0-c0, .wp-block-kadence-advancedheading.kt-adv-heading729_73abf0-c0[data-kb-block=\"kb-adv-heading729_73abf0-c0\"]{font-style:normal;}.wp-block-kadence-advancedheading.kt-adv-heading729_73abf0-c0 mark.kt-highlight, .wp-block-kadence-advancedheading.kt-adv-heading729_73abf0-c0[data-kb-block=\"kb-adv-heading729_73abf0-c0\"] mark.kt-highlight{font-style:normal;color:#f76a0c;-webkit-box-decoration-break:clone;box-decoration-break:clone;padding-top:0px;padding-right:0px;padding-bottom:0px;padding-left:0px;}.wp-block-kadence-advancedheading.kt-adv-heading729_73abf0-c0 img.kb-inline-image, .wp-block-kadence-advancedheading.kt-adv-heading729_73abf0-c0[data-kb-block=\"kb-adv-heading729_73abf0-c0\"] img.kb-inline-image{width:150px;vertical-align:baseline;}<\/style>\n<h1 class=\"kt-adv-heading729_73abf0-c0 wp-block-kadence-advancedheading\" data-kb-block=\"kb-adv-heading729_73abf0-c0\">Asistencia ling\u00fc\u00edstica<\/h1>\n\n\n\n<p>Ingl\u00e9s<br>ATENCI\u00d3N: Si habla ingl\u00e9s, tiene a su disposici\u00f3n servicios de asistencia ling\u00fc\u00edstica gratuitos. Llame al 1-800-811-4793 (TTY: 711).<\/p>\n\n\n\n<p>Espa\u00f1ol<br>ATENCI\u00d3N: si habla espa\u00f1ol, tiene a su disposici\u00f3n servicios gratuitos de asistencia ling\u00fc\u00edstica. Llame al 1-800-811-4793 (TTY: 711).<\/p>\n\n\n\n<p>Vietnamita<br>CH\u00da \u00dd: N\u1ebfu b\u1ea1n n\u00f3i Ti\u1ebfng Vi\u1ec7t, c\u00f3 c\u00e1c d\u1ecbch v\u1ee5 h\u1ed7 tr\u1ee3 ng\u00f4n ng\u1eef mi\u1ec5n ph\u00ed d\u00e0nh cho b\u1ea1n. G\u1ecdi s\u1ed1 1-800-811-4793 (TTY: 711).<\/p>\n\n\n\n<p>Coreano<br>\uc8fc\uc758: \ud55c\uad6d\uc5b4\ub97c \uc0ac\uc6a9\ud558\uc2dc\ub294 \uacbd\uc6b0, \uc5b8\uc5b4 \uc9c0\uc6d0 \uc11c\ube44\uc2a4\ub97c \ubb34\ub8cc\ub85c \uc774\uc6a9\ud558\uc2e4 \uc218 \uc788\uc2b5\ub2c8\ub2e4. 1-800-811-4793 (TTY: 711)\ubc88\uc73c\ub85c \uc804\ud654\ud574 \uc8fc\uc2ed\uc2dch\uc624.<\/p>\n\n\n\n<p>Chino<br>\u6ce8\u610f\uff1a\u5982\u679c\u60a8\u4f7f\u7528\u7e41\u9ad4\u4e2d\u6587\uff0c\u60a8\u53ef\u4ee5\u514d\u8cbb\u7372\u5f97\u8a9e\u8a00\u63f4\u52a9\u670d\u52d9\u3002\u8acb\u81f4\u96fb 1-800-811-4793\uff08TTY\uff1a711\uff09\u3002<\/p>\n\n\n\n<p>Gujarati<br>\u0ab8\u0ac1\u0a9a\u0aa8\u0abe: \u0a9c\u0acb \u0aa4\u0aae\u0ac7 \u0a97\u0ac1\u0a9c\u0ab0\u0abe\u0aa4\u0ac0 \u0aac\u0acb\u0ab2\u0aa4\u0abe \u0ab9\u0acb, \u0aa4\u0acb \u0aa8\u0aa8:\u0ab6\u0ac1\u0ab2\u0acd\u0a95 \u0aad\u0abe\u0ab7\u0abe \u0ab8\u0ab9\u0abe\u0aaf \u0ab8\u0ac7\u0ab5\u0abe\u0a93 \u0aa4\u0aae\u0abe\u0ab0\u0abe \u0aae\u0abe\u0a9f\u0ac7 \u0a89\u0aaa\u0ab2\u0aac\u0acd\u0aa7 \u0a9b\u0ac7. \u0aab\u0acb\u0aa8 \u0a95\u0ab0\u0acb 1-800-811-4793 (TTY: 711).<\/p>\n\n\n\n<p>Franc\u00e9s<br>ATENCI\u00d3N: Si habla franc\u00e9s, le proponemos gratuitamente servicios de ayuda ling\u00fc\u00edstica. Appelez le 1-800-811-4793 (ATS : 711).<\/p>\n\n\n\n<p>Am\u00e1rico<br>\u121b\u1235\u1273\u12c8\u123b: \u12e8\u121a\u1293\u1308\u1229\u1275 \u124b\u1295\u124b \u12a3\u121b\u122d\u129b \u12a8\u1206\u1290 \u12e8\u1275\u122d\u1309\u121d \u12a5\u122d\u12f3\u1273 \u12f5\u122d\u1305\u1276\u127d\u1363 \u1260\u1290\u133b \u120a\u12eb\u130d\u12dd\u12ce\u1275 \u1270\u12d8\u130b\u1300\u1270\u12cb\u120d\u1361 \u12c8\u12f0 \u121a\u12a8\u1270\u1208\u12cd \u1241\u1325\u122d \u12ed\u12f0\u12cd\u1209 1-800-811-4793 (\u1218\u1235\u121b\u1275 \u1208\u1270\u1233\u1293\u1278\u12cd: 711).<\/p>\n\n\n\n<p>Hindi<br>\u0927\u094d\u092f\u093e\u0928 \u0926\u0947\u0902: \u092f\u0926\u0926 \u0906\u092a \u0939 \u093f\u0902\u0926\u0940 \u092c\u094b\u0932\u0924\u0947 \u0939\u0948\u0902 \u0924\u094b \u0906\u092a\u0915\u0947 \u0932\u0932\u090f \u092e\u0941\u092b\u094d\u0924 \u092e\u0947\u0902 \u092d\u093e\u0937\u093e \u0938\u0939\u093e\u092f\u0924\u093e \u0938\u0947\u0935\u093e\u090f\u0902 \u0909\u092a\u0932\u092c\u094d\u0927 \u0939\u0948\u0902\u0964 1-800-811-4793 (TTY: 711) \u092a\u0930 \u0915\u0949\u0932 \u0915\u0930\u0947\u0902\u0964<\/p>\n\n\n\n<p>Franc\u00e9s criollo<br>ATANSYON: Si w pale Krey\u00f2l Ayisyen, gen s\u00e8vis \u00e8d pou lang ki disponib gratis pou ou. Rele 1-800-811-4793 (TTY: 711).<\/p>\n\n\n\n<p>Ruso<br>\u0412\u041d\u0418\u041c\u0410\u041d\u0418\u0415: \u0415\u0441\u043b\u0438 \u0432\u044b \u0433\u043e\u0432\u043e\u0440\u0438\u0442\u0435 \u043d\u0430 \u0440\u0443\u0441\u0441\u043a\u043e\u043c \u044f\u0437\u044b\u043a\u0435, \u0442\u043e \u0432\u0430\u043c \u0434\u043e\u0441\u0442\u0443\u043f\u043d\u044b \u0431\u0435\u0441\u043f\u043b\u0430\u0442\u043d\u044b\u0435 \u0443\u0441\u043b\u0443\u0433\u0438 \u043f\u0435\u0440\u0435\u0432\u043e\u0434\u0430. \u0417\u0432\u043e\u043d\u0438\u0442\u0435 1-800-811-4793 (\u0442\u0435\u043b\u0435\u0442\u0430\u0439\u043f: 711).<\/p>\n\n\n\n<p>\u00c1rabe<br>800-811-4793-1 \u0645\u0644\u062d\u0648\u0638\u0629: \u0625\u0630\u0627 \u0643\u0646\u062a \u062a\u062a\u062d\u062f\u062b \u0627\u0630\u0643\u0631 \u0627\u0644\u0644\u063a\u0629\u060c \u0641\u0625\u0646 \u062e\u062f\u0645\u0627\u062a \u0627\u0644\u0645\u0633\u0627\u0639\u062f\u0629 \u0627\u0644\u0644\u063a\u0648\u064a\u0629 \u062a\u062a\u0648\u0627\u0641\u0631 \u0644\u0643 \u0628\u0627\u0644\u0645\u062c\u0627\u0646.\n\u0627\u062a\u0635\u0644 \u0628\u0631\u0642\u0645<br>.(711 TTY) \u0631\u0642\u0645 \u0647\u0627\u062a\u0641 \u0627\u0644\u0635\u0645 \u0648\u0627\u0644\u0628\u0643\u0645:) <\/p>\n\n\n\n<p>Portugu\u00eas<br>ATEN\u00c7\u00c3O: Se fala portugu\u00eas, encontram-se dispon\u00edveis servi\u00e7os lingu\u00edsticos, gr\u00e1tis. Ligue para 1-800-811-4793 (TTY: 711).<\/p>\n\n\n\n<p>Farsi <br>\u062a\u0648\u062c\u0647: \u0627\u06af\u0631 \u0628\u0647 \u0632\u0628\u0627\u0646 \u0641\u0627\u0631\u0633\u06cc \u06af\u0641\u062a\u06af\u0648 \u0645\u06cc \u06a9\u0646\u06cc\u062f\u060c \u062a\u0633\u0647\u06cc\u0644\u0627\u062a \u0632\u0628\u0627\u0646\u06cc \u0628\u0635\u0648\u0631\u062a \u0631\u0627\u06cc\u06af\u0627\u0646 \u0628\u0631\u0627\u06cc \u0634\u0645\u0627 \u062a\u0645\u0627\u0633 \u0628\u06af\u06cc\u0631\u06cc\u062f 1-800-811-4793 (TTY:711) \u0641\u0631\u0627\u0647\u0645 \u0645\u06cc \u0628\u0627\u0634\u062f. \u0628\u0627<\/p>\n\n\n\n<p>Alem\u00e1n<br>ACHTUNG: Wenn Sie Deutsch sprechen, stehen Ihnen kostenlos sprachliche Hilfsdienstleistungen zur Verf\u00fcgung. Rufnummer: 1-800-811-4793 (TTY: 711).<\/p>\n\n\n\n<p>Japon\u00e9s<br>\u6ce8\u610f\u4e8b\u9805\uff1a\u65e5\u672c\u8a9e\u3092\u8a71\u3055\u308c\u308b\u5834\u5408\u3001\u7121\u6599\u306e\u8a00\u8a9e\u652f\u63f4\u3092\u3054\u5229\u7528\u3044\u305f\u3060\u3051\u307e\u3059\u30021-800-811-4793\uff08TTY:711\uff09\u307e\u3067\u3001\u304a\u96fb\u8a71\u306b\u3066\u3054\u9023\u7d61\u304f\u3060\u3055\u3044\u3002<\/p>\n<\/div><\/div>\n\n<\/div><\/section>","protected":false},"excerpt":{"rendered":"<p>Asistencia ling\u00fc\u00edstica Ingl\u00e9sATENCI\u00d3N: Si habla ingl\u00e9s, tiene a su disposici\u00f3n servicios de asistencia ling\u00fc\u00edstica gratuitos. Llame al 1-800-811-4793 (TTY: 711). Espa\u00f1olATENCI\u00d3N: si habla espa\u00f1ol, tiene a su disposici\u00f3n servicios gratuitos de asistencia ling\u00fc\u00edstica. Llame al 1-800-811-4793 (TTY: 711). VietnamitaCH\u00da \u00dd: N\u1ebfu b\u1ea1n n\u00f3i Ti\u1ebfng Vi\u1ec7t, c\u00f3 c\u00e1c d\u1ecbch v\u1ee5 h\u1ed7 tr\u1ee3 ng\u00f4n ng\u1eef mi\u1ec5n ph\u00ed&#8230;<\/p>\n","protected":false},"author":1,"featured_media":0,"parent":0,"menu_order":0,"comment_status":"closed","ping_status":"closed","template":"","meta":{"_acf_changed":false,"_kad_blocks_custom_css":"","_kad_blocks_head_custom_js":"","_kad_blocks_body_custom_js":"","_kad_blocks_footer_custom_js":"","_monsterinsights_skip_tracking":false,"_monsterinsights_sitenote_active":false,"_monsterinsights_sitenote_note":"","_monsterinsights_sitenote_category":0,"_kadence_starter_templates_imported_post":false,"_kad_post_transparent":"","_kad_post_title":"","_kad_post_layout":"","_kad_post_sidebar_id":"","_kad_post_content_style":"","_kad_post_vertical_padding":"","_kad_post_feature":"","_kad_post_feature_position":"","_kad_post_header":false,"_kad_post_footer":false,"_kad_post_classname":"","_jet_sm_ready_style":"","_jet_sm_style":"","_jet_sm_controls_values":"","_jet_sm_fonts_collection":"","_jet_sm_fonts_links":"","footnotes":""},"class_list":["post-7755","page","type-page","status-publish","hentry"],"acf":[],"yoast_head":"<!-- This site is optimized with the Yoast SEO Premium plugin v27.3 (Yoast SEO v27.3) - https:\/\/yoast.com\/product\/yoast-seo-premium-wordpress\/ -->\n<title>Asistencia ling\u00fc\u00edstica - Alliant Health Plans<\/title>\n<meta name=\"robots\" content=\"index, follow, max-snippet:-1, max-image-preview:large, max-video-preview:-1\" \/>\n<link rel=\"canonical\" href=\"https:\/\/alliantplans.com\/es\/asistencia-linguistica\/\" \/>\n<meta property=\"og:locale\" content=\"es_ES\" \/>\n<meta property=\"og:type\" content=\"article\" \/>\n<meta property=\"og:title\" content=\"Asistencia ling\u00fc\u00edstica\" \/>\n<meta property=\"og:description\" content=\"Asistencia ling\u00fc\u00edstica Ingl\u00e9sATENCI\u00d3N: Si habla ingl\u00e9s, tiene a su disposici\u00f3n servicios de asistencia ling\u00fc\u00edstica gratuitos. Llame al 1-800-811-4793 (TTY: 711). Espa\u00f1olATENCI\u00d3N: si habla espa\u00f1ol, tiene a su disposici\u00f3n servicios gratuitos de asistencia ling\u00fc\u00edstica. Llame al 1-800-811-4793 (TTY: 711). VietnamitaCH\u00da \u00dd: N\u1ebfu b\u1ea1n n\u00f3i Ti\u1ebfng Vi\u1ec7t, c\u00f3 c\u00e1c d\u1ecbch v\u1ee5 h\u1ed7 tr\u1ee3 ng\u00f4n ng\u1eef mi\u1ec5n ph\u00ed...\" \/>\n<meta property=\"og:url\" content=\"https:\/\/alliantplans.com\/es\/asistencia-linguistica\/\" \/>\n<meta property=\"og:site_name\" content=\"Alliant Health Plans\" \/>\n<meta property=\"article:publisher\" content=\"https:\/\/www.facebook.com\/AlliantHealthPlans\/\" \/>\n<meta property=\"article:modified_time\" content=\"2024-09-27T20:18:21+00:00\" \/>\n<meta name=\"twitter:card\" content=\"summary_large_image\" \/>\n<meta name=\"twitter:label1\" content=\"Tiempo de lectura\" \/>\n\t<meta name=\"twitter:data1\" content=\"1 minute\" \/>\n<script type=\"application\/ld+json\" class=\"yoast-schema-graph\">{\"@context\":\"https:\\\/\\\/schema.org\",\"@graph\":[{\"@type\":\"WebPage\",\"@id\":\"https:\\\/\\\/alliantplans.com\\\/es\\\/asistencia-linguistica\\\/\",\"url\":\"https:\\\/\\\/alliantplans.com\\\/es\\\/asistencia-linguistica\\\/\",\"name\":\"Asistencia ling\u00fc\u00edstica - Alliant Health Plans\",\"isPartOf\":{\"@id\":\"https:\\\/\\\/alliantplans.com\\\/es\\\/#website\"},\"datePublished\":\"2023-10-17T20:49:43+00:00\",\"dateModified\":\"2024-09-27T20:18:21+00:00\",\"breadcrumb\":{\"@id\":\"https:\\\/\\\/alliantplans.com\\\/es\\\/asistencia-linguistica\\\/#breadcrumb\"},\"inLanguage\":\"es-ES\",\"potentialAction\":[{\"@type\":\"ReadAction\",\"target\":[\"https:\\\/\\\/alliantplans.com\\\/es\\\/asistencia-linguistica\\\/\"]}]},{\"@type\":\"BreadcrumbList\",\"@id\":\"https:\\\/\\\/alliantplans.com\\\/es\\\/asistencia-linguistica\\\/#breadcrumb\",\"itemListElement\":[{\"@type\":\"ListItem\",\"position\":1,\"name\":\"Home\",\"item\":\"https:\\\/\\\/alliantplans.com\\\/es\\\/pagina-de-inicio\\\/\"},{\"@type\":\"ListItem\",\"position\":2,\"name\":\"Asistencia ling\u00fc\u00edstica\"}]},{\"@type\":\"WebSite\",\"@id\":\"https:\\\/\\\/alliantplans.com\\\/es\\\/#website\",\"url\":\"https:\\\/\\\/alliantplans.com\\\/es\\\/\",\"name\":\"Alliant Health Plans\",\"description\":\"Un proveedor l\u00edder de seguros de atenci\u00f3n m\u00e9dica\\n\",\"publisher\":{\"@id\":\"https:\\\/\\\/alliantplans.com\\\/es\\\/#organization\"},\"potentialAction\":[{\"@type\":\"SearchAction\",\"target\":{\"@type\":\"EntryPoint\",\"urlTemplate\":\"https:\\\/\\\/alliantplans.com\\\/es\\\/?s={search_term_string}\"},\"query-input\":{\"@type\":\"PropertyValueSpecification\",\"valueRequired\":true,\"valueName\":\"search_term_string\"}}],\"inLanguage\":\"es-ES\"},{\"@type\":\"Organization\",\"@id\":\"https:\\\/\\\/alliantplans.com\\\/es\\\/#organization\",\"name\":\"Alliant Health Plans\",\"alternateName\":\"AHP\",\"url\":\"https:\\\/\\\/alliantplans.com\\\/es\\\/\",\"logo\":{\"@type\":\"ImageObject\",\"inLanguage\":\"es-ES\",\"@id\":\"https:\\\/\\\/alliantplans.com\\\/es\\\/#\\\/schema\\\/logo\\\/image\\\/\",\"url\":\"https:\\\/\\\/alliantplans.com\\\/wp-content\\\/uploads\\\/2024\\\/04\\\/Alliant-Health-Plans-Logo-Blue.svg\",\"contentUrl\":\"https:\\\/\\\/alliantplans.com\\\/wp-content\\\/uploads\\\/2024\\\/04\\\/Alliant-Health-Plans-Logo-Blue.svg\",\"caption\":\"Alliant Health Plans\"},\"image\":{\"@id\":\"https:\\\/\\\/alliantplans.com\\\/es\\\/#\\\/schema\\\/logo\\\/image\\\/\"},\"sameAs\":[\"https:\\\/\\\/www.facebook.com\\\/AlliantHealthPlans\\\/\"]}]}<\/script>\n<!-- \/ Yoast SEO Premium plugin. -->","yoast_head_json":{"title":"Asistencia ling\u00fc\u00edstica - Alliant Health Plans","robots":{"index":"index","follow":"follow","max-snippet":"max-snippet:-1","max-image-preview":"max-image-preview:large","max-video-preview":"max-video-preview:-1"},"canonical":"https:\/\/alliantplans.com\/es\/asistencia-linguistica\/","og_locale":"es_ES","og_type":"article","og_title":"Asistencia ling\u00fc\u00edstica","og_description":"Asistencia ling\u00fc\u00edstica Ingl\u00e9sATENCI\u00d3N: Si habla ingl\u00e9s, tiene a su disposici\u00f3n servicios de asistencia ling\u00fc\u00edstica gratuitos. Llame al 1-800-811-4793 (TTY: 711). Espa\u00f1olATENCI\u00d3N: si habla espa\u00f1ol, tiene a su disposici\u00f3n servicios gratuitos de asistencia ling\u00fc\u00edstica. Llame al 1-800-811-4793 (TTY: 711). VietnamitaCH\u00da \u00dd: N\u1ebfu b\u1ea1n n\u00f3i Ti\u1ebfng Vi\u1ec7t, c\u00f3 c\u00e1c d\u1ecbch v\u1ee5 h\u1ed7 tr\u1ee3 ng\u00f4n ng\u1eef mi\u1ec5n ph\u00ed...","og_url":"https:\/\/alliantplans.com\/es\/asistencia-linguistica\/","og_site_name":"Alliant Health Plans","article_publisher":"https:\/\/www.facebook.com\/AlliantHealthPlans\/","article_modified_time":"2024-09-27T20:18:21+00:00","twitter_card":"summary_large_image","twitter_misc":{"Tiempo de lectura":"1 minute"},"schema":{"@context":"https:\/\/schema.org","@graph":[{"@type":"WebPage","@id":"https:\/\/alliantplans.com\/es\/asistencia-linguistica\/","url":"https:\/\/alliantplans.com\/es\/asistencia-linguistica\/","name":"Asistencia ling\u00fc\u00edstica - Alliant Health Plans","isPartOf":{"@id":"https:\/\/alliantplans.com\/es\/#website"},"datePublished":"2023-10-17T20:49:43+00:00","dateModified":"2024-09-27T20:18:21+00:00","breadcrumb":{"@id":"https:\/\/alliantplans.com\/es\/asistencia-linguistica\/#breadcrumb"},"inLanguage":"es-ES","potentialAction":[{"@type":"ReadAction","target":["https:\/\/alliantplans.com\/es\/asistencia-linguistica\/"]}]},{"@type":"BreadcrumbList","@id":"https:\/\/alliantplans.com\/es\/asistencia-linguistica\/#breadcrumb","itemListElement":[{"@type":"ListItem","position":1,"name":"Home","item":"https:\/\/alliantplans.com\/es\/pagina-de-inicio\/"},{"@type":"ListItem","position":2,"name":"Asistencia ling\u00fc\u00edstica"}]},{"@type":"WebSite","@id":"https:\/\/alliantplans.com\/es\/#website","url":"https:\/\/alliantplans.com\/es\/","name":"Alliant Health Plans","description":"Un proveedor l\u00edder de seguros de atenci\u00f3n m\u00e9dica\n","publisher":{"@id":"https:\/\/alliantplans.com\/es\/#organization"},"potentialAction":[{"@type":"SearchAction","target":{"@type":"EntryPoint","urlTemplate":"https:\/\/alliantplans.com\/es\/?s={search_term_string}"},"query-input":{"@type":"PropertyValueSpecification","valueRequired":true,"valueName":"search_term_string"}}],"inLanguage":"es-ES"},{"@type":"Organization","@id":"https:\/\/alliantplans.com\/es\/#organization","name":"Alliant Health Plans","alternateName":"AHP","url":"https:\/\/alliantplans.com\/es\/","logo":{"@type":"ImageObject","inLanguage":"es-ES","@id":"https:\/\/alliantplans.com\/es\/#\/schema\/logo\/image\/","url":"https:\/\/alliantplans.com\/wp-content\/uploads\/2024\/04\/Alliant-Health-Plans-Logo-Blue.svg","contentUrl":"https:\/\/alliantplans.com\/wp-content\/uploads\/2024\/04\/Alliant-Health-Plans-Logo-Blue.svg","caption":"Alliant Health Plans"},"image":{"@id":"https:\/\/alliantplans.com\/es\/#\/schema\/logo\/image\/"},"sameAs":["https:\/\/www.facebook.com\/AlliantHealthPlans\/"]}]}},"taxonomy_info":[],"featured_image_src_large":false,"author_info":{"display_name":"jobi","author_link":"https:\/\/alliantplans.com\/es\/author\/jobi\/"},"comment_info":0,"_links":{"self":[{"href":"https:\/\/alliantplans.com\/es\/wp-json\/wp\/v2\/pages\/7755","targetHints":{"allow":["GET"]}}],"collection":[{"href":"https:\/\/alliantplans.com\/es\/wp-json\/wp\/v2\/pages"}],"about":[{"href":"https:\/\/alliantplans.com\/es\/wp-json\/wp\/v2\/types\/page"}],"author":[{"embeddable":true,"href":"https:\/\/alliantplans.com\/es\/wp-json\/wp\/v2\/users\/1"}],"replies":[{"embeddable":true,"href":"https:\/\/alliantplans.com\/es\/wp-json\/wp\/v2\/comments?post=7755"}],"version-history":[{"count":0,"href":"https:\/\/alliantplans.com\/es\/wp-json\/wp\/v2\/pages\/7755\/revisions"}],"wp:attachment":[{"href":"https:\/\/alliantplans.com\/es\/wp-json\/wp\/v2\/media?parent=7755"}],"curies":[{"name":"wp","href":"https:\/\/api.w.org\/{rel}","templated":true}]}}