{"id":7752,"date":"2023-10-19T15:02:07","date_gmt":"2023-10-19T15:02:07","guid":{"rendered":"https:\/\/alliantplans.com\/hipaa\/"},"modified":"2024-09-27T16:17:39","modified_gmt":"2024-09-27T20:17:39","slug":"hipaa","status":"publish","type":"page","link":"https:\/\/alliantplans.com\/es\/hipaa\/","title":{"rendered":"HIPAA"},"content":{"rendered":"<style>.kb-row-layout-wrap.wp-block-kadence-rowlayout.kb-row-layout-id834_96828a-cb{margin-top:var(--global-kb-spacing-xxs, 0.5rem);margin-bottom:var(--global-kb-spacing-5xl, 10rem);}.kb-row-layout-id834_96828a-cb > .kt-row-column-wrap{align-content:start;}:where(.kb-row-layout-id834_96828a-cb > .kt-row-column-wrap) > .wp-block-kadence-column{justify-content:start;}.kb-row-layout-id834_96828a-cb > .kt-row-column-wrap{column-gap:var(--global-kb-gap-md, 2rem);row-gap:var(--global-kb-gap-md, 2rem);max-width:var( --global-content-width, 1440px );padding-left:var(--global-content-edge-padding);padding-right:var(--global-content-edge-padding);padding-top:var(--global-kb-spacing-sm, 1.5rem);padding-bottom:var(--global-kb-spacing-sm, 1.5rem);grid-template-columns:minmax(0, 1fr);}.kb-row-layout-id834_96828a-cb > .kt-row-layout-overlay{opacity:0.30;}@media all and (max-width: 1024px){.kb-row-layout-id834_96828a-cb > .kt-row-column-wrap{grid-template-columns:minmax(0, 1fr);}}@media all and (max-width: 767px){.kb-row-layout-id834_96828a-cb > .kt-row-column-wrap{grid-template-columns:minmax(0, 1fr);}}<\/style><div class=\"kb-row-layout-wrap kb-row-layout-id834_96828a-cb alignnone wp-block-kadence-rowlayout\"><div class=\"kt-row-column-wrap kt-has-1-columns kt-row-layout-equal kt-tab-layout-inherit kt-mobile-layout-row kt-row-valign-top kb-theme-content-width\">\n<style>.kadence-column834_cc10fd-f8 > .kt-inside-inner-col,.kadence-column834_cc10fd-f8 > .kt-inside-inner-col:before{border-top-left-radius:0px;border-top-right-radius:0px;border-bottom-right-radius:0px;border-bottom-left-radius:0px;}.kadence-column834_cc10fd-f8 > .kt-inside-inner-col{column-gap:var(--global-kb-gap-sm, 1rem);}.kadence-column834_cc10fd-f8 > .kt-inside-inner-col{flex-direction:column;}.kadence-column834_cc10fd-f8 > .kt-inside-inner-col > .aligncenter{width:100%;}.kadence-column834_cc10fd-f8 > .kt-inside-inner-col:before{opacity:0.3;}.kadence-column834_cc10fd-f8{position:relative;}@media all and (max-width: 1024px){.kadence-column834_cc10fd-f8 > .kt-inside-inner-col{flex-direction:column;justify-content:center;}}@media all and (max-width: 767px){.kadence-column834_cc10fd-f8 > .kt-inside-inner-col{flex-direction:column;justify-content:center;}}<\/style>\n<div class=\"wp-block-kadence-column kadence-column834_cc10fd-f8\"><div class=\"kt-inside-inner-col\"><style>.wp-block-kadence-advancedheading.kt-adv-heading834_46b81d-08, .wp-block-kadence-advancedheading.kt-adv-heading834_46b81d-08[data-kb-block=\"kb-adv-heading834_46b81d-08\"]{font-style:normal;}.wp-block-kadence-advancedheading.kt-adv-heading834_46b81d-08 mark.kt-highlight, .wp-block-kadence-advancedheading.kt-adv-heading834_46b81d-08[data-kb-block=\"kb-adv-heading834_46b81d-08\"] mark.kt-highlight{font-style:normal;color:#f76a0c;-webkit-box-decoration-break:clone;box-decoration-break:clone;padding-top:0px;padding-right:0px;padding-bottom:0px;padding-left:0px;}.wp-block-kadence-advancedheading.kt-adv-heading834_46b81d-08 img.kb-inline-image, .wp-block-kadence-advancedheading.kt-adv-heading834_46b81d-08[data-kb-block=\"kb-adv-heading834_46b81d-08\"] img.kb-inline-image{width:150px;vertical-align:baseline;}<\/style>\n<h1 class=\"kt-adv-heading834_46b81d-08 wp-block-kadence-advancedheading\" data-kb-block=\"kb-adv-heading834_46b81d-08\">Comunicaci\u00f3n segura<\/h1>\n\n\n\n<p>Las comunicaciones por correo electr\u00f3nico a trav\u00e9s de Internet no son seguras.&nbsp;  Aunque es poco probable, existe la posibilidad de que la informaci\u00f3n incluida en un correo electr\u00f3nico pueda ser interceptada y le\u00edda por otras partes adem\u00e1s de la persona a la que va dirigido.<\/p>\n\n\n\n<p>Por favor no incluya informaci\u00f3n personal de salud o informaci\u00f3n identificable individualmente como fecha de nacimiento, n\u00fameros de seguro social, n\u00fameros de suscriptores, informaci\u00f3n de diagn\u00f3sticos o reclamos u otra informaci\u00f3n m\u00e9dica personal en ning\u00fan correo electr\u00f3nico que nos env\u00ede A MENOS QUE est\u00e9 utilizando un sistema de correo electr\u00f3nico seguro como el sistema de correo electr\u00f3nico seguro proporcionado por Alliant Health Plans y Health One Alliance.&nbsp; Para obtener m\u00e1s informaci\u00f3n sobre qu\u00e9 componentes se consideran informaci\u00f3n protegida en virtud de la Ley de Portabilidad y Responsabilidad del Seguro M\u00e9dico, visite&nbsp;<a href=\"http:\/\/www.hhs.gov\/hipaa\"><u>www.hhs.gov\/hipaa<\/u><\/a>.<\/p>\n<\/div><\/div>\n\n<\/div><\/div>","protected":false},"excerpt":{"rendered":"<p>Comunicaci\u00f3n segura Las comunicaciones por correo electr\u00f3nico a trav\u00e9s de Internet no son seguras.&nbsp; Aunque es poco probable, existe la posibilidad de que la informaci\u00f3n incluida en un correo electr\u00f3nico pueda ser interceptada y le\u00edda por otras partes adem\u00e1s de la persona a la que va dirigido. Por favor no incluya informaci\u00f3n personal de salud&#8230;<\/p>\n","protected":false},"author":1,"featured_media":0,"parent":0,"menu_order":0,"comment_status":"closed","ping_status":"closed","template":"","meta":{"_acf_changed":false,"_kad_blocks_custom_css":"","_kad_blocks_head_custom_js":"","_kad_blocks_body_custom_js":"","_kad_blocks_footer_custom_js":"","_monsterinsights_skip_tracking":false,"_monsterinsights_sitenote_active":false,"_monsterinsights_sitenote_note":"","_monsterinsights_sitenote_category":0,"_kadence_starter_templates_imported_post":false,"_kad_post_transparent":"","_kad_post_title":"","_kad_post_layout":"","_kad_post_sidebar_id":"","_kad_post_content_style":"","_kad_post_vertical_padding":"","_kad_post_feature":"","_kad_post_feature_position":"","_kad_post_header":false,"_kad_post_footer":false,"_kad_post_classname":"","_jet_sm_ready_style":"","_jet_sm_style":"","_jet_sm_controls_values":"","_jet_sm_fonts_collection":"","_jet_sm_fonts_links":"","footnotes":""},"class_list":["post-7752","page","type-page","status-publish","hentry"],"acf":[],"yoast_head":"<!-- This site is optimized with the Yoast SEO Premium plugin v27.4 (Yoast SEO v27.4) - https:\/\/yoast.com\/product\/yoast-seo-premium-wordpress\/ -->\n<title>HIPAA - Alliant Health Plans<\/title>\n<meta name=\"robots\" content=\"index, follow, max-snippet:-1, max-image-preview:large, max-video-preview:-1\" \/>\n<link rel=\"canonical\" href=\"https:\/\/alliantplans.com\/es\/hipaa\/\" \/>\n<meta property=\"og:locale\" content=\"es_ES\" \/>\n<meta property=\"og:type\" content=\"article\" \/>\n<meta property=\"og:title\" content=\"HIPAA\" \/>\n<meta property=\"og:description\" content=\"Comunicaci\u00f3n segura Las comunicaciones por correo electr\u00f3nico a trav\u00e9s de Internet no son seguras.&nbsp; Aunque es poco probable, existe la posibilidad de que la informaci\u00f3n incluida en un correo electr\u00f3nico pueda ser interceptada y le\u00edda por otras partes adem\u00e1s de la persona a la que va dirigido. Por favor no incluya informaci\u00f3n personal de salud...\" \/>\n<meta property=\"og:url\" content=\"https:\/\/alliantplans.com\/es\/hipaa\/\" \/>\n<meta property=\"og:site_name\" content=\"Alliant Health Plans\" \/>\n<meta property=\"article:publisher\" content=\"https:\/\/www.facebook.com\/AlliantHealthPlans\/\" \/>\n<meta property=\"article:modified_time\" content=\"2024-09-27T20:17:39+00:00\" \/>\n<meta name=\"twitter:card\" content=\"summary_large_image\" \/>\n<meta name=\"twitter:label1\" content=\"Tiempo de lectura\" \/>\n\t<meta name=\"twitter:data1\" content=\"1 minute\" \/>\n<script type=\"application\/ld+json\" class=\"yoast-schema-graph\">{\"@context\":\"https:\\\/\\\/schema.org\",\"@graph\":[{\"@type\":\"WebPage\",\"@id\":\"https:\\\/\\\/alliantplans.com\\\/es\\\/hipaa\\\/\",\"url\":\"https:\\\/\\\/alliantplans.com\\\/es\\\/hipaa\\\/\",\"name\":\"HIPAA - Alliant Health Plans\",\"isPartOf\":{\"@id\":\"https:\\\/\\\/alliantplans.com\\\/es\\\/#website\"},\"datePublished\":\"2023-10-19T15:02:07+00:00\",\"dateModified\":\"2024-09-27T20:17:39+00:00\",\"breadcrumb\":{\"@id\":\"https:\\\/\\\/alliantplans.com\\\/es\\\/hipaa\\\/#breadcrumb\"},\"inLanguage\":\"es-ES\",\"potentialAction\":[{\"@type\":\"ReadAction\",\"target\":[\"https:\\\/\\\/alliantplans.com\\\/es\\\/hipaa\\\/\"]}]},{\"@type\":\"BreadcrumbList\",\"@id\":\"https:\\\/\\\/alliantplans.com\\\/es\\\/hipaa\\\/#breadcrumb\",\"itemListElement\":[{\"@type\":\"ListItem\",\"position\":1,\"name\":\"Home\",\"item\":\"https:\\\/\\\/alliantplans.com\\\/es\\\/pagina-de-inicio\\\/\"},{\"@type\":\"ListItem\",\"position\":2,\"name\":\"HIPAA\"}]},{\"@type\":\"WebSite\",\"@id\":\"https:\\\/\\\/alliantplans.com\\\/es\\\/#website\",\"url\":\"https:\\\/\\\/alliantplans.com\\\/es\\\/\",\"name\":\"Alliant Health Plans\",\"description\":\"Un proveedor l\u00edder de seguros de atenci\u00f3n m\u00e9dica\\n\",\"publisher\":{\"@id\":\"https:\\\/\\\/alliantplans.com\\\/es\\\/#organization\"},\"potentialAction\":[{\"@type\":\"SearchAction\",\"target\":{\"@type\":\"EntryPoint\",\"urlTemplate\":\"https:\\\/\\\/alliantplans.com\\\/es\\\/?s={search_term_string}\"},\"query-input\":{\"@type\":\"PropertyValueSpecification\",\"valueRequired\":true,\"valueName\":\"search_term_string\"}}],\"inLanguage\":\"es-ES\"},{\"@type\":\"Organization\",\"@id\":\"https:\\\/\\\/alliantplans.com\\\/es\\\/#organization\",\"name\":\"Alliant Health Plans\",\"alternateName\":\"AHP\",\"url\":\"https:\\\/\\\/alliantplans.com\\\/es\\\/\",\"logo\":{\"@type\":\"ImageObject\",\"inLanguage\":\"es-ES\",\"@id\":\"https:\\\/\\\/alliantplans.com\\\/es\\\/#\\\/schema\\\/logo\\\/image\\\/\",\"url\":\"https:\\\/\\\/alliantplans.com\\\/wp-content\\\/uploads\\\/2024\\\/04\\\/Alliant-Health-Plans-Logo-Blue.svg\",\"contentUrl\":\"https:\\\/\\\/alliantplans.com\\\/wp-content\\\/uploads\\\/2024\\\/04\\\/Alliant-Health-Plans-Logo-Blue.svg\",\"caption\":\"Alliant Health Plans\"},\"image\":{\"@id\":\"https:\\\/\\\/alliantplans.com\\\/es\\\/#\\\/schema\\\/logo\\\/image\\\/\"},\"sameAs\":[\"https:\\\/\\\/www.facebook.com\\\/AlliantHealthPlans\\\/\"]}]}<\/script>\n<!-- \/ Yoast SEO Premium plugin. -->","yoast_head_json":{"title":"HIPAA - Alliant Health Plans","robots":{"index":"index","follow":"follow","max-snippet":"max-snippet:-1","max-image-preview":"max-image-preview:large","max-video-preview":"max-video-preview:-1"},"canonical":"https:\/\/alliantplans.com\/es\/hipaa\/","og_locale":"es_ES","og_type":"article","og_title":"HIPAA","og_description":"Comunicaci\u00f3n segura Las comunicaciones por correo electr\u00f3nico a trav\u00e9s de Internet no son seguras.&nbsp; Aunque es poco probable, existe la posibilidad de que la informaci\u00f3n incluida en un correo electr\u00f3nico pueda ser interceptada y le\u00edda por otras partes adem\u00e1s de la persona a la que va dirigido. Por favor no incluya informaci\u00f3n personal de salud...","og_url":"https:\/\/alliantplans.com\/es\/hipaa\/","og_site_name":"Alliant Health Plans","article_publisher":"https:\/\/www.facebook.com\/AlliantHealthPlans\/","article_modified_time":"2024-09-27T20:17:39+00:00","twitter_card":"summary_large_image","twitter_misc":{"Tiempo de lectura":"1 minute"},"schema":{"@context":"https:\/\/schema.org","@graph":[{"@type":"WebPage","@id":"https:\/\/alliantplans.com\/es\/hipaa\/","url":"https:\/\/alliantplans.com\/es\/hipaa\/","name":"HIPAA - Alliant Health Plans","isPartOf":{"@id":"https:\/\/alliantplans.com\/es\/#website"},"datePublished":"2023-10-19T15:02:07+00:00","dateModified":"2024-09-27T20:17:39+00:00","breadcrumb":{"@id":"https:\/\/alliantplans.com\/es\/hipaa\/#breadcrumb"},"inLanguage":"es-ES","potentialAction":[{"@type":"ReadAction","target":["https:\/\/alliantplans.com\/es\/hipaa\/"]}]},{"@type":"BreadcrumbList","@id":"https:\/\/alliantplans.com\/es\/hipaa\/#breadcrumb","itemListElement":[{"@type":"ListItem","position":1,"name":"Home","item":"https:\/\/alliantplans.com\/es\/pagina-de-inicio\/"},{"@type":"ListItem","position":2,"name":"HIPAA"}]},{"@type":"WebSite","@id":"https:\/\/alliantplans.com\/es\/#website","url":"https:\/\/alliantplans.com\/es\/","name":"Alliant Health Plans","description":"Un proveedor l\u00edder de seguros de atenci\u00f3n m\u00e9dica\n","publisher":{"@id":"https:\/\/alliantplans.com\/es\/#organization"},"potentialAction":[{"@type":"SearchAction","target":{"@type":"EntryPoint","urlTemplate":"https:\/\/alliantplans.com\/es\/?s={search_term_string}"},"query-input":{"@type":"PropertyValueSpecification","valueRequired":true,"valueName":"search_term_string"}}],"inLanguage":"es-ES"},{"@type":"Organization","@id":"https:\/\/alliantplans.com\/es\/#organization","name":"Alliant Health Plans","alternateName":"AHP","url":"https:\/\/alliantplans.com\/es\/","logo":{"@type":"ImageObject","inLanguage":"es-ES","@id":"https:\/\/alliantplans.com\/es\/#\/schema\/logo\/image\/","url":"https:\/\/alliantplans.com\/wp-content\/uploads\/2024\/04\/Alliant-Health-Plans-Logo-Blue.svg","contentUrl":"https:\/\/alliantplans.com\/wp-content\/uploads\/2024\/04\/Alliant-Health-Plans-Logo-Blue.svg","caption":"Alliant Health Plans"},"image":{"@id":"https:\/\/alliantplans.com\/es\/#\/schema\/logo\/image\/"},"sameAs":["https:\/\/www.facebook.com\/AlliantHealthPlans\/"]}]}},"taxonomy_info":[],"featured_image_src_large":false,"author_info":{"display_name":"jobi","author_link":"https:\/\/alliantplans.com\/es\/author\/jobi\/"},"comment_info":0,"_links":{"self":[{"href":"https:\/\/alliantplans.com\/es\/wp-json\/wp\/v2\/pages\/7752","targetHints":{"allow":["GET"]}}],"collection":[{"href":"https:\/\/alliantplans.com\/es\/wp-json\/wp\/v2\/pages"}],"about":[{"href":"https:\/\/alliantplans.com\/es\/wp-json\/wp\/v2\/types\/page"}],"author":[{"embeddable":true,"href":"https:\/\/alliantplans.com\/es\/wp-json\/wp\/v2\/users\/1"}],"replies":[{"embeddable":true,"href":"https:\/\/alliantplans.com\/es\/wp-json\/wp\/v2\/comments?post=7752"}],"version-history":[{"count":0,"href":"https:\/\/alliantplans.com\/es\/wp-json\/wp\/v2\/pages\/7752\/revisions"}],"wp:attachment":[{"href":"https:\/\/alliantplans.com\/es\/wp-json\/wp\/v2\/media?parent=7752"}],"curies":[{"name":"wp","href":"https:\/\/api.w.org\/{rel}","templated":true}]}}