{"id":29916,"date":"2025-07-15T15:26:46","date_gmt":"2025-07-15T19:26:46","guid":{"rendered":"https:\/\/alliantplans.com\/?page_id=29916"},"modified":"2025-07-16T08:25:38","modified_gmt":"2025-07-16T12:25:38","slug":"drug-exception-timeframes-and-member-responsibilities","status":"publish","type":"page","link":"https:\/\/alliantplans.com\/drug-exception-timeframes-and-member-responsibilities\/","title":{"rendered":"Drug Exception Timeframes and Member Responsibilities"},"content":{"rendered":"<style>.kb-row-layout-id29916_85d6d4-ed > .kt-row-column-wrap{align-content:start;}:where(.kb-row-layout-id29916_85d6d4-ed > .kt-row-column-wrap) > .wp-block-kadence-column{justify-content:start;}.kb-row-layout-id29916_85d6d4-ed > .kt-row-column-wrap{column-gap:var(--global-kb-gap-md, 2rem);row-gap:var(--global-kb-gap-md, 2rem);max-width:var( --global-content-width, 1440px );padding-left:var(--global-content-edge-padding);padding-right:var(--global-content-edge-padding);padding-top:var(--global-kb-spacing-sm, 1.5rem);padding-bottom:var(--global-kb-spacing-sm, 1.5rem);grid-template-columns:minmax(0, 1fr);}.kb-row-layout-id29916_85d6d4-ed > .kt-row-layout-overlay{opacity:0.30;}@media all and (max-width: 1024px){.kb-row-layout-id29916_85d6d4-ed > .kt-row-column-wrap{grid-template-columns:minmax(0, 1fr);}}@media all and (max-width: 767px){.kb-row-layout-id29916_85d6d4-ed > .kt-row-column-wrap{grid-template-columns:minmax(0, 1fr);}}<\/style><div class=\"kb-row-layout-wrap kb-row-layout-id29916_85d6d4-ed alignnone wp-block-kadence-rowlayout\"><div class=\"kt-row-column-wrap kt-has-1-columns kt-row-layout-equal kt-tab-layout-inherit kt-mobile-layout-row kt-row-valign-top kb-theme-content-width\">\n<style>.kadence-column29916_dfbb2d-80 > .kt-inside-inner-col,.kadence-column29916_dfbb2d-80 > .kt-inside-inner-col:before{border-top-left-radius:0px;border-top-right-radius:0px;border-bottom-right-radius:0px;border-bottom-left-radius:0px;}.kadence-column29916_dfbb2d-80 > .kt-inside-inner-col{column-gap:var(--global-kb-gap-sm, 1rem);}.kadence-column29916_dfbb2d-80 > .kt-inside-inner-col{flex-direction:column;}.kadence-column29916_dfbb2d-80 > .kt-inside-inner-col > .aligncenter{width:100%;}.kadence-column29916_dfbb2d-80 > .kt-inside-inner-col:before{opacity:0.3;}.kadence-column29916_dfbb2d-80{position:relative;}@media all and (max-width: 1024px){.kadence-column29916_dfbb2d-80 > .kt-inside-inner-col{flex-direction:column;justify-content:center;}}@media all and (max-width: 767px){.kadence-column29916_dfbb2d-80 > .kt-inside-inner-col{flex-direction:column;justify-content:center;}}<\/style>\n<div class=\"wp-block-kadence-column kadence-column29916_dfbb2d-80\"><div class=\"kt-inside-inner-col\"><style>.wp-block-kadence-advancedheading.kt-adv-heading29916_995ba3-ba, .wp-block-kadence-advancedheading.kt-adv-heading29916_995ba3-ba[data-kb-block=\"kb-adv-heading29916_995ba3-ba\"]{font-style:normal;}.wp-block-kadence-advancedheading.kt-adv-heading29916_995ba3-ba mark.kt-highlight, .wp-block-kadence-advancedheading.kt-adv-heading29916_995ba3-ba[data-kb-block=\"kb-adv-heading29916_995ba3-ba\"] mark.kt-highlight{font-style:normal;color:#f76a0c;-webkit-box-decoration-break:clone;box-decoration-break:clone;padding-top:0px;padding-right:0px;padding-bottom:0px;padding-left:0px;}.wp-block-kadence-advancedheading.kt-adv-heading29916_995ba3-ba img.kb-inline-image, .wp-block-kadence-advancedheading.kt-adv-heading29916_995ba3-ba[data-kb-block=\"kb-adv-heading29916_995ba3-ba\"] img.kb-inline-image{width:150px;vertical-align:baseline;}<\/style>\n<h1 class=\"kt-adv-heading29916_995ba3-ba wp-block-kadence-advancedheading\" data-kb-block=\"kb-adv-heading29916_995ba3-ba\">Drug Exception Timeframes and Member Responsibilities<\/h1>\n\n\n<style>.wp-block-kadence-advancedheading.kt-adv-heading29916_772f5e-17, .wp-block-kadence-advancedheading.kt-adv-heading29916_772f5e-17[data-kb-block=\"kb-adv-heading29916_772f5e-17\"]{display:block;font-style:normal;}.wp-block-kadence-advancedheading.kt-adv-heading29916_772f5e-17 mark.kt-highlight, .wp-block-kadence-advancedheading.kt-adv-heading29916_772f5e-17[data-kb-block=\"kb-adv-heading29916_772f5e-17\"] mark.kt-highlight{font-style:normal;color:#f76a0c;-webkit-box-decoration-break:clone;box-decoration-break:clone;padding-top:0px;padding-right:0px;padding-bottom:0px;padding-left:0px;}.wp-block-kadence-advancedheading.kt-adv-heading29916_772f5e-17 img.kb-inline-image, .wp-block-kadence-advancedheading.kt-adv-heading29916_772f5e-17[data-kb-block=\"kb-adv-heading29916_772f5e-17\"] img.kb-inline-image{width:150px;vertical-align:baseline;}<\/style>\n<span class=\"kt-adv-heading29916_772f5e-17 wp-block-kadence-advancedheading\" data-kb-block=\"kb-adv-heading29916_772f5e-17\">December 2024<\/span>\n\n\n<style>.wp-block-kadence-advancedheading.kt-adv-heading29916_3761de-be, .wp-block-kadence-advancedheading.kt-adv-heading29916_3761de-be[data-kb-block=\"kb-adv-heading29916_3761de-be\"]{margin-top:var(--global-kb-spacing-xs, 1rem);font-style:normal;}.wp-block-kadence-advancedheading.kt-adv-heading29916_3761de-be mark.kt-highlight, .wp-block-kadence-advancedheading.kt-adv-heading29916_3761de-be[data-kb-block=\"kb-adv-heading29916_3761de-be\"] mark.kt-highlight{font-style:normal;color:#f76a0c;-webkit-box-decoration-break:clone;box-decoration-break:clone;padding-top:0px;padding-right:0px;padding-bottom:0px;padding-left:0px;}.wp-block-kadence-advancedheading.kt-adv-heading29916_3761de-be img.kb-inline-image, .wp-block-kadence-advancedheading.kt-adv-heading29916_3761de-be[data-kb-block=\"kb-adv-heading29916_3761de-be\"] img.kb-inline-image{width:150px;vertical-align:baseline;}<\/style>\n<p class=\"kt-adv-heading29916_3761de-be wp-block-kadence-advancedheading\" data-kb-block=\"kb-adv-heading29916_3761de-be\">Drug Exception Timeframes and Member Responsibilities You can ask our plan to make an exception to our prescription drug coverage rules. There are several types of exceptions you can ask us to make.<\/p>\n\n\n\n<ul class=\"wp-block-list\">\n<li>You can ask us to cover a drug even if it is not on our formulary. If approved, this drug will be covered at a pre-determined cost sharing level (tier), and you would not be able to ask us to provide the drug at a lower costsharing level.<\/li>\n\n\n\n<li>You can ask us to waive coverage restrictions or limits on your drug. For example, for certain drugs, our plan limits the amount of the drug that we will cover. If your drug has a quantity limit, you can ask us to waive the limit and cover a greater amount.<\/li>\n<\/ul>\n\n\n<style>.wp-block-kadence-advancedheading.kt-adv-heading29916_7a4e57-c3, .wp-block-kadence-advancedheading.kt-adv-heading29916_7a4e57-c3[data-kb-block=\"kb-adv-heading29916_7a4e57-c3\"]{font-style:normal;}.wp-block-kadence-advancedheading.kt-adv-heading29916_7a4e57-c3 mark.kt-highlight, .wp-block-kadence-advancedheading.kt-adv-heading29916_7a4e57-c3[data-kb-block=\"kb-adv-heading29916_7a4e57-c3\"] mark.kt-highlight{font-style:normal;color:#f76a0c;-webkit-box-decoration-break:clone;box-decoration-break:clone;padding-top:0px;padding-right:0px;padding-bottom:0px;padding-left:0px;}.wp-block-kadence-advancedheading.kt-adv-heading29916_7a4e57-c3 img.kb-inline-image, .wp-block-kadence-advancedheading.kt-adv-heading29916_7a4e57-c3[data-kb-block=\"kb-adv-heading29916_7a4e57-c3\"] img.kb-inline-image{width:150px;vertical-align:baseline;}<\/style>\n<p class=\"kt-adv-heading29916_7a4e57-c3 wp-block-kadence-advancedheading\" data-kb-block=\"kb-adv-heading29916_7a4e57-c3\">Generally, our plan will only approve your request for an exception if the alternative drug is included on the plan\u2019s formulary, the drug with lower cost share or additional utilization restrictions would not be as effective in treating your condition and\/or the alternative drug would cause you to have adverse medical effects.<\/p>\n\n\n<style>.wp-block-kadence-advancedheading.kt-adv-heading29916_34ecb1-45, .wp-block-kadence-advancedheading.kt-adv-heading29916_34ecb1-45[data-kb-block=\"kb-adv-heading29916_34ecb1-45\"]{font-style:normal;}.wp-block-kadence-advancedheading.kt-adv-heading29916_34ecb1-45 mark.kt-highlight, .wp-block-kadence-advancedheading.kt-adv-heading29916_34ecb1-45[data-kb-block=\"kb-adv-heading29916_34ecb1-45\"] mark.kt-highlight{font-style:normal;color:#f76a0c;-webkit-box-decoration-break:clone;box-decoration-break:clone;padding-top:0px;padding-right:0px;padding-bottom:0px;padding-left:0px;}.wp-block-kadence-advancedheading.kt-adv-heading29916_34ecb1-45 img.kb-inline-image, .wp-block-kadence-advancedheading.kt-adv-heading29916_34ecb1-45[data-kb-block=\"kb-adv-heading29916_34ecb1-45\"] img.kb-inline-image{width:150px;vertical-align:baseline;}<\/style>\n<p class=\"kt-adv-heading29916_34ecb1-45 wp-block-kadence-advancedheading\" data-kb-block=\"kb-adv-heading29916_34ecb1-45\"> You should contact us to ask us for an initial coverage decision for a formulary, tiering (cost sharing level) or utilization restriction exception. <strong>When you request a formulary, tiering or utilization restriction exception you should submit a statement from your prescriber or doctor supporting your request<\/strong>. Generally, we must make our decision within 72 hours of getting your prescriber\u2019s supporting statement. You can request an expedited (fast) exception if you or your doctor believes that your health could be seriously harmed by waiting up to 72 hours for a decision. If your request to expedite is granted, we must give you a decision no later than 24 hours after we get a supporting statement from your doctor or other prescriber.<\/p>\n\n\n\n<p class=\"wp-block-kadence-advancedheading\" data-kb-block=\"kb-adv-headingundefined\">Prime Therapeutics is the Pharmacy Benefit Manager (PBM) for Alliant. You can make a Formulary Exception Request online by using our online form or by calling Prime Member Services at (844) 451-8288 to initiate the exception request. Pharmacy Coverage Exception Request information can be found at <a href=\"http:\/\/www.myprime.com\/v\/ALLIANT\/COMMERCIAL\/en\/coverage-exception-form.html\">www.myprime.com\/v\/ALLIANT\/COMMERCIAL\/en\/coverage-exception-form.html<\/a><\/p>\n\n\n<style>.wp-block-kadence-advancedheading.kt-adv-heading29916_182731-da, .wp-block-kadence-advancedheading.kt-adv-heading29916_182731-da[data-kb-block=\"kb-adv-heading29916_182731-da\"]{font-style:normal;}.wp-block-kadence-advancedheading.kt-adv-heading29916_182731-da mark.kt-highlight, .wp-block-kadence-advancedheading.kt-adv-heading29916_182731-da[data-kb-block=\"kb-adv-heading29916_182731-da\"] mark.kt-highlight{font-style:normal;color:#f76a0c;-webkit-box-decoration-break:clone;box-decoration-break:clone;padding-top:0px;padding-right:0px;padding-bottom:0px;padding-left:0px;}.wp-block-kadence-advancedheading.kt-adv-heading29916_182731-da img.kb-inline-image, .wp-block-kadence-advancedheading.kt-adv-heading29916_182731-da[data-kb-block=\"kb-adv-heading29916_182731-da\"] img.kb-inline-image{width:150px;vertical-align:baseline;}<\/style>\n<p class=\"kt-adv-heading29916_182731-da wp-block-kadence-advancedheading\" data-kb-block=\"kb-adv-heading29916_182731-da\">If you disagree with our decision you have the right to request an external review by an Independent Review Organization (IRO). Alliant uses the federal process for Georgia-based plans and contracts with multiple IROs for Tennessee-based plans. There is no charge to you for the external review to be done. <\/p>\n\n\n<style>.wp-block-kadence-advancedheading.kt-adv-heading29916_c49be0-26, .wp-block-kadence-advancedheading.kt-adv-heading29916_c49be0-26[data-kb-block=\"kb-adv-heading29916_c49be0-26\"]{font-style:normal;}.wp-block-kadence-advancedheading.kt-adv-heading29916_c49be0-26 mark.kt-highlight, .wp-block-kadence-advancedheading.kt-adv-heading29916_c49be0-26[data-kb-block=\"kb-adv-heading29916_c49be0-26\"] mark.kt-highlight{font-style:normal;color:#f76a0c;-webkit-box-decoration-break:clone;box-decoration-break:clone;padding-top:0px;padding-right:0px;padding-bottom:0px;padding-left:0px;}.wp-block-kadence-advancedheading.kt-adv-heading29916_c49be0-26 img.kb-inline-image, .wp-block-kadence-advancedheading.kt-adv-heading29916_c49be0-26[data-kb-block=\"kb-adv-heading29916_c49be0-26\"] img.kb-inline-image{width:150px;vertical-align:baseline;}<\/style>\n<p class=\"kt-adv-heading29916_c49be0-26 wp-block-kadence-advancedheading\" data-kb-block=\"kb-adv-heading29916_c49be0-26\">For Georgia-based plans (Individual and Group): <\/p>\n\n\n\n<ul class=\"wp-block-list\">\n<li>You, your representative, or prescribing doctor can submit a request for external review online at <a href=\"http:\/\/www.externalappeal.cms.gov\" target=\"_blank\" rel=\"noreferrer noopener\">www.externalappeal.cms.gov,<\/a> by calling <a href=\"tel:8888666205\">(888) 866-6205<\/a> to ask for an external review request form, or by sending the request via email to <a href=\"mailto:ferp@maximus.com\">ferp@maximus.com<\/a>. To request an external review by fax or mail:<br><br>MAXIMUS Federal Services 3750 Monroe Avenue, Suite 705<br>Pittsford, NY 14534<br>Fax: <a href=\"tel:8888666190\">(888) 866-6190<\/a><\/li>\n<\/ul>\n\n\n<style>.wp-block-kadence-advancedheading.kt-adv-heading29916_5d8591-26, .wp-block-kadence-advancedheading.kt-adv-heading29916_5d8591-26[data-kb-block=\"kb-adv-heading29916_5d8591-26\"]{font-style:normal;}.wp-block-kadence-advancedheading.kt-adv-heading29916_5d8591-26 mark.kt-highlight, .wp-block-kadence-advancedheading.kt-adv-heading29916_5d8591-26[data-kb-block=\"kb-adv-heading29916_5d8591-26\"] mark.kt-highlight{font-style:normal;color:#f76a0c;-webkit-box-decoration-break:clone;box-decoration-break:clone;padding-top:0px;padding-right:0px;padding-bottom:0px;padding-left:0px;}.wp-block-kadence-advancedheading.kt-adv-heading29916_5d8591-26 img.kb-inline-image, .wp-block-kadence-advancedheading.kt-adv-heading29916_5d8591-26[data-kb-block=\"kb-adv-heading29916_5d8591-26\"] img.kb-inline-image{width:150px;vertical-align:baseline;}<\/style>\n<p class=\"kt-adv-heading29916_5d8591-26 wp-block-kadence-advancedheading\" data-kb-block=\"kb-adv-heading29916_5d8591-26\">For Tennessee-based plans (Individual and Group):<\/p>\n\n\n\n<ul class=\"wp-block-list\">\n<li>You, your representative, or prescribing doctor can submit a request for external review by calling (800) 865-5922 to ask for an external review request form. To request an external review by fax or mail:<br><br>Alliant Health Plans<br>Appeals Department<br>PO BOX 1247<br>Dalton, GA 30722<br>Fax: (866) 634-8917<\/li>\n<\/ul>\n<\/div><\/div>\n\n<\/div><\/div>","protected":false},"excerpt":{"rendered":"<p>Drug Exception Timeframes and Member Responsibilities December 2024 Drug Exception Timeframes and Member Responsibilities You can ask our plan to make an exception to our prescription drug coverage rules. There are several types of exceptions you can ask us to make. Generally, our plan will only approve your request for an exception if the alternative&#8230;<\/p>\n","protected":false},"author":1,"featured_media":0,"parent":0,"menu_order":0,"comment_status":"closed","ping_status":"closed","template":"","meta":{"_acf_changed":false,"_kad_blocks_custom_css":"","_kad_blocks_head_custom_js":"","_kad_blocks_body_custom_js":"","_kad_blocks_footer_custom_js":"","_monsterinsights_skip_tracking":false,"_monsterinsights_sitenote_active":false,"_monsterinsights_sitenote_note":"","_monsterinsights_sitenote_category":0,"_kadence_starter_templates_imported_post":false,"_kad_post_transparent":"","_kad_post_title":"","_kad_post_layout":"narrow","_kad_post_sidebar_id":"","_kad_post_content_style":"","_kad_post_vertical_padding":"","_kad_post_feature":"","_kad_post_feature_position":"","_kad_post_header":false,"_kad_post_footer":false,"_kad_post_classname":"","_jet_sm_ready_style":"","_jet_sm_style":"","_jet_sm_controls_values":"","_jet_sm_fonts_collection":"","_jet_sm_fonts_links":"","footnotes":""},"class_list":["post-29916","page","type-page","status-publish","hentry"],"acf":[],"yoast_head":"<!-- This site is optimized with the Yoast SEO Premium plugin v27.3 (Yoast SEO v27.3) - https:\/\/yoast.com\/product\/yoast-seo-premium-wordpress\/ -->\n<title>Drug Exception Timeframes and Member Responsibilities - Alliant Health Plans<\/title>\n<meta name=\"robots\" content=\"index, follow, max-snippet:-1, max-image-preview:large, max-video-preview:-1\" \/>\n<link rel=\"canonical\" href=\"https:\/\/alliantplans.com\/es\/drug-exception-timeframes-and-member-responsibilities\/\" \/>\n<meta property=\"og:locale\" content=\"es_ES\" \/>\n<meta property=\"og:type\" content=\"article\" \/>\n<meta property=\"og:title\" content=\"Drug Exception Timeframes and Member Responsibilities\" \/>\n<meta property=\"og:description\" content=\"Drug Exception Timeframes and Member Responsibilities December 2024 Drug Exception Timeframes and Member Responsibilities You can ask our plan to make an exception to our prescription drug coverage rules. There are several types of exceptions you can ask us to make. Generally, our plan will only approve your request for an exception if the alternative...\" \/>\n<meta property=\"og:url\" content=\"https:\/\/alliantplans.com\/drug-exception-timeframes-and-member-responsibilities\/\" \/>\n<meta property=\"og:site_name\" content=\"Alliant Health Plans\" \/>\n<meta property=\"article:publisher\" content=\"https:\/\/www.facebook.com\/AlliantHealthPlans\/\" \/>\n<meta property=\"article:modified_time\" content=\"2025-07-16T12:25:38+00:00\" \/>\n<meta name=\"twitter:card\" content=\"summary_large_image\" \/>\n<meta name=\"twitter:label1\" content=\"Tiempo de lectura\" \/>\n\t<meta name=\"twitter:data1\" content=\"3 minutes\" \/>\n<script type=\"application\/ld+json\" class=\"yoast-schema-graph\">{\"@context\":\"https:\\\/\\\/schema.org\",\"@graph\":[{\"@type\":\"WebPage\",\"@id\":\"https:\\\/\\\/alliantplans.com\\\/drug-exception-timeframes-and-member-responsibilities\\\/\",\"url\":\"https:\\\/\\\/alliantplans.com\\\/drug-exception-timeframes-and-member-responsibilities\\\/\",\"name\":\"Drug Exception Timeframes and Member Responsibilities - Alliant Health Plans\",\"isPartOf\":{\"@id\":\"https:\\\/\\\/alliantplans.com\\\/es\\\/#website\"},\"datePublished\":\"2025-07-15T19:26:46+00:00\",\"dateModified\":\"2025-07-16T12:25:38+00:00\",\"breadcrumb\":{\"@id\":\"https:\\\/\\\/alliantplans.com\\\/drug-exception-timeframes-and-member-responsibilities\\\/#breadcrumb\"},\"inLanguage\":\"es-ES\",\"potentialAction\":[{\"@type\":\"ReadAction\",\"target\":[\"https:\\\/\\\/alliantplans.com\\\/drug-exception-timeframes-and-member-responsibilities\\\/\"]}]},{\"@type\":\"BreadcrumbList\",\"@id\":\"https:\\\/\\\/alliantplans.com\\\/drug-exception-timeframes-and-member-responsibilities\\\/#breadcrumb\",\"itemListElement\":[{\"@type\":\"ListItem\",\"position\":1,\"name\":\"Home\",\"item\":\"https:\\\/\\\/alliantplans.com\\\/es\\\/pagina-de-inicio\\\/\"},{\"@type\":\"ListItem\",\"position\":2,\"name\":\"Drug Exception Timeframes and Member Responsibilities\"}]},{\"@type\":\"WebSite\",\"@id\":\"https:\\\/\\\/alliantplans.com\\\/es\\\/#website\",\"url\":\"https:\\\/\\\/alliantplans.com\\\/es\\\/\",\"name\":\"Alliant Health Plans\",\"description\":\"Un proveedor l\u00edder de seguros de atenci\u00f3n m\u00e9dica\\n\",\"publisher\":{\"@id\":\"https:\\\/\\\/alliantplans.com\\\/es\\\/#organization\"},\"potentialAction\":[{\"@type\":\"SearchAction\",\"target\":{\"@type\":\"EntryPoint\",\"urlTemplate\":\"https:\\\/\\\/alliantplans.com\\\/es\\\/?s={search_term_string}\"},\"query-input\":{\"@type\":\"PropertyValueSpecification\",\"valueRequired\":true,\"valueName\":\"search_term_string\"}}],\"inLanguage\":\"es-ES\"},{\"@type\":\"Organization\",\"@id\":\"https:\\\/\\\/alliantplans.com\\\/es\\\/#organization\",\"name\":\"Alliant Health Plans\",\"alternateName\":\"AHP\",\"url\":\"https:\\\/\\\/alliantplans.com\\\/es\\\/\",\"logo\":{\"@type\":\"ImageObject\",\"inLanguage\":\"es-ES\",\"@id\":\"https:\\\/\\\/alliantplans.com\\\/es\\\/#\\\/schema\\\/logo\\\/image\\\/\",\"url\":\"https:\\\/\\\/alliantplans.com\\\/wp-content\\\/uploads\\\/2024\\\/04\\\/Alliant-Health-Plans-Logo-Blue.svg\",\"contentUrl\":\"https:\\\/\\\/alliantplans.com\\\/wp-content\\\/uploads\\\/2024\\\/04\\\/Alliant-Health-Plans-Logo-Blue.svg\",\"caption\":\"Alliant Health Plans\"},\"image\":{\"@id\":\"https:\\\/\\\/alliantplans.com\\\/es\\\/#\\\/schema\\\/logo\\\/image\\\/\"},\"sameAs\":[\"https:\\\/\\\/www.facebook.com\\\/AlliantHealthPlans\\\/\"]}]}<\/script>\n<!-- \/ Yoast SEO Premium plugin. -->","yoast_head_json":{"title":"Drug Exception Timeframes and Member Responsibilities - Alliant Health Plans","robots":{"index":"index","follow":"follow","max-snippet":"max-snippet:-1","max-image-preview":"max-image-preview:large","max-video-preview":"max-video-preview:-1"},"canonical":"https:\/\/alliantplans.com\/es\/drug-exception-timeframes-and-member-responsibilities\/","og_locale":"es_ES","og_type":"article","og_title":"Drug Exception Timeframes and Member Responsibilities","og_description":"Drug Exception Timeframes and Member Responsibilities December 2024 Drug Exception Timeframes and Member Responsibilities You can ask our plan to make an exception to our prescription drug coverage rules. There are several types of exceptions you can ask us to make. Generally, our plan will only approve your request for an exception if the alternative...","og_url":"https:\/\/alliantplans.com\/drug-exception-timeframes-and-member-responsibilities\/","og_site_name":"Alliant Health Plans","article_publisher":"https:\/\/www.facebook.com\/AlliantHealthPlans\/","article_modified_time":"2025-07-16T12:25:38+00:00","twitter_card":"summary_large_image","twitter_misc":{"Tiempo de lectura":"3 minutes"},"schema":{"@context":"https:\/\/schema.org","@graph":[{"@type":"WebPage","@id":"https:\/\/alliantplans.com\/drug-exception-timeframes-and-member-responsibilities\/","url":"https:\/\/alliantplans.com\/drug-exception-timeframes-and-member-responsibilities\/","name":"Drug Exception Timeframes and Member Responsibilities - Alliant Health Plans","isPartOf":{"@id":"https:\/\/alliantplans.com\/es\/#website"},"datePublished":"2025-07-15T19:26:46+00:00","dateModified":"2025-07-16T12:25:38+00:00","breadcrumb":{"@id":"https:\/\/alliantplans.com\/drug-exception-timeframes-and-member-responsibilities\/#breadcrumb"},"inLanguage":"es-ES","potentialAction":[{"@type":"ReadAction","target":["https:\/\/alliantplans.com\/drug-exception-timeframes-and-member-responsibilities\/"]}]},{"@type":"BreadcrumbList","@id":"https:\/\/alliantplans.com\/drug-exception-timeframes-and-member-responsibilities\/#breadcrumb","itemListElement":[{"@type":"ListItem","position":1,"name":"Home","item":"https:\/\/alliantplans.com\/es\/pagina-de-inicio\/"},{"@type":"ListItem","position":2,"name":"Drug Exception Timeframes and Member Responsibilities"}]},{"@type":"WebSite","@id":"https:\/\/alliantplans.com\/es\/#website","url":"https:\/\/alliantplans.com\/es\/","name":"Alliant Health Plans","description":"Un proveedor l\u00edder de seguros de atenci\u00f3n m\u00e9dica\n","publisher":{"@id":"https:\/\/alliantplans.com\/es\/#organization"},"potentialAction":[{"@type":"SearchAction","target":{"@type":"EntryPoint","urlTemplate":"https:\/\/alliantplans.com\/es\/?s={search_term_string}"},"query-input":{"@type":"PropertyValueSpecification","valueRequired":true,"valueName":"search_term_string"}}],"inLanguage":"es-ES"},{"@type":"Organization","@id":"https:\/\/alliantplans.com\/es\/#organization","name":"Alliant Health Plans","alternateName":"AHP","url":"https:\/\/alliantplans.com\/es\/","logo":{"@type":"ImageObject","inLanguage":"es-ES","@id":"https:\/\/alliantplans.com\/es\/#\/schema\/logo\/image\/","url":"https:\/\/alliantplans.com\/wp-content\/uploads\/2024\/04\/Alliant-Health-Plans-Logo-Blue.svg","contentUrl":"https:\/\/alliantplans.com\/wp-content\/uploads\/2024\/04\/Alliant-Health-Plans-Logo-Blue.svg","caption":"Alliant Health Plans"},"image":{"@id":"https:\/\/alliantplans.com\/es\/#\/schema\/logo\/image\/"},"sameAs":["https:\/\/www.facebook.com\/AlliantHealthPlans\/"]}]}},"taxonomy_info":[],"featured_image_src_large":false,"author_info":{"display_name":"jobi","author_link":"https:\/\/alliantplans.com\/es\/author\/jobi\/"},"comment_info":0,"_links":{"self":[{"href":"https:\/\/alliantplans.com\/es\/wp-json\/wp\/v2\/pages\/29916","targetHints":{"allow":["GET"]}}],"collection":[{"href":"https:\/\/alliantplans.com\/es\/wp-json\/wp\/v2\/pages"}],"about":[{"href":"https:\/\/alliantplans.com\/es\/wp-json\/wp\/v2\/types\/page"}],"author":[{"embeddable":true,"href":"https:\/\/alliantplans.com\/es\/wp-json\/wp\/v2\/users\/1"}],"replies":[{"embeddable":true,"href":"https:\/\/alliantplans.com\/es\/wp-json\/wp\/v2\/comments?post=29916"}],"version-history":[{"count":10,"href":"https:\/\/alliantplans.com\/es\/wp-json\/wp\/v2\/pages\/29916\/revisions"}],"predecessor-version":[{"id":29948,"href":"https:\/\/alliantplans.com\/es\/wp-json\/wp\/v2\/pages\/29916\/revisions\/29948"}],"wp:attachment":[{"href":"https:\/\/alliantplans.com\/es\/wp-json\/wp\/v2\/media?parent=29916"}],"curies":[{"name":"wp","href":"https:\/\/api.w.org\/{rel}","templated":true}]}}