{"id":2856,"date":"2023-12-12T15:19:47","date_gmt":"2023-12-12T15:19:47","guid":{"rendered":"https:\/\/alliantplans.com\/?page_id=2856"},"modified":"2025-05-27T10:01:15","modified_gmt":"2025-05-27T14:01:15","slug":"appointment-broker","status":"publish","type":"page","link":"https:\/\/alliantplans.com\/brokers\/appointment-broker\/","title":{"rendered":"Appointment (Broker)"},"content":{"rendered":"<style>.kb-row-layout-wrap.wp-block-kadence-rowlayout.kb-row-layout-id2856_d83b0e-c5{margin-bottom:var(--global-kb-spacing-xl, 4rem);}.kb-row-layout-id2856_d83b0e-c5 > .kt-row-column-wrap{align-content:start;}:where(.kb-row-layout-id2856_d83b0e-c5 > .kt-row-column-wrap) > .wp-block-kadence-column{justify-content:start;}.kb-row-layout-id2856_d83b0e-c5 > .kt-row-column-wrap{column-gap:var(--global-kb-gap-md, 2rem);row-gap:var(--global-kb-gap-md, 2rem);max-width:var( --global-content-width, 1440px );padding-left:var(--global-content-edge-padding);padding-right:var(--global-content-edge-padding);padding-top:var(--global-kb-spacing-xxl, 5rem);padding-bottom:var(--global-kb-spacing-xxl, 5rem);grid-template-columns:minmax(0, 1fr);}.kb-row-layout-id2856_d83b0e-c5 > .kt-row-layout-overlay{opacity:0.80;}.kb-row-layout-id2856_d83b0e-c5 ,.kb-row-layout-id2856_d83b0e-c5 h1,.kb-row-layout-id2856_d83b0e-c5 h2,.kb-row-layout-id2856_d83b0e-c5 h3,.kb-row-layout-id2856_d83b0e-c5 h4,.kb-row-layout-id2856_d83b0e-c5 h5,.kb-row-layout-id2856_d83b0e-c5 h6{color:var(--global-palette3, #1A202C);}.kb-row-layout-id2856_d83b0e-c5 a{color:var(--global-palette4, #2D3748);}.kb-row-layout-id2856_d83b0e-c5 a:hover{color:var(--global-palette5, #4A5568);}@media all and (max-width: 1024px){.kb-row-layout-id2856_d83b0e-c5 > .kt-row-column-wrap{grid-template-columns:minmax(0, 1fr);}}@media all and (max-width: 767px){.kb-row-layout-id2856_d83b0e-c5 > .kt-row-column-wrap{grid-template-columns:minmax(0, 1fr);}}<\/style><div class=\"kb-row-layout-wrap kb-row-layout-id2856_d83b0e-c5 alignfull wp-block-kadence-rowlayout\"><div class=\"kt-row-column-wrap kt-has-1-columns kt-row-layout-equal kt-tab-layout-inherit kt-mobile-layout-row kt-row-valign-top kb-theme-content-width\">\n<style>.kadence-column2856_cb8266-8b > .kt-inside-inner-col,.kadence-column2856_cb8266-8b > .kt-inside-inner-col:before{border-top-left-radius:0px;border-top-right-radius:0px;border-bottom-right-radius:0px;border-bottom-left-radius:0px;}.kadence-column2856_cb8266-8b > .kt-inside-inner-col{column-gap:var(--global-kb-gap-sm, 1rem);}.kadence-column2856_cb8266-8b > .kt-inside-inner-col{flex-direction:column;}.kadence-column2856_cb8266-8b > .kt-inside-inner-col > .aligncenter{width:100%;}.kadence-column2856_cb8266-8b > .kt-inside-inner-col:before{opacity:0.3;}.kadence-column2856_cb8266-8b{position:relative;}@media all and (max-width: 1024px){.kadence-column2856_cb8266-8b > .kt-inside-inner-col{flex-direction:column;justify-content:center;}}@media all and (max-width: 767px){.kadence-column2856_cb8266-8b > .kt-inside-inner-col{flex-direction:column;justify-content:center;}}<\/style>\n<div class=\"wp-block-kadence-column kadence-column2856_cb8266-8b\"><div class=\"kt-inside-inner-col\"><style>.kb-row-layout-id2856_43ff21-ac > .kt-row-column-wrap{align-content:start;}:where(.kb-row-layout-id2856_43ff21-ac > .kt-row-column-wrap) > .wp-block-kadence-column{justify-content:start;}.kb-row-layout-id2856_43ff21-ac > .kt-row-column-wrap{column-gap:var(--global-kb-gap-md, 2rem);row-gap:var(--global-kb-gap-md, 2rem);padding-top:0px;padding-right:0px;padding-bottom:0px;padding-left:0px;grid-template-columns:minmax(0, 1fr);}.kb-row-layout-id2856_43ff21-ac > .kt-row-layout-overlay{opacity:0.30;}@media all and (max-width: 1024px){.kb-row-layout-id2856_43ff21-ac > .kt-row-column-wrap{padding-right:var(--global-kb-spacing-4xl, 8rem);padding-left:var(--global-kb-spacing-4xl, 8rem);grid-template-columns:minmax(0, 1fr);}}@media all and (max-width: 767px){.kb-row-layout-id2856_43ff21-ac > .kt-row-column-wrap{padding-right:0px;padding-left:0px;grid-template-columns:minmax(0, 1fr);}}<\/style><div class=\"kb-row-layout-wrap kb-row-layout-id2856_43ff21-ac alignnone wp-block-kadence-rowlayout\"><div class=\"kt-row-column-wrap kt-has-1-columns kt-row-layout-equal kt-tab-layout-inherit kt-mobile-layout-row kt-row-valign-top\">\n<style>.kadence-column2856_ab1f99-66 > .kt-inside-inner-col,.kadence-column2856_ab1f99-66 > .kt-inside-inner-col:before{border-top-left-radius:0px;border-top-right-radius:0px;border-bottom-right-radius:0px;border-bottom-left-radius:0px;}.kadence-column2856_ab1f99-66 > .kt-inside-inner-col{column-gap:var(--global-kb-gap-sm, 1rem);}.kadence-column2856_ab1f99-66 > .kt-inside-inner-col{flex-direction:column;}.kadence-column2856_ab1f99-66 > .kt-inside-inner-col > .aligncenter{width:100%;}.kadence-column2856_ab1f99-66 > .kt-inside-inner-col:before{opacity:0.3;}.kadence-column2856_ab1f99-66{position:relative;}@media all and (max-width: 1024px){.kadence-column2856_ab1f99-66 > .kt-inside-inner-col{flex-direction:column;justify-content:center;}}@media all and (max-width: 767px){.kadence-column2856_ab1f99-66 > .kt-inside-inner-col{flex-direction:column;justify-content:center;}}<\/style>\n<div class=\"wp-block-kadence-column kadence-column2856_ab1f99-66\"><div class=\"kt-inside-inner-col\"><style>.wp-block-kadence-advancedheading.kt-adv-heading2856_0cd792-14, .wp-block-kadence-advancedheading.kt-adv-heading2856_0cd792-14[data-kb-block=\"kb-adv-heading2856_0cd792-14\"]{margin-top:0px;text-align:center;font-size:var(--global-kb-font-size-lg, 2rem);line-height:1.2;font-style:normal;text-transform:uppercase;}.wp-block-kadence-advancedheading.kt-adv-heading2856_0cd792-14 mark.kt-highlight, .wp-block-kadence-advancedheading.kt-adv-heading2856_0cd792-14[data-kb-block=\"kb-adv-heading2856_0cd792-14\"] mark.kt-highlight{font-style:normal;color:#f76a0c;-webkit-box-decoration-break:clone;box-decoration-break:clone;padding-top:0px;padding-right:0px;padding-bottom:0px;padding-left:0px;}.wp-block-kadence-advancedheading.kt-adv-heading2856_0cd792-14 img.kb-inline-image, .wp-block-kadence-advancedheading.kt-adv-heading2856_0cd792-14[data-kb-block=\"kb-adv-heading2856_0cd792-14\"] img.kb-inline-image{width:150px;vertical-align:baseline;}@media all and (max-width: 1024px){.wp-block-kadence-advancedheading.kt-adv-heading2856_0cd792-14, .wp-block-kadence-advancedheading.kt-adv-heading2856_0cd792-14[data-kb-block=\"kb-adv-heading2856_0cd792-14\"]{text-align:center!important;}}<\/style>\n<h2 class=\"kt-adv-heading2856_0cd792-14 wp-block-kadence-advancedheading has-theme-palette-1-color has-text-color\" data-kb-block=\"kb-adv-heading2856_0cd792-14\">Broker Appointment<\/h2>\n<\/div><\/div>\n\n<\/div><\/div><\/div><\/div>\n\n\n<style>.kadence-column2856_fe74c4-75 > .kt-inside-inner-col,.kadence-column2856_fe74c4-75 > .kt-inside-inner-col:before{border-top-left-radius:0px;border-top-right-radius:0px;border-bottom-right-radius:0px;border-bottom-left-radius:0px;}.kadence-column2856_fe74c4-75 > .kt-inside-inner-col{column-gap:var(--global-kb-gap-sm, 1rem);}.kadence-column2856_fe74c4-75 > .kt-inside-inner-col{flex-direction:column;}.kadence-column2856_fe74c4-75 > .kt-inside-inner-col > .aligncenter{width:100%;}.kadence-column2856_fe74c4-75 > .kt-inside-inner-col:before{opacity:0.3;}.kadence-column2856_fe74c4-75{position:relative;}@media all and (max-width: 1024px){.kadence-column2856_fe74c4-75 > .kt-inside-inner-col{flex-direction:column;justify-content:center;}}@media all and (max-width: 767px){.kadence-column2856_fe74c4-75 > .kt-inside-inner-col{flex-direction:column;justify-content:center;}}<\/style>\n<div class=\"wp-block-kadence-column kadence-column2856_fe74c4-75\"><div class=\"kt-inside-inner-col\"><style>.kb-row-layout-id2856_3692e2-73 > .kt-row-column-wrap{align-content:start;}:where(.kb-row-layout-id2856_3692e2-73 > .kt-row-column-wrap) > .wp-block-kadence-column{justify-content:start;}.kb-row-layout-id2856_3692e2-73 > .kt-row-column-wrap{column-gap:var(--global-kb-gap-md, 2rem);row-gap:var(--global-kb-gap-md, 2rem);padding-top:0px;padding-right:0px;padding-bottom:0px;padding-left:0px;grid-template-columns:minmax(0, 1fr);}.kb-row-layout-id2856_3692e2-73 > .kt-row-layout-overlay{opacity:0.30;}@media all and (max-width: 1024px){.kb-row-layout-id2856_3692e2-73 > .kt-row-column-wrap{padding-right:var(--global-kb-spacing-4xl, 8rem);padding-left:var(--global-kb-spacing-4xl, 8rem);grid-template-columns:minmax(0, 1fr);}}@media all and (max-width: 767px){.kb-row-layout-id2856_3692e2-73 > .kt-row-column-wrap{padding-right:0px;padding-left:0px;grid-template-columns:minmax(0, 1fr);}}<\/style><div class=\"kb-row-layout-wrap kb-row-layout-id2856_3692e2-73 alignnone wp-block-kadence-rowlayout\"><div class=\"kt-row-column-wrap kt-has-1-columns kt-row-layout-equal kt-tab-layout-inherit kt-mobile-layout-row kt-row-valign-top\">\n<style>.kadence-column2856_3ed326-84 > .kt-inside-inner-col,.kadence-column2856_3ed326-84 > .kt-inside-inner-col:before{border-top-left-radius:0px;border-top-right-radius:0px;border-bottom-right-radius:0px;border-bottom-left-radius:0px;}.kadence-column2856_3ed326-84 > .kt-inside-inner-col{column-gap:var(--global-kb-gap-sm, 1rem);}.kadence-column2856_3ed326-84 > .kt-inside-inner-col{flex-direction:column;}.kadence-column2856_3ed326-84 > .kt-inside-inner-col > .aligncenter{width:100%;}.kadence-column2856_3ed326-84 > .kt-inside-inner-col:before{opacity:0.3;}.kadence-column2856_3ed326-84{position:relative;}@media all and (max-width: 1024px){.kadence-column2856_3ed326-84 > .kt-inside-inner-col{flex-direction:column;justify-content:center;}}@media all and (max-width: 767px){.kadence-column2856_3ed326-84 > .kt-inside-inner-col{flex-direction:column;justify-content:center;}}<\/style>\n<div class=\"wp-block-kadence-column kadence-column2856_3ed326-84\"><div class=\"kt-inside-inner-col\">\n<p>For brokers interested in a productive business affiliation, Alliant Health Plans is the right place to start. Alliant is dedicated to appointing brokers in its mission to provide the community with access to health care through a variety of health insurance solutions.<\/p>\n\n\n\n<p>Interested individuals should fill out and submit the following form to receive broker contracting paperwork via DocuSign. Please submit the form only once, as multiple submissions may delay processing times. DocuSign will send an email within 30 minutes of your form submission. If you are unable to complete the DocuSign paperwork in a single session, please return to the paperwork using the link provided in the email from DocuSign.<\/p>\n\n\n\n<p>If you have questions about Alliant Health Plans or becoming a broker, questions can be sent to <a href=\"mailto:BOR@alliantplans.com\">BOR@AlliantPlans.com<\/a>. Alliant looks forward to working with you.<\/p>\n<\/div><\/div>\n\n<\/div><\/div>\n\n<style>.wp-block-kadence-advancedbtn.kb-btns2856_d903b6-9a{padding-top:var(--global-kb-spacing-xl, 4rem);gap:var(--global-kb-gap-xs, 0.5rem );justify-content:center;align-items:center;}.kt-btns2856_d903b6-9a .kt-button{font-weight:normal;font-style:normal;}.kt-btns2856_d903b6-9a .kt-btn-wrap-0{margin-right:5px;}.wp-block-kadence-advancedbtn.kt-btns2856_d903b6-9a .kt-btn-wrap-0 .kt-button{color:#555555;border-color:#555555;}.wp-block-kadence-advancedbtn.kt-btns2856_d903b6-9a .kt-btn-wrap-0 .kt-button:hover, .wp-block-kadence-advancedbtn.kt-btns2856_d903b6-9a .kt-btn-wrap-0 .kt-button:focus{color:#ffffff;border-color:#444444;}.wp-block-kadence-advancedbtn.kt-btns2856_d903b6-9a .kt-btn-wrap-0 .kt-button::before{display:none;}.wp-block-kadence-advancedbtn.kt-btns2856_d903b6-9a .kt-btn-wrap-0 .kt-button:hover, .wp-block-kadence-advancedbtn.kt-btns2856_d903b6-9a .kt-btn-wrap-0 .kt-button:focus{background:#444444;}<\/style>\n<div class=\"wp-block-kadence-advancedbtn kb-buttons-wrap kb-btns2856_d903b6-9a\"><style>.wp-block-kadence-advancedbtn .kb-btn2856_9e2567-07.kb-button, ul.menu .wp-block-kadence-advancedbtn .kb-btn2856_9e2567-07.kb-button{width:200px;}.wp-block-kadence-advancedbtn .kb-btn2856_9e2567-07.kb-button:hover, .wp-block-kadence-advancedbtn .kb-btn2856_9e2567-07.kb-button:focus{color:var(--global-palette9, #ffffff);background:var(--global-palette1, #3182CE);}<\/style><a class=\"kb-button kt-button button kb-btn2856_9e2567-07 kt-btn-size-small kt-btn-width-type-fixed kb-btn-global-fill  kt-btn-has-text-true kt-btn-has-svg-true  wp-block-kadence-singlebtn\" href=\"https:\/\/forms.office.com\/r\/5fn7i3UYFR\" target=\"_blank\" rel=\"noreferrer noopener nofollow\"><span class=\"kt-btn-inner-text\">Form Access<\/span><span class=\"kb-svg-icon-wrap kb-svg-icon-fa_wpforms kt-btn-icon-side-right\"><svg viewBox=\"0 0 448 512\"  fill=\"currentColor\" xmlns=\"http:\/\/www.w3.org\/2000\/svg\"  aria-hidden=\"true\"><path d=\"M448 75.2v361.7c0 24.3-19 43.2-43.2 43.2H43.2C19.3 480 0 461.4 0 436.8V75.2C0 51.1 18.8 32 43.2 32h361.7c24 0 43.1 18.8 43.1 43.2zm-37.3 361.6V75.2c0-3-2.6-5.8-5.8-5.8h-9.3L285.3 144 224 94.1 162.8 144 52.5 69.3h-9.3c-3.2 0-5.8 2.8-5.8 5.8v361.7c0 3 2.6 5.8 5.8 5.8h361.7c3.2.1 5.8-2.7 5.8-5.8zM150.2 186v37H76.7v-37h73.5zm0 74.4v37.3H76.7v-37.3h73.5zm11.1-147.3l54-43.7H96.8l64.5 43.7zm210 72.9v37h-196v-37h196zm0 74.4v37.3h-196v-37.3h196zm-84.6-147.3l64.5-43.7H232.8l53.9 43.7zM371.3 335v37.3h-99.4V335h99.4z\"\/><\/svg><\/span><\/a><\/div>\n<\/div><\/div>\n\n<\/div><\/div>","protected":false},"excerpt":{"rendered":"<p>Broker Appointment For brokers interested in a productive business affiliation, Alliant Health Plans is the right place to start. Alliant is dedicated to appointing brokers in its mission to provide the community with access to health care through a variety of health insurance solutions. Interested individuals should fill out and submit the following form to&#8230;<\/p>\n","protected":false},"author":1,"featured_media":0,"parent":40,"menu_order":0,"comment_status":"closed","ping_status":"closed","template":"","meta":{"_acf_changed":false,"_kad_blocks_custom_css":"","_kad_blocks_head_custom_js":"","_kad_blocks_body_custom_js":"","_kad_blocks_footer_custom_js":"","_monsterinsights_skip_tracking":false,"_monsterinsights_sitenote_active":false,"_monsterinsights_sitenote_note":"","_monsterinsights_sitenote_category":0,"_kadence_starter_templates_imported_post":false,"_kad_post_transparent":"","_kad_post_title":"","_kad_post_layout":"","_kad_post_sidebar_id":"","_kad_post_content_style":"","_kad_post_vertical_padding":"","_kad_post_feature":"","_kad_post_feature_position":"","_kad_post_header":false,"_kad_post_footer":false,"_kad_post_classname":"","_jet_sm_ready_style":"","_jet_sm_style":"","_jet_sm_controls_values":"","_jet_sm_fonts_collection":"","_jet_sm_fonts_links":"","footnotes":""},"class_list":["post-2856","page","type-page","status-publish","hentry"],"acf":[],"yoast_head":"<!-- This site is optimized with the Yoast SEO Premium plugin v27.4 (Yoast SEO v27.4) - https:\/\/yoast.com\/product\/yoast-seo-premium-wordpress\/ -->\n<title>Appointment (Broker) - Alliant Health Plans<\/title>\n<meta name=\"robots\" content=\"index, follow, max-snippet:-1, max-image-preview:large, max-video-preview:-1\" \/>\n<link rel=\"canonical\" href=\"https:\/\/alliantplans.com\/es\/brokers\/appointment-broker\/\" \/>\n<meta property=\"og:locale\" content=\"es_ES\" \/>\n<meta property=\"og:type\" content=\"article\" \/>\n<meta property=\"og:title\" content=\"Appointment (Broker)\" \/>\n<meta property=\"og:description\" content=\"Broker Appointment For brokers interested in a productive business affiliation, Alliant Health Plans is the right place to start. Alliant is dedicated to appointing brokers in its mission to provide the community with access to health care through a variety of health insurance solutions. Interested individuals should fill out and submit the following form to...\" \/>\n<meta property=\"og:url\" content=\"https:\/\/alliantplans.com\/brokers\/appointment-broker\/\" \/>\n<meta property=\"og:site_name\" content=\"Alliant Health Plans\" \/>\n<meta property=\"article:publisher\" content=\"https:\/\/www.facebook.com\/AlliantHealthPlans\/\" \/>\n<meta property=\"article:modified_time\" content=\"2025-05-27T14:01:15+00:00\" \/>\n<meta name=\"twitter:card\" content=\"summary_large_image\" \/>\n<meta name=\"twitter:label1\" content=\"Tiempo de lectura\" \/>\n\t<meta name=\"twitter:data1\" content=\"1 minute\" \/>\n<script type=\"application\/ld+json\" class=\"yoast-schema-graph\">{\"@context\":\"https:\\\/\\\/schema.org\",\"@graph\":[{\"@type\":\"WebPage\",\"@id\":\"https:\\\/\\\/alliantplans.com\\\/brokers\\\/appointment-broker\\\/\",\"url\":\"https:\\\/\\\/alliantplans.com\\\/brokers\\\/appointment-broker\\\/\",\"name\":\"Appointment (Broker) - Alliant Health Plans\",\"isPartOf\":{\"@id\":\"https:\\\/\\\/alliantplans.com\\\/es\\\/#website\"},\"datePublished\":\"2023-12-12T15:19:47+00:00\",\"dateModified\":\"2025-05-27T14:01:15+00:00\",\"breadcrumb\":{\"@id\":\"https:\\\/\\\/alliantplans.com\\\/brokers\\\/appointment-broker\\\/#breadcrumb\"},\"inLanguage\":\"es-ES\",\"potentialAction\":[{\"@type\":\"ReadAction\",\"target\":[\"https:\\\/\\\/alliantplans.com\\\/brokers\\\/appointment-broker\\\/\"]}]},{\"@type\":\"BreadcrumbList\",\"@id\":\"https:\\\/\\\/alliantplans.com\\\/brokers\\\/appointment-broker\\\/#breadcrumb\",\"itemListElement\":[{\"@type\":\"ListItem\",\"position\":1,\"name\":\"Home\",\"item\":\"https:\\\/\\\/alliantplans.com\\\/es\\\/pagina-de-inicio\\\/\"},{\"@type\":\"ListItem\",\"position\":2,\"name\":\"Brokers\",\"item\":\"https:\\\/\\\/alliantplans.com\\\/es\\\/brokers\\\/\"},{\"@type\":\"ListItem\",\"position\":3,\"name\":\"Appointment (Broker)\"}]},{\"@type\":\"WebSite\",\"@id\":\"https:\\\/\\\/alliantplans.com\\\/es\\\/#website\",\"url\":\"https:\\\/\\\/alliantplans.com\\\/es\\\/\",\"name\":\"Alliant Health Plans\",\"description\":\"Un proveedor l\u00edder de seguros de atenci\u00f3n m\u00e9dica\\n\",\"publisher\":{\"@id\":\"https:\\\/\\\/alliantplans.com\\\/es\\\/#organization\"},\"potentialAction\":[{\"@type\":\"SearchAction\",\"target\":{\"@type\":\"EntryPoint\",\"urlTemplate\":\"https:\\\/\\\/alliantplans.com\\\/es\\\/?s={search_term_string}\"},\"query-input\":{\"@type\":\"PropertyValueSpecification\",\"valueRequired\":true,\"valueName\":\"search_term_string\"}}],\"inLanguage\":\"es-ES\"},{\"@type\":\"Organization\",\"@id\":\"https:\\\/\\\/alliantplans.com\\\/es\\\/#organization\",\"name\":\"Alliant Health Plans\",\"alternateName\":\"AHP\",\"url\":\"https:\\\/\\\/alliantplans.com\\\/es\\\/\",\"logo\":{\"@type\":\"ImageObject\",\"inLanguage\":\"es-ES\",\"@id\":\"https:\\\/\\\/alliantplans.com\\\/es\\\/#\\\/schema\\\/logo\\\/image\\\/\",\"url\":\"https:\\\/\\\/alliantplans.com\\\/wp-content\\\/uploads\\\/2024\\\/04\\\/Alliant-Health-Plans-Logo-Blue.svg\",\"contentUrl\":\"https:\\\/\\\/alliantplans.com\\\/wp-content\\\/uploads\\\/2024\\\/04\\\/Alliant-Health-Plans-Logo-Blue.svg\",\"caption\":\"Alliant Health Plans\"},\"image\":{\"@id\":\"https:\\\/\\\/alliantplans.com\\\/es\\\/#\\\/schema\\\/logo\\\/image\\\/\"},\"sameAs\":[\"https:\\\/\\\/www.facebook.com\\\/AlliantHealthPlans\\\/\"]}]}<\/script>\n<!-- \/ Yoast SEO Premium plugin. -->","yoast_head_json":{"title":"Appointment (Broker) - Alliant Health Plans","robots":{"index":"index","follow":"follow","max-snippet":"max-snippet:-1","max-image-preview":"max-image-preview:large","max-video-preview":"max-video-preview:-1"},"canonical":"https:\/\/alliantplans.com\/es\/brokers\/appointment-broker\/","og_locale":"es_ES","og_type":"article","og_title":"Appointment (Broker)","og_description":"Broker Appointment For brokers interested in a productive business affiliation, Alliant Health Plans is the right place to start. Alliant is dedicated to appointing brokers in its mission to provide the community with access to health care through a variety of health insurance solutions. Interested individuals should fill out and submit the following form to...","og_url":"https:\/\/alliantplans.com\/brokers\/appointment-broker\/","og_site_name":"Alliant Health Plans","article_publisher":"https:\/\/www.facebook.com\/AlliantHealthPlans\/","article_modified_time":"2025-05-27T14:01:15+00:00","twitter_card":"summary_large_image","twitter_misc":{"Tiempo de lectura":"1 minute"},"schema":{"@context":"https:\/\/schema.org","@graph":[{"@type":"WebPage","@id":"https:\/\/alliantplans.com\/brokers\/appointment-broker\/","url":"https:\/\/alliantplans.com\/brokers\/appointment-broker\/","name":"Appointment (Broker) - Alliant Health Plans","isPartOf":{"@id":"https:\/\/alliantplans.com\/es\/#website"},"datePublished":"2023-12-12T15:19:47+00:00","dateModified":"2025-05-27T14:01:15+00:00","breadcrumb":{"@id":"https:\/\/alliantplans.com\/brokers\/appointment-broker\/#breadcrumb"},"inLanguage":"es-ES","potentialAction":[{"@type":"ReadAction","target":["https:\/\/alliantplans.com\/brokers\/appointment-broker\/"]}]},{"@type":"BreadcrumbList","@id":"https:\/\/alliantplans.com\/brokers\/appointment-broker\/#breadcrumb","itemListElement":[{"@type":"ListItem","position":1,"name":"Home","item":"https:\/\/alliantplans.com\/es\/pagina-de-inicio\/"},{"@type":"ListItem","position":2,"name":"Brokers","item":"https:\/\/alliantplans.com\/es\/brokers\/"},{"@type":"ListItem","position":3,"name":"Appointment (Broker)"}]},{"@type":"WebSite","@id":"https:\/\/alliantplans.com\/es\/#website","url":"https:\/\/alliantplans.com\/es\/","name":"Alliant Health Plans","description":"Un proveedor l\u00edder de seguros de atenci\u00f3n m\u00e9dica\n","publisher":{"@id":"https:\/\/alliantplans.com\/es\/#organization"},"potentialAction":[{"@type":"SearchAction","target":{"@type":"EntryPoint","urlTemplate":"https:\/\/alliantplans.com\/es\/?s={search_term_string}"},"query-input":{"@type":"PropertyValueSpecification","valueRequired":true,"valueName":"search_term_string"}}],"inLanguage":"es-ES"},{"@type":"Organization","@id":"https:\/\/alliantplans.com\/es\/#organization","name":"Alliant Health Plans","alternateName":"AHP","url":"https:\/\/alliantplans.com\/es\/","logo":{"@type":"ImageObject","inLanguage":"es-ES","@id":"https:\/\/alliantplans.com\/es\/#\/schema\/logo\/image\/","url":"https:\/\/alliantplans.com\/wp-content\/uploads\/2024\/04\/Alliant-Health-Plans-Logo-Blue.svg","contentUrl":"https:\/\/alliantplans.com\/wp-content\/uploads\/2024\/04\/Alliant-Health-Plans-Logo-Blue.svg","caption":"Alliant Health Plans"},"image":{"@id":"https:\/\/alliantplans.com\/es\/#\/schema\/logo\/image\/"},"sameAs":["https:\/\/www.facebook.com\/AlliantHealthPlans\/"]}]}},"taxonomy_info":[],"featured_image_src_large":false,"author_info":{"display_name":"jobi","author_link":"https:\/\/alliantplans.com\/es\/author\/jobi\/"},"comment_info":0,"_links":{"self":[{"href":"https:\/\/alliantplans.com\/es\/wp-json\/wp\/v2\/pages\/2856","targetHints":{"allow":["GET"]}}],"collection":[{"href":"https:\/\/alliantplans.com\/es\/wp-json\/wp\/v2\/pages"}],"about":[{"href":"https:\/\/alliantplans.com\/es\/wp-json\/wp\/v2\/types\/page"}],"author":[{"embeddable":true,"href":"https:\/\/alliantplans.com\/es\/wp-json\/wp\/v2\/users\/1"}],"replies":[{"embeddable":true,"href":"https:\/\/alliantplans.com\/es\/wp-json\/wp\/v2\/comments?post=2856"}],"version-history":[{"count":8,"href":"https:\/\/alliantplans.com\/es\/wp-json\/wp\/v2\/pages\/2856\/revisions"}],"predecessor-version":[{"id":27219,"href":"https:\/\/alliantplans.com\/es\/wp-json\/wp\/v2\/pages\/2856\/revisions\/27219"}],"up":[{"embeddable":true,"href":"https:\/\/alliantplans.com\/es\/wp-json\/wp\/v2\/pages\/40"}],"wp:attachment":[{"href":"https:\/\/alliantplans.com\/es\/wp-json\/wp\/v2\/media?parent=2856"}],"curies":[{"name":"wp","href":"https:\/\/api.w.org\/{rel}","templated":true}]}}