{"id":26681,"date":"2025-03-13T16:11:57","date_gmt":"2025-03-13T20:11:57","guid":{"rendered":"https:\/\/alliantplans.com\/?page_id=26681"},"modified":"2026-01-27T09:44:57","modified_gmt":"2026-01-27T13:44:57","slug":"1095-form-notice","status":"publish","type":"page","link":"https:\/\/alliantplans.com\/1095-notice\/","title":{"rendered":"1095 Form Notice"},"content":{"rendered":"<style>.kb-row-layout-id26681_9fe809-ff > .kt-row-column-wrap{align-content:start;}:where(.kb-row-layout-id26681_9fe809-ff > .kt-row-column-wrap) > .wp-block-kadence-column{justify-content:start;}.kb-row-layout-id26681_9fe809-ff > .kt-row-column-wrap{column-gap:var(--global-kb-gap-md, 2rem);row-gap:var(--global-kb-gap-md, 2rem);max-width:var( --global-content-width, 1440px );padding-left:var(--global-content-edge-padding);padding-right:var(--global-content-edge-padding);padding-top:var(--global-kb-spacing-sm, 1.5rem);padding-bottom:var(--global-kb-spacing-sm, 1.5rem);grid-template-columns:minmax(0, 1fr);}.kb-row-layout-id26681_9fe809-ff > .kt-row-layout-overlay{opacity:0.30;}@media all and (max-width: 1024px){.kb-row-layout-id26681_9fe809-ff > .kt-row-column-wrap{grid-template-columns:minmax(0, 1fr);}}@media all and (max-width: 767px){.kb-row-layout-id26681_9fe809-ff > .kt-row-column-wrap{grid-template-columns:minmax(0, 1fr);}}<\/style><div class=\"kb-row-layout-wrap kb-row-layout-id26681_9fe809-ff alignnone wp-block-kadence-rowlayout\"><div class=\"kt-row-column-wrap kt-has-1-columns kt-row-layout-equal kt-tab-layout-inherit kt-mobile-layout-row kt-row-valign-top kb-theme-content-width\">\n<style>.kadence-column26681_4160b6-18 > .kt-inside-inner-col,.kadence-column26681_4160b6-18 > .kt-inside-inner-col:before{border-top-left-radius:0px;border-top-right-radius:0px;border-bottom-right-radius:0px;border-bottom-left-radius:0px;}.kadence-column26681_4160b6-18 > .kt-inside-inner-col{column-gap:var(--global-kb-gap-sm, 1rem);}.kadence-column26681_4160b6-18 > .kt-inside-inner-col{flex-direction:column;}.kadence-column26681_4160b6-18 > .kt-inside-inner-col > .aligncenter{width:100%;}.kadence-column26681_4160b6-18 > .kt-inside-inner-col:before{opacity:0.3;}.kadence-column26681_4160b6-18{position:relative;}@media all and (max-width: 1024px){.kadence-column26681_4160b6-18 > .kt-inside-inner-col{flex-direction:column;justify-content:center;}}@media all and (max-width: 767px){.kadence-column26681_4160b6-18 > .kt-inside-inner-col{flex-direction:column;justify-content:center;}}<\/style>\n<div class=\"wp-block-kadence-column kadence-column26681_4160b6-18\"><div class=\"kt-inside-inner-col\"><style>.wp-block-kadence-advancedheading.kt-adv-heading26681_6ad374-80, .wp-block-kadence-advancedheading.kt-adv-heading26681_6ad374-80[data-kb-block=\"kb-adv-heading26681_6ad374-80\"]{margin-bottom:var(--global-kb-spacing-xxs, 0.5rem);font-size:var(--global-kb-font-size-sm, 0.9rem);font-style:normal;}.wp-block-kadence-advancedheading.kt-adv-heading26681_6ad374-80 mark.kt-highlight, .wp-block-kadence-advancedheading.kt-adv-heading26681_6ad374-80[data-kb-block=\"kb-adv-heading26681_6ad374-80\"] mark.kt-highlight{font-style:normal;color:#f76a0c;-webkit-box-decoration-break:clone;box-decoration-break:clone;padding-top:0px;padding-right:0px;padding-bottom:0px;padding-left:0px;}.wp-block-kadence-advancedheading.kt-adv-heading26681_6ad374-80 img.kb-inline-image, .wp-block-kadence-advancedheading.kt-adv-heading26681_6ad374-80[data-kb-block=\"kb-adv-heading26681_6ad374-80\"] img.kb-inline-image{width:150px;vertical-align:baseline;}<\/style>\n<p class=\"kt-adv-heading26681_6ad374-80 wp-block-kadence-advancedheading\" data-kb-block=\"kb-adv-heading26681_6ad374-80\">Your 1095 form provides important tax information about your health coverage. If you receive your health insurance through Georgia Access or HealthCare.gov, please reach out to the Exchange for your 1095 form. How can you tell if you&#8217;re on an Exchange health plan? If your member ID on your Member ID Card begins with &#8220;000&#8221; you are on an Exchange health plan.<\/p>\n\n\n\n<ul style=\"color:#000000\" class=\"wp-block-list has-text-color has-small-font-size\">\n<li>If you live in Georgia, call Georgia Access at <a href=\"tel:888681503\">(888) 687-1503<\/a><\/li>\n\n\n\n<li>If you live in Tennessee, call HealthCare.gov at <a href=\"tel:8003182596\">(800) 318-2596<\/a><\/li>\n<\/ul>\n\n\n<style>.wp-block-kadence-advancedheading.kt-adv-heading26681_a5392a-28, .wp-block-kadence-advancedheading.kt-adv-heading26681_a5392a-28[data-kb-block=\"kb-adv-heading26681_a5392a-28\"]{font-style:normal;}.wp-block-kadence-advancedheading.kt-adv-heading26681_a5392a-28 mark.kt-highlight, .wp-block-kadence-advancedheading.kt-adv-heading26681_a5392a-28[data-kb-block=\"kb-adv-heading26681_a5392a-28\"] mark.kt-highlight{font-style:normal;color:#f76a0c;-webkit-box-decoration-break:clone;box-decoration-break:clone;padding-top:0px;padding-right:0px;padding-bottom:0px;padding-left:0px;}.wp-block-kadence-advancedheading.kt-adv-heading26681_a5392a-28 img.kb-inline-image, .wp-block-kadence-advancedheading.kt-adv-heading26681_a5392a-28[data-kb-block=\"kb-adv-heading26681_a5392a-28\"] img.kb-inline-image{width:150px;vertical-align:baseline;}<\/style>\n<p class=\"kt-adv-heading26681_a5392a-28 wp-block-kadence-advancedheading\" data-kb-block=\"kb-adv-heading26681_a5392a-28\">If you purchased your health plan off market directly from us or if your employer provides you with health insurance as an employee benefit, you may request a copy of your 1095 from us. Here are the steps to request a copy of your 1095:<\/p>\n\n\n\n<ul class=\"wp-block-list\">\n<li>Submit a request using our online form: <a href=\"https:\/\/alliantplans.com\/1095b-tax-request-form\/\">1095 Form Request<\/a><\/li>\n\n\n\n<li>Complete all required fields with your information.<\/li>\n\n\n\n<li>Include your Member ID along with your email address or phone number so we can reach you if needed.<\/li>\n\n\n\n<li>If you have any questions, call Client Services at <a href=\"tel:8664032785\">(866) 403-2785<\/a>.<\/li>\n<\/ul>\n<\/div><\/div>\n\n<\/div><\/div>","protected":false},"excerpt":{"rendered":"<p>Your 1095 form provides important tax information about your health coverage. If you receive your health insurance through Georgia Access or HealthCare.gov, please reach out to the Exchange for your 1095 form. How can you tell if you&#8217;re on an Exchange health plan? If your member ID on your Member ID Card begins with &#8220;000&#8221;&#8230;<\/p>\n","protected":false},"author":1,"featured_media":0,"parent":0,"menu_order":0,"comment_status":"closed","ping_status":"closed","template":"","meta":{"_acf_changed":false,"_kad_blocks_custom_css":"","_kad_blocks_head_custom_js":"","_kad_blocks_body_custom_js":"","_kad_blocks_footer_custom_js":"","_monsterinsights_skip_tracking":false,"_monsterinsights_sitenote_active":false,"_monsterinsights_sitenote_note":"","_monsterinsights_sitenote_category":0,"_kadence_starter_templates_imported_post":false,"_kad_post_transparent":"","_kad_post_title":"show","_kad_post_layout":"default","_kad_post_sidebar_id":"","_kad_post_content_style":"boxed","_kad_post_vertical_padding":"","_kad_post_feature":"","_kad_post_feature_position":"","_kad_post_header":false,"_kad_post_footer":false,"_kad_post_classname":"","_jet_sm_ready_style":"","_jet_sm_style":"","_jet_sm_controls_values":"","_jet_sm_fonts_collection":"","_jet_sm_fonts_links":"","footnotes":""},"class_list":["post-26681","page","type-page","status-publish","hentry"],"acf":[],"yoast_head":"<!-- This site is optimized with the Yoast SEO Premium plugin v27.3 (Yoast SEO v27.3) - https:\/\/yoast.com\/product\/yoast-seo-premium-wordpress\/ -->\n<title>1095 Form Notice - Alliant Health Plans<\/title>\n<meta name=\"robots\" content=\"index, follow, max-snippet:-1, max-image-preview:large, max-video-preview:-1\" \/>\n<link rel=\"canonical\" href=\"https:\/\/alliantplans.com\/es\/1095-notice\/\" \/>\n<meta property=\"og:locale\" content=\"es_ES\" \/>\n<meta property=\"og:type\" content=\"article\" \/>\n<meta property=\"og:title\" content=\"1095 Form Notice\" \/>\n<meta property=\"og:description\" content=\"Your 1095 form provides important tax information about your health coverage. If you receive your health insurance through Georgia Access or HealthCare.gov, please reach out to the Exchange for your 1095 form. How can you tell if you&#8217;re on an Exchange health plan? If your member ID on your Member ID Card begins with &#8220;000&#8221;...\" \/>\n<meta property=\"og:url\" content=\"https:\/\/alliantplans.com\/1095-notice\/\" \/>\n<meta property=\"og:site_name\" content=\"Alliant Health Plans\" \/>\n<meta property=\"article:publisher\" content=\"https:\/\/www.facebook.com\/AlliantHealthPlans\/\" \/>\n<meta property=\"article:modified_time\" content=\"2026-01-27T13:44:57+00:00\" \/>\n<meta name=\"twitter:card\" content=\"summary_large_image\" \/>\n<meta name=\"twitter:label1\" content=\"Tiempo de lectura\" \/>\n\t<meta name=\"twitter:data1\" content=\"1 minute\" \/>\n<script type=\"application\/ld+json\" class=\"yoast-schema-graph\">{\"@context\":\"https:\\\/\\\/schema.org\",\"@graph\":[{\"@type\":\"WebPage\",\"@id\":\"https:\\\/\\\/alliantplans.com\\\/1095-notice\\\/\",\"url\":\"https:\\\/\\\/alliantplans.com\\\/1095-notice\\\/\",\"name\":\"1095 Form Notice - Alliant Health Plans\",\"isPartOf\":{\"@id\":\"https:\\\/\\\/alliantplans.com\\\/es\\\/#website\"},\"datePublished\":\"2025-03-13T20:11:57+00:00\",\"dateModified\":\"2026-01-27T13:44:57+00:00\",\"breadcrumb\":{\"@id\":\"https:\\\/\\\/alliantplans.com\\\/1095-notice\\\/#breadcrumb\"},\"inLanguage\":\"es-ES\",\"potentialAction\":[{\"@type\":\"ReadAction\",\"target\":[\"https:\\\/\\\/alliantplans.com\\\/1095-notice\\\/\"]}]},{\"@type\":\"BreadcrumbList\",\"@id\":\"https:\\\/\\\/alliantplans.com\\\/1095-notice\\\/#breadcrumb\",\"itemListElement\":[{\"@type\":\"ListItem\",\"position\":1,\"name\":\"Home\",\"item\":\"https:\\\/\\\/alliantplans.com\\\/es\\\/pagina-de-inicio\\\/\"},{\"@type\":\"ListItem\",\"position\":2,\"name\":\"1095 Form Notice\"}]},{\"@type\":\"WebSite\",\"@id\":\"https:\\\/\\\/alliantplans.com\\\/es\\\/#website\",\"url\":\"https:\\\/\\\/alliantplans.com\\\/es\\\/\",\"name\":\"Alliant Health Plans\",\"description\":\"Un proveedor l\u00edder de seguros de atenci\u00f3n m\u00e9dica\\n\",\"publisher\":{\"@id\":\"https:\\\/\\\/alliantplans.com\\\/es\\\/#organization\"},\"potentialAction\":[{\"@type\":\"SearchAction\",\"target\":{\"@type\":\"EntryPoint\",\"urlTemplate\":\"https:\\\/\\\/alliantplans.com\\\/es\\\/?s={search_term_string}\"},\"query-input\":{\"@type\":\"PropertyValueSpecification\",\"valueRequired\":true,\"valueName\":\"search_term_string\"}}],\"inLanguage\":\"es-ES\"},{\"@type\":\"Organization\",\"@id\":\"https:\\\/\\\/alliantplans.com\\\/es\\\/#organization\",\"name\":\"Alliant Health Plans\",\"alternateName\":\"AHP\",\"url\":\"https:\\\/\\\/alliantplans.com\\\/es\\\/\",\"logo\":{\"@type\":\"ImageObject\",\"inLanguage\":\"es-ES\",\"@id\":\"https:\\\/\\\/alliantplans.com\\\/es\\\/#\\\/schema\\\/logo\\\/image\\\/\",\"url\":\"https:\\\/\\\/alliantplans.com\\\/wp-content\\\/uploads\\\/2024\\\/04\\\/Alliant-Health-Plans-Logo-Blue.svg\",\"contentUrl\":\"https:\\\/\\\/alliantplans.com\\\/wp-content\\\/uploads\\\/2024\\\/04\\\/Alliant-Health-Plans-Logo-Blue.svg\",\"caption\":\"Alliant Health Plans\"},\"image\":{\"@id\":\"https:\\\/\\\/alliantplans.com\\\/es\\\/#\\\/schema\\\/logo\\\/image\\\/\"},\"sameAs\":[\"https:\\\/\\\/www.facebook.com\\\/AlliantHealthPlans\\\/\"]}]}<\/script>\n<!-- \/ Yoast SEO Premium plugin. -->","yoast_head_json":{"title":"1095 Form Notice - Alliant Health Plans","robots":{"index":"index","follow":"follow","max-snippet":"max-snippet:-1","max-image-preview":"max-image-preview:large","max-video-preview":"max-video-preview:-1"},"canonical":"https:\/\/alliantplans.com\/es\/1095-notice\/","og_locale":"es_ES","og_type":"article","og_title":"1095 Form Notice","og_description":"Your 1095 form provides important tax information about your health coverage. If you receive your health insurance through Georgia Access or HealthCare.gov, please reach out to the Exchange for your 1095 form. How can you tell if you&#8217;re on an Exchange health plan? If your member ID on your Member ID Card begins with &#8220;000&#8221;...","og_url":"https:\/\/alliantplans.com\/1095-notice\/","og_site_name":"Alliant Health Plans","article_publisher":"https:\/\/www.facebook.com\/AlliantHealthPlans\/","article_modified_time":"2026-01-27T13:44:57+00:00","twitter_card":"summary_large_image","twitter_misc":{"Tiempo de lectura":"1 minute"},"schema":{"@context":"https:\/\/schema.org","@graph":[{"@type":"WebPage","@id":"https:\/\/alliantplans.com\/1095-notice\/","url":"https:\/\/alliantplans.com\/1095-notice\/","name":"1095 Form Notice - Alliant Health Plans","isPartOf":{"@id":"https:\/\/alliantplans.com\/es\/#website"},"datePublished":"2025-03-13T20:11:57+00:00","dateModified":"2026-01-27T13:44:57+00:00","breadcrumb":{"@id":"https:\/\/alliantplans.com\/1095-notice\/#breadcrumb"},"inLanguage":"es-ES","potentialAction":[{"@type":"ReadAction","target":["https:\/\/alliantplans.com\/1095-notice\/"]}]},{"@type":"BreadcrumbList","@id":"https:\/\/alliantplans.com\/1095-notice\/#breadcrumb","itemListElement":[{"@type":"ListItem","position":1,"name":"Home","item":"https:\/\/alliantplans.com\/es\/pagina-de-inicio\/"},{"@type":"ListItem","position":2,"name":"1095 Form Notice"}]},{"@type":"WebSite","@id":"https:\/\/alliantplans.com\/es\/#website","url":"https:\/\/alliantplans.com\/es\/","name":"Alliant Health Plans","description":"Un proveedor l\u00edder de seguros de atenci\u00f3n m\u00e9dica\n","publisher":{"@id":"https:\/\/alliantplans.com\/es\/#organization"},"potentialAction":[{"@type":"SearchAction","target":{"@type":"EntryPoint","urlTemplate":"https:\/\/alliantplans.com\/es\/?s={search_term_string}"},"query-input":{"@type":"PropertyValueSpecification","valueRequired":true,"valueName":"search_term_string"}}],"inLanguage":"es-ES"},{"@type":"Organization","@id":"https:\/\/alliantplans.com\/es\/#organization","name":"Alliant Health Plans","alternateName":"AHP","url":"https:\/\/alliantplans.com\/es\/","logo":{"@type":"ImageObject","inLanguage":"es-ES","@id":"https:\/\/alliantplans.com\/es\/#\/schema\/logo\/image\/","url":"https:\/\/alliantplans.com\/wp-content\/uploads\/2024\/04\/Alliant-Health-Plans-Logo-Blue.svg","contentUrl":"https:\/\/alliantplans.com\/wp-content\/uploads\/2024\/04\/Alliant-Health-Plans-Logo-Blue.svg","caption":"Alliant Health Plans"},"image":{"@id":"https:\/\/alliantplans.com\/es\/#\/schema\/logo\/image\/"},"sameAs":["https:\/\/www.facebook.com\/AlliantHealthPlans\/"]}]}},"taxonomy_info":[],"featured_image_src_large":false,"author_info":{"display_name":"jobi","author_link":"https:\/\/alliantplans.com\/es\/author\/jobi\/"},"comment_info":0,"_links":{"self":[{"href":"https:\/\/alliantplans.com\/es\/wp-json\/wp\/v2\/pages\/26681","targetHints":{"allow":["GET"]}}],"collection":[{"href":"https:\/\/alliantplans.com\/es\/wp-json\/wp\/v2\/pages"}],"about":[{"href":"https:\/\/alliantplans.com\/es\/wp-json\/wp\/v2\/types\/page"}],"author":[{"embeddable":true,"href":"https:\/\/alliantplans.com\/es\/wp-json\/wp\/v2\/users\/1"}],"replies":[{"embeddable":true,"href":"https:\/\/alliantplans.com\/es\/wp-json\/wp\/v2\/comments?post=26681"}],"version-history":[{"count":8,"href":"https:\/\/alliantplans.com\/es\/wp-json\/wp\/v2\/pages\/26681\/revisions"}],"predecessor-version":[{"id":35027,"href":"https:\/\/alliantplans.com\/es\/wp-json\/wp\/v2\/pages\/26681\/revisions\/35027"}],"wp:attachment":[{"href":"https:\/\/alliantplans.com\/es\/wp-json\/wp\/v2\/media?parent=26681"}],"curies":[{"name":"wp","href":"https:\/\/api.w.org\/{rel}","templated":true}]}}