{"id":2653,"date":"2023-12-09T00:38:19","date_gmt":"2023-12-09T00:38:19","guid":{"rendered":"https:\/\/alliantplans.com\/?page_id=2653"},"modified":"2024-09-12T16:40:43","modified_gmt":"2024-09-12T20:40:43","slug":"site-map","status":"publish","type":"page","link":"https:\/\/alliantplans.com\/es\/site-map\/","title":{"rendered":"Site Map"},"content":{"rendered":"<style>.kb-row-layout-id2653_30d77b-c2 > .kt-row-column-wrap{align-content:start;}:where(.kb-row-layout-id2653_30d77b-c2 > .kt-row-column-wrap) > .wp-block-kadence-column{justify-content:start;}.kb-row-layout-id2653_30d77b-c2 > .kt-row-column-wrap{column-gap:var(--global-kb-gap-md, 2rem);row-gap:var(--global-kb-gap-md, 2rem);max-width:var( --global-content-width, 1440px );padding-left:var(--global-content-edge-padding);padding-right:var(--global-content-edge-padding);padding-top:var(--global-kb-spacing-sm, 1.5rem);padding-bottom:var(--global-kb-spacing-sm, 1.5rem);grid-template-columns:minmax(0, 1fr);}.kb-row-layout-id2653_30d77b-c2 > .kt-row-layout-overlay{opacity:0.30;}@media all and (max-width: 1024px){.kb-row-layout-id2653_30d77b-c2 > .kt-row-column-wrap{grid-template-columns:minmax(0, 1fr);}}@media all and (max-width: 767px){.kb-row-layout-id2653_30d77b-c2 > .kt-row-column-wrap{grid-template-columns:minmax(0, 1fr);}}<\/style><div class=\"kb-row-layout-wrap kb-row-layout-id2653_30d77b-c2 alignnone wp-block-kadence-rowlayout\"><div class=\"kt-row-column-wrap kt-has-1-columns kt-row-layout-equal kt-tab-layout-inherit kt-mobile-layout-row kt-row-valign-top kb-theme-content-width\">\n<style>.kadence-column2653_fd598e-8e > .kt-inside-inner-col,.kadence-column2653_fd598e-8e > .kt-inside-inner-col:before{border-top-left-radius:0px;border-top-right-radius:0px;border-bottom-right-radius:0px;border-bottom-left-radius:0px;}.kadence-column2653_fd598e-8e > .kt-inside-inner-col{column-gap:var(--global-kb-gap-sm, 1rem);}.kadence-column2653_fd598e-8e > .kt-inside-inner-col{flex-direction:column;}.kadence-column2653_fd598e-8e > .kt-inside-inner-col > .aligncenter{width:100%;}.kadence-column2653_fd598e-8e > .kt-inside-inner-col:before{opacity:0.3;}.kadence-column2653_fd598e-8e{position:relative;}@media all and (max-width: 1024px){.kadence-column2653_fd598e-8e > .kt-inside-inner-col{flex-direction:column;justify-content:center;}}@media all and (max-width: 767px){.kadence-column2653_fd598e-8e > .kt-inside-inner-col{flex-direction:column;justify-content:center;}}<\/style>\n<div class=\"wp-block-kadence-column kadence-column2653_fd598e-8e\"><div class=\"kt-inside-inner-col\"><style>.wp-block-kadence-advancedheading.kt-adv-heading2653_7814d3-06, .wp-block-kadence-advancedheading.kt-adv-heading2653_7814d3-06[data-kb-block=\"kb-adv-heading2653_7814d3-06\"]{font-style:normal;}.wp-block-kadence-advancedheading.kt-adv-heading2653_7814d3-06 mark.kt-highlight, .wp-block-kadence-advancedheading.kt-adv-heading2653_7814d3-06[data-kb-block=\"kb-adv-heading2653_7814d3-06\"] mark.kt-highlight{font-style:normal;color:#f76a0c;-webkit-box-decoration-break:clone;box-decoration-break:clone;padding-top:0px;padding-right:0px;padding-bottom:0px;padding-left:0px;}.wp-block-kadence-advancedheading.kt-adv-heading2653_7814d3-06 img.kb-inline-image, .wp-block-kadence-advancedheading.kt-adv-heading2653_7814d3-06[data-kb-block=\"kb-adv-heading2653_7814d3-06\"] img.kb-inline-image{width:150px;vertical-align:baseline;}<\/style>\n<h1 class=\"kt-adv-heading2653_7814d3-06 wp-block-kadence-advancedheading\" data-kb-block=\"kb-adv-heading2653_7814d3-06\">Pages<\/h1>\n\n\n\n<ul class=\"wp-block-list has--font-size\">\n<li><a href=\"https:\/\/alliantplans.com\/1095b-tax-request-form\/\">1095b Tax Request Form<\/a><\/li>\n\n\n\n<li><a href=\"https:\/\/alliantplans.com\/2023-4corners-summary-of-benefits\/\">2023 4Corners Summary of Benefits<\/a><\/li>\n\n\n\n<li><a href=\"https:\/\/alliantplans.com\/4corners\/\">4Corners Level Funded Group Health Plans<\/a><\/li>\n\n\n\n<li><a href=\"https:\/\/alliantplans.com\/4corners\/summary-of-benefits\/\">4Corners &#8211;  Summary of Benefits<\/a><\/li>\n\n\n\n<li><a href=\"https:\/\/alliantplans.com\/about-us\/\">About Us<\/a><\/li>\n\n\n\n<li><a href=\"https:\/\/alliantplans.com\/accessibility\/\">Accessibility<\/a><\/li>\n\n\n\n<li><a href=\"https:\/\/alliantplans.com\/anonymous-compliance-report\/\">Anonymous Compliance Report<\/a><\/li>\n\n\n\n<li><a href=\"https:\/\/alliantplans.com\/brokers\/\">Brokers<\/a><a href=\"https:\/\/alliantplans.com\/brokers\/appointment-broker\/\">Appointment (Broker)<\/a><\/li>\n\n\n\n<li><a href=\"https:\/\/alliantplans.com\/certificates-of-coverage\/\">Certificates Of Coverage (CoC)<\/a><\/li>\n\n\n\n<li><a href=\"https:\/\/alliantplans.com\/contact-form\/\">Contact Form<\/a><\/li>\n\n\n\n<li><a href=\"https:\/\/alliantplans.com\/contact-us\/\">Contact Us<\/a><\/li>\n\n\n\n<li><a href=\"https:\/\/alliantplans.com\/coronavirus-updates\/\">COVID-19 Member Updates<\/a><\/li>\n\n\n\n<li><a href=\"https:\/\/alliantplans.com\/dental-coverage-tool\/\">Dental Coverage Tool<\/a><\/li>\n\n\n\n<li><a href=\"https:\/\/alliantplans.com\/disclaimer\/\">Disclaimer<\/a><\/li>\n\n\n\n<li><a href=\"https:\/\/alliantplans.com\/documents\/\">Documents &amp; Forms<\/a><\/li>\n\n\n\n<li><a href=\"https:\/\/alliantplans.com\/employers\/\">Employers<\/a><\/li>\n\n\n\n<li><a href=\"https:\/\/alliantplans.com\/formulary-network-announcements\/\">Formulary &amp; Network Announcements<\/a><\/li>\n\n\n\n<li><a href=\"https:\/\/alliantplans.com\/gcpca-form\/\">GCPCA Form \u2013 ERISA Information Request<\/a><\/li>\n\n\n\n<li><a href=\"https:\/\/alliantplans.com\/hipaa\/\">HIPAA<\/a><\/li>\n\n\n\n<li><a href=\"https:\/\/alliantplans.com\/interoperability-and-patient-access-api\/\">Interoperability and Patient Access<\/a><\/li>\n\n\n\n<li><a href=\"https:\/\/alliantplans.com\/language-assistance\/\">Language Assistance<\/a><\/li>\n\n\n\n<li><a href=\"https:\/\/alliantplans.com\/login\/\">Login<\/a><\/li>\n\n\n\n<li><a href=\"https:\/\/alliantplans.com\/machine-readable-data\/\">Machine Readable Data<\/a><\/li>\n\n\n\n<li><a href=\"https:\/\/alliantplans.com\/payment\/\">Make a Payment<\/a><\/li>\n\n\n\n<li><a href=\"https:\/\/alliantplans.com\/members\/\">Members<\/a><\/li>\n\n\n\n<li><a href=\"https:\/\/alliantplans.com\/members\/community-resources\/\">Community Resources<\/a><\/li>\n\n\n\n<li><a href=\"https:\/\/alliantplans.com\/members\/health-and-wellness\/\">Health and Wellness Resource<\/a><\/li>\n\n\n\n<li><a href=\"https:\/\/alliantplans.com\/members\/preventive-guidelines-members\/\">Preventive Guidelines (Members)<\/a><\/li>\n\n\n\n<li><a href=\"https:\/\/alliantplans.com\/members\/renewal-faqs\/\">Renewal FAQs<\/a><\/li>\n\n\n\n<li><a href=\"https:\/\/alliantplans.com\/news\/\">News<\/a><\/li>\n\n\n\n<li><a href=\"https:\/\/alliantplans.com\/notice-of-non-discrimination\/\">Notice of Non-Discrimination<\/a><\/li>\n\n\n\n<li><a href=\"https:\/\/alliantplans.com\/notice-of-privacy-practice\/\">Notice of Privacy Practice<\/a><\/li>\n\n\n\n<li><a href=\"https:\/\/alliantplans.com\/privacy-policy\/\">Privacy Policy<\/a><\/li>\n\n\n\n<li><a href=\"https:\/\/alliantplans.com\/provider-enrollment\/\">Provider Enrollment<\/a><\/li>\n\n\n\n<li><a href=\"https:\/\/alliantplans.com\/providers\/\">Providers<\/a><\/li>\n\n\n\n<li><a href=\"https:\/\/alliantplans.com\/providers\/pharmacy-resources\/\">Pharmacy Resources<\/a><\/li>\n\n\n\n<li><a href=\"https:\/\/alliantplans.com\/providers\/preventive-guidelines\/\">Preventive Guidelines<\/a><\/li>\n\n\n\n<li><a href=\"https:\/\/alliantplans.com\/providers\/provider-enrollment\/\">Provider Enrollment<\/a><\/li>\n\n\n\n<li><a href=\"https:\/\/alliantplans.com\/providers\/provider-forms-and-documents\/\">Provider Forms and Documents<\/a><\/li>\n\n\n\n<li><a href=\"https:\/\/alliantplans.com\/providers\/provider-newsletter-enrollment\/\">Provider Newsletter Enrollment<\/a><\/li>\n\n\n\n<li><a href=\"https:\/\/alliantplans.com\/providers\/provider-video-tutorials\/\">Provider Video Tutorials<\/a><\/li>\n\n\n\n<li><a href=\"https:\/\/alliantplans.com\/rx-formulary-list\/\">Rx Formulary List<\/a><\/li>\n\n\n\n<li><a href=\"https:\/\/alliantplans.com\/shop-health-plans\/\">Shop Health Plans<\/a><\/li>\n\n\n\n<li><a href=\"https:\/\/alliantplans.com\/shop-health-plans\/preventive-care-services\/\">Preventive Care Services<\/a><\/li>\n\n\n\n<li><a href=\"https:\/\/alliantplans.com\/simplecare-large-groups\/\">SimpleCare Large Groups Plans<\/a><\/li>\n\n\n\n<li><a href=\"https:\/\/alliantplans.com\/simplecare-sbc-large-groups\/\">SimpleCare SBCs &amp; Rates<\/a><\/li>\n\n\n\n<li><a href=\"https:\/\/alliantplans.com\/solocare-sbcs\/\">SoloCare \u2013 Summary of Benefits and Coverage (SBC)<\/a><\/li>\n\n\n\n<li><a href=\"https:\/\/alliantplans.com\/solocare\/\">SoloCare Individual \/ Family Health Plans<\/a><\/li>\n\n\n\n<li><a href=\"https:\/\/alliantplans.com\/transparency-in-coverage-rule\/\">Transparency in Coverage Rule<\/a><\/li>\n\n\n\n<li><a href=\"https:\/\/alliantplans.com\/understanding-my-insurance-transparency-information\/\">Understanding My Insurance: Transparency Information<\/a><\/li>\n<\/ul>\n<\/div><\/div>\n\n<\/div><\/div>","protected":false},"excerpt":{"rendered":"<p>Pages<\/p>\n","protected":false},"author":1,"featured_media":0,"parent":0,"menu_order":0,"comment_status":"closed","ping_status":"closed","template":"","meta":{"_acf_changed":false,"_kad_blocks_custom_css":"","_kad_blocks_head_custom_js":"","_kad_blocks_body_custom_js":"","_kad_blocks_footer_custom_js":"","_monsterinsights_skip_tracking":false,"_monsterinsights_sitenote_active":false,"_monsterinsights_sitenote_note":"","_monsterinsights_sitenote_category":0,"_kadence_starter_templates_imported_post":false,"_kad_post_transparent":"","_kad_post_title":"","_kad_post_layout":"","_kad_post_sidebar_id":"","_kad_post_content_style":"","_kad_post_vertical_padding":"","_kad_post_feature":"","_kad_post_feature_position":"","_kad_post_header":false,"_kad_post_footer":false,"_kad_post_classname":"","_jet_sm_ready_style":"","_jet_sm_style":"","_jet_sm_controls_values":"","_jet_sm_fonts_collection":"","_jet_sm_fonts_links":"","footnotes":""},"class_list":["post-2653","page","type-page","status-publish","hentry"],"acf":[],"yoast_head":"<!-- This site is optimized with the Yoast SEO Premium plugin v27.3 (Yoast SEO v27.3) - https:\/\/yoast.com\/product\/yoast-seo-premium-wordpress\/ -->\n<title>Site Map - Alliant Health Plans<\/title>\n<meta name=\"robots\" content=\"index, follow, max-snippet:-1, max-image-preview:large, max-video-preview:-1\" \/>\n<link rel=\"canonical\" href=\"https:\/\/alliantplans.com\/es\/site-map\/\" \/>\n<meta property=\"og:locale\" content=\"es_ES\" \/>\n<meta property=\"og:type\" content=\"article\" \/>\n<meta property=\"og:title\" content=\"Site Map\" \/>\n<meta property=\"og:description\" content=\"Pages\" \/>\n<meta property=\"og:url\" content=\"https:\/\/alliantplans.com\/es\/site-map\/\" \/>\n<meta property=\"og:site_name\" content=\"Alliant Health Plans\" \/>\n<meta property=\"article:publisher\" content=\"https:\/\/www.facebook.com\/AlliantHealthPlans\/\" \/>\n<meta property=\"article:modified_time\" content=\"2024-09-12T20:40:43+00:00\" \/>\n<meta name=\"twitter:card\" content=\"summary_large_image\" \/>\n<meta name=\"twitter:label1\" content=\"Tiempo de lectura\" \/>\n\t<meta name=\"twitter:data1\" content=\"1 minute\" \/>\n<script type=\"application\/ld+json\" class=\"yoast-schema-graph\">{\"@context\":\"https:\\\/\\\/schema.org\",\"@graph\":[{\"@type\":\"WebPage\",\"@id\":\"https:\\\/\\\/alliantplans.com\\\/es\\\/site-map\\\/\",\"url\":\"https:\\\/\\\/alliantplans.com\\\/es\\\/site-map\\\/\",\"name\":\"Site Map - Alliant Health Plans\",\"isPartOf\":{\"@id\":\"https:\\\/\\\/alliantplans.com\\\/es\\\/#website\"},\"datePublished\":\"2023-12-09T00:38:19+00:00\",\"dateModified\":\"2024-09-12T20:40:43+00:00\",\"breadcrumb\":{\"@id\":\"https:\\\/\\\/alliantplans.com\\\/es\\\/site-map\\\/#breadcrumb\"},\"inLanguage\":\"es-ES\",\"potentialAction\":[{\"@type\":\"ReadAction\",\"target\":[\"https:\\\/\\\/alliantplans.com\\\/es\\\/site-map\\\/\"]}]},{\"@type\":\"BreadcrumbList\",\"@id\":\"https:\\\/\\\/alliantplans.com\\\/es\\\/site-map\\\/#breadcrumb\",\"itemListElement\":[{\"@type\":\"ListItem\",\"position\":1,\"name\":\"Home\",\"item\":\"https:\\\/\\\/alliantplans.com\\\/es\\\/pagina-de-inicio\\\/\"},{\"@type\":\"ListItem\",\"position\":2,\"name\":\"Site Map\"}]},{\"@type\":\"WebSite\",\"@id\":\"https:\\\/\\\/alliantplans.com\\\/es\\\/#website\",\"url\":\"https:\\\/\\\/alliantplans.com\\\/es\\\/\",\"name\":\"Alliant Health Plans\",\"description\":\"Un proveedor l\u00edder de seguros de atenci\u00f3n m\u00e9dica\\n\",\"publisher\":{\"@id\":\"https:\\\/\\\/alliantplans.com\\\/es\\\/#organization\"},\"potentialAction\":[{\"@type\":\"SearchAction\",\"target\":{\"@type\":\"EntryPoint\",\"urlTemplate\":\"https:\\\/\\\/alliantplans.com\\\/es\\\/?s={search_term_string}\"},\"query-input\":{\"@type\":\"PropertyValueSpecification\",\"valueRequired\":true,\"valueName\":\"search_term_string\"}}],\"inLanguage\":\"es-ES\"},{\"@type\":\"Organization\",\"@id\":\"https:\\\/\\\/alliantplans.com\\\/es\\\/#organization\",\"name\":\"Alliant Health Plans\",\"alternateName\":\"AHP\",\"url\":\"https:\\\/\\\/alliantplans.com\\\/es\\\/\",\"logo\":{\"@type\":\"ImageObject\",\"inLanguage\":\"es-ES\",\"@id\":\"https:\\\/\\\/alliantplans.com\\\/es\\\/#\\\/schema\\\/logo\\\/image\\\/\",\"url\":\"https:\\\/\\\/alliantplans.com\\\/wp-content\\\/uploads\\\/2024\\\/04\\\/Alliant-Health-Plans-Logo-Blue.svg\",\"contentUrl\":\"https:\\\/\\\/alliantplans.com\\\/wp-content\\\/uploads\\\/2024\\\/04\\\/Alliant-Health-Plans-Logo-Blue.svg\",\"caption\":\"Alliant Health Plans\"},\"image\":{\"@id\":\"https:\\\/\\\/alliantplans.com\\\/es\\\/#\\\/schema\\\/logo\\\/image\\\/\"},\"sameAs\":[\"https:\\\/\\\/www.facebook.com\\\/AlliantHealthPlans\\\/\"]}]}<\/script>\n<!-- \/ Yoast SEO Premium plugin. -->","yoast_head_json":{"title":"Site Map - Alliant Health Plans","robots":{"index":"index","follow":"follow","max-snippet":"max-snippet:-1","max-image-preview":"max-image-preview:large","max-video-preview":"max-video-preview:-1"},"canonical":"https:\/\/alliantplans.com\/es\/site-map\/","og_locale":"es_ES","og_type":"article","og_title":"Site Map","og_description":"Pages","og_url":"https:\/\/alliantplans.com\/es\/site-map\/","og_site_name":"Alliant Health Plans","article_publisher":"https:\/\/www.facebook.com\/AlliantHealthPlans\/","article_modified_time":"2024-09-12T20:40:43+00:00","twitter_card":"summary_large_image","twitter_misc":{"Tiempo de lectura":"1 minute"},"schema":{"@context":"https:\/\/schema.org","@graph":[{"@type":"WebPage","@id":"https:\/\/alliantplans.com\/es\/site-map\/","url":"https:\/\/alliantplans.com\/es\/site-map\/","name":"Site Map - Alliant Health Plans","isPartOf":{"@id":"https:\/\/alliantplans.com\/es\/#website"},"datePublished":"2023-12-09T00:38:19+00:00","dateModified":"2024-09-12T20:40:43+00:00","breadcrumb":{"@id":"https:\/\/alliantplans.com\/es\/site-map\/#breadcrumb"},"inLanguage":"es-ES","potentialAction":[{"@type":"ReadAction","target":["https:\/\/alliantplans.com\/es\/site-map\/"]}]},{"@type":"BreadcrumbList","@id":"https:\/\/alliantplans.com\/es\/site-map\/#breadcrumb","itemListElement":[{"@type":"ListItem","position":1,"name":"Home","item":"https:\/\/alliantplans.com\/es\/pagina-de-inicio\/"},{"@type":"ListItem","position":2,"name":"Site Map"}]},{"@type":"WebSite","@id":"https:\/\/alliantplans.com\/es\/#website","url":"https:\/\/alliantplans.com\/es\/","name":"Alliant Health Plans","description":"Un proveedor l\u00edder de seguros de atenci\u00f3n m\u00e9dica\n","publisher":{"@id":"https:\/\/alliantplans.com\/es\/#organization"},"potentialAction":[{"@type":"SearchAction","target":{"@type":"EntryPoint","urlTemplate":"https:\/\/alliantplans.com\/es\/?s={search_term_string}"},"query-input":{"@type":"PropertyValueSpecification","valueRequired":true,"valueName":"search_term_string"}}],"inLanguage":"es-ES"},{"@type":"Organization","@id":"https:\/\/alliantplans.com\/es\/#organization","name":"Alliant Health Plans","alternateName":"AHP","url":"https:\/\/alliantplans.com\/es\/","logo":{"@type":"ImageObject","inLanguage":"es-ES","@id":"https:\/\/alliantplans.com\/es\/#\/schema\/logo\/image\/","url":"https:\/\/alliantplans.com\/wp-content\/uploads\/2024\/04\/Alliant-Health-Plans-Logo-Blue.svg","contentUrl":"https:\/\/alliantplans.com\/wp-content\/uploads\/2024\/04\/Alliant-Health-Plans-Logo-Blue.svg","caption":"Alliant Health Plans"},"image":{"@id":"https:\/\/alliantplans.com\/es\/#\/schema\/logo\/image\/"},"sameAs":["https:\/\/www.facebook.com\/AlliantHealthPlans\/"]}]}},"taxonomy_info":[],"featured_image_src_large":false,"author_info":{"display_name":"jobi","author_link":"https:\/\/alliantplans.com\/es\/author\/jobi\/"},"comment_info":0,"_links":{"self":[{"href":"https:\/\/alliantplans.com\/es\/wp-json\/wp\/v2\/pages\/2653","targetHints":{"allow":["GET"]}}],"collection":[{"href":"https:\/\/alliantplans.com\/es\/wp-json\/wp\/v2\/pages"}],"about":[{"href":"https:\/\/alliantplans.com\/es\/wp-json\/wp\/v2\/types\/page"}],"author":[{"embeddable":true,"href":"https:\/\/alliantplans.com\/es\/wp-json\/wp\/v2\/users\/1"}],"replies":[{"embeddable":true,"href":"https:\/\/alliantplans.com\/es\/wp-json\/wp\/v2\/comments?post=2653"}],"version-history":[{"count":0,"href":"https:\/\/alliantplans.com\/es\/wp-json\/wp\/v2\/pages\/2653\/revisions"}],"wp:attachment":[{"href":"https:\/\/alliantplans.com\/es\/wp-json\/wp\/v2\/media?parent=2653"}],"curies":[{"name":"wp","href":"https:\/\/api.w.org\/{rel}","templated":true}]}}