{"id":23117,"date":"2025-03-25T09:55:03","date_gmt":"2025-03-25T13:55:03","guid":{"rendered":"https:\/\/alliantplans.com\/?page_id=23117"},"modified":"2025-03-25T16:12:57","modified_gmt":"2025-03-25T20:12:57","slug":"legal","status":"publish","type":"page","link":"https:\/\/alliantplans.com\/legal\/","title":{"rendered":"Legal Notices"},"content":{"rendered":"<style>.kb-row-layout-wrap.wp-block-kadence-rowlayout.kb-row-layout-id23117_94b05d-9a{margin-top:var(--global-kb-spacing-sm, 1.5rem);margin-bottom:var(--global-kb-spacing-3xl, 6.5rem);}.kb-row-layout-id23117_94b05d-9a > .kt-row-column-wrap{align-content:start;}:where(.kb-row-layout-id23117_94b05d-9a > .kt-row-column-wrap) > .wp-block-kadence-column{justify-content:start;}.kb-row-layout-id23117_94b05d-9a > .kt-row-column-wrap{column-gap:var(--global-kb-gap-md, 2rem);row-gap:var(--global-kb-gap-md, 2rem);max-width:var( --global-content-width, 1440px );padding-left:var(--global-content-edge-padding);padding-right:var(--global-content-edge-padding);padding-top:var(--global-kb-spacing-sm, 1.5rem);padding-bottom:var(--global-kb-spacing-sm, 1.5rem);grid-template-columns:repeat(2, minmax(0, 1fr));}.kb-row-layout-id23117_94b05d-9a > .kt-row-layout-overlay{opacity:0.30;}@media all and (max-width: 1024px){.kb-row-layout-id23117_94b05d-9a > .kt-row-column-wrap{grid-template-columns:repeat(2, minmax(0, 1fr));}}@media all and (max-width: 767px){.kb-row-layout-id23117_94b05d-9a > .kt-row-column-wrap{grid-template-columns:minmax(0, 1fr);}}<\/style><div class=\"kb-row-layout-wrap kb-row-layout-id23117_94b05d-9a alignnone wp-block-kadence-rowlayout\"><div class=\"kt-row-column-wrap kt-has-2-columns kt-row-layout-equal kt-tab-layout-inherit kt-mobile-layout-row kt-row-valign-top kb-theme-content-width\">\n<style>.kadence-column23117_117778-72 > .kt-inside-inner-col{padding-top:var(--global-kb-spacing-sm, 1.5rem);padding-right:var(--global-kb-spacing-sm, 1.5rem);padding-bottom:var(--global-kb-spacing-sm, 1.5rem);padding-left:var(--global-kb-spacing-sm, 1.5rem);}.kadence-column23117_117778-72 > .kt-inside-inner-col,.kadence-column23117_117778-72 > .kt-inside-inner-col:before{border-top-left-radius:0px;border-top-right-radius:0px;border-bottom-right-radius:0px;border-bottom-left-radius:0px;}.kadence-column23117_117778-72 > .kt-inside-inner-col{column-gap:var(--global-kb-gap-sm, 1rem);}.kadence-column23117_117778-72 > .kt-inside-inner-col{flex-direction:column;}.kadence-column23117_117778-72 > .kt-inside-inner-col > .aligncenter{width:100%;}.kadence-column23117_117778-72 > .kt-inside-inner-col{background-color:var(--global-palette8, #F7FAFC);}.kadence-column23117_117778-72 > .kt-inside-inner-col:before{opacity:0.3;}.kadence-column23117_117778-72{position:relative;}@media all and (max-width: 1024px){.kadence-column23117_117778-72 > .kt-inside-inner-col{flex-direction:column;justify-content:center;}}@media all and (max-width: 767px){.kadence-column23117_117778-72 > .kt-inside-inner-col{flex-direction:column;justify-content:center;}}<\/style>\n<div class=\"wp-block-kadence-column kadence-column23117_117778-72\"><div class=\"kt-inside-inner-col\"><style>.wp-block-kadence-advancedheading.kt-adv-heading23117_19dd6c-35, .wp-block-kadence-advancedheading.kt-adv-heading23117_19dd6c-35[data-kb-block=\"kb-adv-heading23117_19dd6c-35\"]{font-style:normal;}.wp-block-kadence-advancedheading.kt-adv-heading23117_19dd6c-35[data-kb-block=\"kb-adv-heading23117_19dd6c-35\"]{display:flex;gap:0.25em;align-items:center;}.wp-block-kadence-advancedheading.kt-adv-heading23117_19dd6c-35[data-kb-block=\"kb-adv-heading23117_19dd6c-35\"] .kb-adv-heading-icon svg{width:1em;height:1em;}.wp-block-kadence-advancedheading.kt-adv-heading23117_19dd6c-35 mark.kt-highlight, .wp-block-kadence-advancedheading.kt-adv-heading23117_19dd6c-35[data-kb-block=\"kb-adv-heading23117_19dd6c-35\"] mark.kt-highlight{font-style:normal;color:#f76a0c;-webkit-box-decoration-break:clone;box-decoration-break:clone;padding-top:0px;padding-right:0px;padding-bottom:0px;padding-left:0px;}.wp-block-kadence-advancedheading.kt-adv-heading23117_19dd6c-35 img.kb-inline-image, .wp-block-kadence-advancedheading.kt-adv-heading23117_19dd6c-35[data-kb-block=\"kb-adv-heading23117_19dd6c-35\"] img.kb-inline-image{width:150px;vertical-align:baseline;}<\/style><p class=\"kt-adv-heading23117_19dd6c-35 wp-block-kadence-advancedheading kt-adv-heading-has-icon\" data-kb-block=\"kb-adv-heading23117_19dd6c-35\"><span class=\"kb-svg-icon-wrap kb-adv-heading-icon kb-svg-icon-fe_arrowRight kb-adv-heading-icon-side-left\"><svg viewBox=\"0 0 24 24\"  fill=\"none\" stroke=\"currentColor\" stroke-width=\"2\" stroke-linecap=\"round\" stroke-linejoin=\"round\" xmlns=\"http:\/\/www.w3.org\/2000\/svg\"  aria-hidden=\"true\"><line x1=\"5\" y1=\"12\" x2=\"19\" y2=\"12\"\/><polyline points=\"12 5 19 12 12 19\"\/><\/svg><\/span><span class=\"kb-adv-text-inner\"><a href=\"https:\/\/alliantplans.com\/disclaimer\/\">Disclaimer<\/a><\/span><\/p>\n\n<style>.wp-block-kadence-advancedheading.kt-adv-heading23117_d72acb-0c, .wp-block-kadence-advancedheading.kt-adv-heading23117_d72acb-0c[data-kb-block=\"kb-adv-heading23117_d72acb-0c\"]{font-style:normal;}.wp-block-kadence-advancedheading.kt-adv-heading23117_d72acb-0c[data-kb-block=\"kb-adv-heading23117_d72acb-0c\"]{display:flex;gap:0.25em;align-items:center;}.wp-block-kadence-advancedheading.kt-adv-heading23117_d72acb-0c[data-kb-block=\"kb-adv-heading23117_d72acb-0c\"] .kb-adv-heading-icon svg{width:1em;height:1em;}.wp-block-kadence-advancedheading.kt-adv-heading23117_d72acb-0c mark.kt-highlight, .wp-block-kadence-advancedheading.kt-adv-heading23117_d72acb-0c[data-kb-block=\"kb-adv-heading23117_d72acb-0c\"] mark.kt-highlight{font-style:normal;color:#f76a0c;-webkit-box-decoration-break:clone;box-decoration-break:clone;padding-top:0px;padding-right:0px;padding-bottom:0px;padding-left:0px;}.wp-block-kadence-advancedheading.kt-adv-heading23117_d72acb-0c img.kb-inline-image, .wp-block-kadence-advancedheading.kt-adv-heading23117_d72acb-0c[data-kb-block=\"kb-adv-heading23117_d72acb-0c\"] img.kb-inline-image{width:150px;vertical-align:baseline;}<\/style><p class=\"kt-adv-heading23117_d72acb-0c wp-block-kadence-advancedheading kt-adv-heading-has-icon\" data-kb-block=\"kb-adv-heading23117_d72acb-0c\"><span class=\"kb-svg-icon-wrap kb-adv-heading-icon kb-svg-icon-fe_arrowRight kb-adv-heading-icon-side-left\"><svg viewBox=\"0 0 24 24\"  fill=\"none\" stroke=\"currentColor\" stroke-width=\"2\" stroke-linecap=\"round\" stroke-linejoin=\"round\" xmlns=\"http:\/\/www.w3.org\/2000\/svg\"  aria-hidden=\"true\"><line x1=\"5\" y1=\"12\" x2=\"19\" y2=\"12\"\/><polyline points=\"12 5 19 12 12 19\"\/><\/svg><\/span><span class=\"kb-adv-text-inner\"><a href=\"https:\/\/alliantplans.com\/interoperability-and-patient-access-api\/\">Interoperability and Patient Access<\/a><\/span><\/p>\n\n<style>.wp-block-kadence-advancedheading.kt-adv-heading23117_03a1d8-d8, .wp-block-kadence-advancedheading.kt-adv-heading23117_03a1d8-d8[data-kb-block=\"kb-adv-heading23117_03a1d8-d8\"]{font-style:normal;}.wp-block-kadence-advancedheading.kt-adv-heading23117_03a1d8-d8[data-kb-block=\"kb-adv-heading23117_03a1d8-d8\"]{display:flex;gap:0.25em;align-items:center;}.wp-block-kadence-advancedheading.kt-adv-heading23117_03a1d8-d8[data-kb-block=\"kb-adv-heading23117_03a1d8-d8\"] .kb-adv-heading-icon svg{width:1em;height:1em;}.wp-block-kadence-advancedheading.kt-adv-heading23117_03a1d8-d8 mark.kt-highlight, .wp-block-kadence-advancedheading.kt-adv-heading23117_03a1d8-d8[data-kb-block=\"kb-adv-heading23117_03a1d8-d8\"] mark.kt-highlight{font-style:normal;color:#f76a0c;-webkit-box-decoration-break:clone;box-decoration-break:clone;padding-top:0px;padding-right:0px;padding-bottom:0px;padding-left:0px;}.wp-block-kadence-advancedheading.kt-adv-heading23117_03a1d8-d8 img.kb-inline-image, .wp-block-kadence-advancedheading.kt-adv-heading23117_03a1d8-d8[data-kb-block=\"kb-adv-heading23117_03a1d8-d8\"] img.kb-inline-image{width:150px;vertical-align:baseline;}<\/style><p class=\"kt-adv-heading23117_03a1d8-d8 wp-block-kadence-advancedheading kt-adv-heading-has-icon\" data-kb-block=\"kb-adv-heading23117_03a1d8-d8\"><span class=\"kb-svg-icon-wrap kb-adv-heading-icon kb-svg-icon-fe_arrowRight kb-adv-heading-icon-side-left\"><svg viewBox=\"0 0 24 24\"  fill=\"none\" stroke=\"currentColor\" stroke-width=\"2\" stroke-linecap=\"round\" stroke-linejoin=\"round\" xmlns=\"http:\/\/www.w3.org\/2000\/svg\"  aria-hidden=\"true\"><line x1=\"5\" y1=\"12\" x2=\"19\" y2=\"12\"\/><polyline points=\"12 5 19 12 12 19\"\/><\/svg><\/span><span class=\"kb-adv-text-inner\"><a href=\"https:\/\/alliantplans.com\/notice-of-non-discrimination\/\">Non-Discrimination Notice<\/a><\/span><\/p>\n\n<style>.wp-block-kadence-advancedheading.kt-adv-heading23117_0fa54a-ea, .wp-block-kadence-advancedheading.kt-adv-heading23117_0fa54a-ea[data-kb-block=\"kb-adv-heading23117_0fa54a-ea\"]{font-style:normal;}.wp-block-kadence-advancedheading.kt-adv-heading23117_0fa54a-ea[data-kb-block=\"kb-adv-heading23117_0fa54a-ea\"]{display:flex;gap:0.25em;align-items:center;}.wp-block-kadence-advancedheading.kt-adv-heading23117_0fa54a-ea[data-kb-block=\"kb-adv-heading23117_0fa54a-ea\"] .kb-adv-heading-icon svg{width:1em;height:1em;}.wp-block-kadence-advancedheading.kt-adv-heading23117_0fa54a-ea mark.kt-highlight, .wp-block-kadence-advancedheading.kt-adv-heading23117_0fa54a-ea[data-kb-block=\"kb-adv-heading23117_0fa54a-ea\"] mark.kt-highlight{font-style:normal;color:#f76a0c;-webkit-box-decoration-break:clone;box-decoration-break:clone;padding-top:0px;padding-right:0px;padding-bottom:0px;padding-left:0px;}.wp-block-kadence-advancedheading.kt-adv-heading23117_0fa54a-ea img.kb-inline-image, .wp-block-kadence-advancedheading.kt-adv-heading23117_0fa54a-ea[data-kb-block=\"kb-adv-heading23117_0fa54a-ea\"] img.kb-inline-image{width:150px;vertical-align:baseline;}<\/style><p class=\"kt-adv-heading23117_0fa54a-ea wp-block-kadence-advancedheading kt-adv-heading-has-icon\" data-kb-block=\"kb-adv-heading23117_0fa54a-ea\"><span class=\"kb-svg-icon-wrap kb-adv-heading-icon kb-svg-icon-fe_arrowRight kb-adv-heading-icon-side-left\"><svg viewBox=\"0 0 24 24\"  fill=\"none\" stroke=\"currentColor\" stroke-width=\"2\" stroke-linecap=\"round\" stroke-linejoin=\"round\" xmlns=\"http:\/\/www.w3.org\/2000\/svg\"  aria-hidden=\"true\"><line x1=\"5\" y1=\"12\" x2=\"19\" y2=\"12\"\/><polyline points=\"12 5 19 12 12 19\"\/><\/svg><\/span><span class=\"kb-adv-text-inner\"><a href=\"https:\/\/alliantplans.com\/notice-of-privacy-practice\/\">Notice of Privacy Practice<\/a><\/span><\/p><\/div><\/div>\n\n\n<style>.kadence-column23117_905e3e-7c > .kt-inside-inner-col{padding-top:var(--global-kb-spacing-sm, 1.5rem);padding-right:var(--global-kb-spacing-sm, 1.5rem);padding-bottom:var(--global-kb-spacing-sm, 1.5rem);padding-left:var(--global-kb-spacing-sm, 1.5rem);}.kadence-column23117_905e3e-7c > .kt-inside-inner-col,.kadence-column23117_905e3e-7c > .kt-inside-inner-col:before{border-top-left-radius:0px;border-top-right-radius:0px;border-bottom-right-radius:0px;border-bottom-left-radius:0px;}.kadence-column23117_905e3e-7c > .kt-inside-inner-col{column-gap:var(--global-kb-gap-sm, 1rem);}.kadence-column23117_905e3e-7c > .kt-inside-inner-col{flex-direction:column;}.kadence-column23117_905e3e-7c > .kt-inside-inner-col > .aligncenter{width:100%;}.kadence-column23117_905e3e-7c > .kt-inside-inner-col{background-color:var(--global-palette8, #F7FAFC);}.kadence-column23117_905e3e-7c > .kt-inside-inner-col:before{opacity:0.3;}.kadence-column23117_905e3e-7c{position:relative;}@media all and (max-width: 1024px){.kadence-column23117_905e3e-7c > .kt-inside-inner-col{flex-direction:column;justify-content:center;}}@media all and (max-width: 767px){.kadence-column23117_905e3e-7c > .kt-inside-inner-col{flex-direction:column;justify-content:center;}}<\/style>\n<div class=\"wp-block-kadence-column kadence-column23117_905e3e-7c\"><div class=\"kt-inside-inner-col\"><style>.wp-block-kadence-advancedheading.kt-adv-heading23117_c1dbba-06, .wp-block-kadence-advancedheading.kt-adv-heading23117_c1dbba-06[data-kb-block=\"kb-adv-heading23117_c1dbba-06\"]{font-style:normal;}.wp-block-kadence-advancedheading.kt-adv-heading23117_c1dbba-06[data-kb-block=\"kb-adv-heading23117_c1dbba-06\"]{display:flex;gap:0.25em;align-items:center;}.wp-block-kadence-advancedheading.kt-adv-heading23117_c1dbba-06[data-kb-block=\"kb-adv-heading23117_c1dbba-06\"] .kb-adv-heading-icon svg{width:1em;height:1em;}.wp-block-kadence-advancedheading.kt-adv-heading23117_c1dbba-06 mark.kt-highlight, .wp-block-kadence-advancedheading.kt-adv-heading23117_c1dbba-06[data-kb-block=\"kb-adv-heading23117_c1dbba-06\"] mark.kt-highlight{font-style:normal;color:#f76a0c;-webkit-box-decoration-break:clone;box-decoration-break:clone;padding-top:0px;padding-right:0px;padding-bottom:0px;padding-left:0px;}.wp-block-kadence-advancedheading.kt-adv-heading23117_c1dbba-06 img.kb-inline-image, .wp-block-kadence-advancedheading.kt-adv-heading23117_c1dbba-06[data-kb-block=\"kb-adv-heading23117_c1dbba-06\"] img.kb-inline-image{width:150px;vertical-align:baseline;}<\/style><p class=\"kt-adv-heading23117_c1dbba-06 wp-block-kadence-advancedheading kt-adv-heading-has-icon\" data-kb-block=\"kb-adv-heading23117_c1dbba-06\"><span class=\"kb-svg-icon-wrap kb-adv-heading-icon kb-svg-icon-fe_arrowRight kb-adv-heading-icon-side-left\"><svg viewBox=\"0 0 24 24\"  fill=\"none\" stroke=\"currentColor\" stroke-width=\"2\" stroke-linecap=\"round\" stroke-linejoin=\"round\" xmlns=\"http:\/\/www.w3.org\/2000\/svg\"  aria-hidden=\"true\"><line x1=\"5\" y1=\"12\" x2=\"19\" y2=\"12\"\/><polyline points=\"12 5 19 12 12 19\"\/><\/svg><\/span><span class=\"kb-adv-text-inner\"><a href=\"https:\/\/alliantplans.com\/privacy-policy\/\">Privacy Policy<\/a><\/span><\/p>\n\n<style>.wp-block-kadence-advancedheading.kt-adv-heading23117_028cae-08, .wp-block-kadence-advancedheading.kt-adv-heading23117_028cae-08[data-kb-block=\"kb-adv-heading23117_028cae-08\"]{font-style:normal;}.wp-block-kadence-advancedheading.kt-adv-heading23117_028cae-08[data-kb-block=\"kb-adv-heading23117_028cae-08\"]{display:flex;gap:0.25em;align-items:center;}.wp-block-kadence-advancedheading.kt-adv-heading23117_028cae-08[data-kb-block=\"kb-adv-heading23117_028cae-08\"] .kb-adv-heading-icon svg{width:1em;height:1em;}.wp-block-kadence-advancedheading.kt-adv-heading23117_028cae-08 mark.kt-highlight, .wp-block-kadence-advancedheading.kt-adv-heading23117_028cae-08[data-kb-block=\"kb-adv-heading23117_028cae-08\"] mark.kt-highlight{font-style:normal;color:#f76a0c;-webkit-box-decoration-break:clone;box-decoration-break:clone;padding-top:0px;padding-right:0px;padding-bottom:0px;padding-left:0px;}.wp-block-kadence-advancedheading.kt-adv-heading23117_028cae-08 img.kb-inline-image, .wp-block-kadence-advancedheading.kt-adv-heading23117_028cae-08[data-kb-block=\"kb-adv-heading23117_028cae-08\"] img.kb-inline-image{width:150px;vertical-align:baseline;}<\/style><p class=\"kt-adv-heading23117_028cae-08 wp-block-kadence-advancedheading kt-adv-heading-has-icon\" data-kb-block=\"kb-adv-heading23117_028cae-08\"><span class=\"kb-svg-icon-wrap kb-adv-heading-icon kb-svg-icon-fe_arrowRight kb-adv-heading-icon-side-left\"><svg viewBox=\"0 0 24 24\"  fill=\"none\" stroke=\"currentColor\" stroke-width=\"2\" stroke-linecap=\"round\" stroke-linejoin=\"round\" xmlns=\"http:\/\/www.w3.org\/2000\/svg\"  aria-hidden=\"true\"><line x1=\"5\" y1=\"12\" x2=\"19\" y2=\"12\"\/><polyline points=\"12 5 19 12 12 19\"\/><\/svg><\/span><span class=\"kb-adv-text-inner\"><a href=\"https:\/\/alliantplans.com\/hipaa\/\">Secure Communication<\/a><\/span><\/p>\n\n<style>.wp-block-kadence-advancedheading.kt-adv-heading23117_689138-e8, .wp-block-kadence-advancedheading.kt-adv-heading23117_689138-e8[data-kb-block=\"kb-adv-heading23117_689138-e8\"]{font-style:normal;}.wp-block-kadence-advancedheading.kt-adv-heading23117_689138-e8[data-kb-block=\"kb-adv-heading23117_689138-e8\"]{display:flex;gap:0.25em;align-items:center;}.wp-block-kadence-advancedheading.kt-adv-heading23117_689138-e8[data-kb-block=\"kb-adv-heading23117_689138-e8\"] .kb-adv-heading-icon svg{width:1em;height:1em;}.wp-block-kadence-advancedheading.kt-adv-heading23117_689138-e8 mark.kt-highlight, .wp-block-kadence-advancedheading.kt-adv-heading23117_689138-e8[data-kb-block=\"kb-adv-heading23117_689138-e8\"] mark.kt-highlight{font-style:normal;color:#f76a0c;-webkit-box-decoration-break:clone;box-decoration-break:clone;padding-top:0px;padding-right:0px;padding-bottom:0px;padding-left:0px;}.wp-block-kadence-advancedheading.kt-adv-heading23117_689138-e8 img.kb-inline-image, .wp-block-kadence-advancedheading.kt-adv-heading23117_689138-e8[data-kb-block=\"kb-adv-heading23117_689138-e8\"] img.kb-inline-image{width:150px;vertical-align:baseline;}<\/style><p class=\"kt-adv-heading23117_689138-e8 wp-block-kadence-advancedheading kt-adv-heading-has-icon\" data-kb-block=\"kb-adv-heading23117_689138-e8\"><span class=\"kb-svg-icon-wrap kb-adv-heading-icon kb-svg-icon-fe_arrowRight kb-adv-heading-icon-side-left\"><svg viewBox=\"0 0 24 24\"  fill=\"none\" stroke=\"currentColor\" stroke-width=\"2\" stroke-linecap=\"round\" stroke-linejoin=\"round\" xmlns=\"http:\/\/www.w3.org\/2000\/svg\"  aria-hidden=\"true\"><line x1=\"5\" y1=\"12\" x2=\"19\" y2=\"12\"\/><polyline points=\"12 5 19 12 12 19\"\/><\/svg><\/span><span class=\"kb-adv-text-inner\"><a href=\"https:\/\/alliantplans.com\/transparency-in-coverage-rule\/\">Transparency in Coverage Rule (TRC)<\/a><\/span><\/p>\n\n<style>.wp-block-kadence-advancedheading.kt-adv-heading23117_ff6266-a5, .wp-block-kadence-advancedheading.kt-adv-heading23117_ff6266-a5[data-kb-block=\"kb-adv-heading23117_ff6266-a5\"]{font-style:normal;}.wp-block-kadence-advancedheading.kt-adv-heading23117_ff6266-a5 mark.kt-highlight, .wp-block-kadence-advancedheading.kt-adv-heading23117_ff6266-a5[data-kb-block=\"kb-adv-heading23117_ff6266-a5\"] mark.kt-highlight{font-style:normal;color:#f76a0c;-webkit-box-decoration-break:clone;box-decoration-break:clone;padding-top:0px;padding-right:0px;padding-bottom:0px;padding-left:0px;}.wp-block-kadence-advancedheading.kt-adv-heading23117_ff6266-a5 img.kb-inline-image, .wp-block-kadence-advancedheading.kt-adv-heading23117_ff6266-a5[data-kb-block=\"kb-adv-heading23117_ff6266-a5\"] img.kb-inline-image{width:150px;vertical-align:baseline;}<\/style>\n<p class=\"kt-adv-heading23117_ff6266-a5 wp-block-kadence-advancedheading\" data-kb-block=\"kb-adv-heading23117_ff6266-a5\"><\/p>\n<\/div><\/div>\n\n<\/div><\/div>","protected":false},"excerpt":{"rendered":"<p>Disclaimer Interoperability and Patient Access Non-Discrimination Notice Notice of Privacy Practice Privacy Policy Secure Communication Transparency in Coverage Rule (TRC)<\/p>\n","protected":false},"author":1,"featured_media":0,"parent":0,"menu_order":0,"comment_status":"closed","ping_status":"closed","template":"","meta":{"_acf_changed":false,"_kad_blocks_custom_css":"","_kad_blocks_head_custom_js":"","_kad_blocks_body_custom_js":"","_kad_blocks_footer_custom_js":"","_monsterinsights_skip_tracking":false,"_monsterinsights_sitenote_active":false,"_monsterinsights_sitenote_note":"","_monsterinsights_sitenote_category":0,"_kadence_starter_templates_imported_post":false,"_kad_post_transparent":"","_kad_post_title":"show","_kad_post_layout":"normal","_kad_post_sidebar_id":"","_kad_post_content_style":"","_kad_post_vertical_padding":"","_kad_post_feature":"","_kad_post_feature_position":"","_kad_post_header":false,"_kad_post_footer":false,"_kad_post_classname":"","_jet_sm_ready_style":"","_jet_sm_style":"","_jet_sm_controls_values":"","_jet_sm_fonts_collection":"","_jet_sm_fonts_links":"","footnotes":""},"class_list":["post-23117","page","type-page","status-publish","hentry"],"acf":[],"yoast_head":"<!-- This site is optimized with the Yoast SEO Premium plugin v27.5 (Yoast SEO v27.5) - https:\/\/yoast.com\/product\/yoast-seo-premium-wordpress\/ -->\n<title>Legal Notices - Alliant Health Plans<\/title>\n<meta name=\"robots\" content=\"index, follow, max-snippet:-1, max-image-preview:large, max-video-preview:-1\" \/>\n<link rel=\"canonical\" href=\"https:\/\/alliantplans.com\/es\/legal\/\" \/>\n<meta property=\"og:locale\" content=\"es_ES\" \/>\n<meta property=\"og:type\" content=\"article\" \/>\n<meta property=\"og:title\" content=\"Legal Notices\" \/>\n<meta property=\"og:description\" content=\"Disclaimer Interoperability and Patient Access Non-Discrimination Notice Notice of Privacy Practice Privacy Policy Secure Communication Transparency in Coverage Rule (TRC)\" \/>\n<meta property=\"og:url\" content=\"https:\/\/alliantplans.com\/legal\/\" \/>\n<meta property=\"og:site_name\" content=\"Alliant Health Plans\" \/>\n<meta property=\"article:publisher\" content=\"https:\/\/www.facebook.com\/AlliantHealthPlans\/\" \/>\n<meta property=\"article:modified_time\" content=\"2025-03-25T20:12:57+00:00\" \/>\n<meta name=\"twitter:card\" content=\"summary_large_image\" \/>\n<meta name=\"twitter:label1\" content=\"Tiempo de lectura\" \/>\n\t<meta name=\"twitter:data1\" content=\"1 minute\" \/>\n<script type=\"application\/ld+json\" class=\"yoast-schema-graph\">{\"@context\":\"https:\\\/\\\/schema.org\",\"@graph\":[{\"@type\":\"WebPage\",\"@id\":\"https:\\\/\\\/alliantplans.com\\\/legal\\\/\",\"url\":\"https:\\\/\\\/alliantplans.com\\\/legal\\\/\",\"name\":\"Legal Notices - Alliant Health Plans\",\"isPartOf\":{\"@id\":\"https:\\\/\\\/alliantplans.com\\\/es\\\/#website\"},\"datePublished\":\"2025-03-25T13:55:03+00:00\",\"dateModified\":\"2025-03-25T20:12:57+00:00\",\"breadcrumb\":{\"@id\":\"https:\\\/\\\/alliantplans.com\\\/legal\\\/#breadcrumb\"},\"inLanguage\":\"es-ES\",\"potentialAction\":[{\"@type\":\"ReadAction\",\"target\":[\"https:\\\/\\\/alliantplans.com\\\/legal\\\/\"]}]},{\"@type\":\"BreadcrumbList\",\"@id\":\"https:\\\/\\\/alliantplans.com\\\/legal\\\/#breadcrumb\",\"itemListElement\":[{\"@type\":\"ListItem\",\"position\":1,\"name\":\"Home\",\"item\":\"https:\\\/\\\/alliantplans.com\\\/es\\\/pagina-de-inicio\\\/\"},{\"@type\":\"ListItem\",\"position\":2,\"name\":\"Legal Notices\"}]},{\"@type\":\"WebSite\",\"@id\":\"https:\\\/\\\/alliantplans.com\\\/es\\\/#website\",\"url\":\"https:\\\/\\\/alliantplans.com\\\/es\\\/\",\"name\":\"Alliant Health Plans\",\"description\":\"Un proveedor l\u00edder de seguros de atenci\u00f3n m\u00e9dica\\n\",\"publisher\":{\"@id\":\"https:\\\/\\\/alliantplans.com\\\/es\\\/#organization\"},\"potentialAction\":[{\"@type\":\"SearchAction\",\"target\":{\"@type\":\"EntryPoint\",\"urlTemplate\":\"https:\\\/\\\/alliantplans.com\\\/es\\\/?s={search_term_string}\"},\"query-input\":{\"@type\":\"PropertyValueSpecification\",\"valueRequired\":true,\"valueName\":\"search_term_string\"}}],\"inLanguage\":\"es-ES\"},{\"@type\":\"Organization\",\"@id\":\"https:\\\/\\\/alliantplans.com\\\/es\\\/#organization\",\"name\":\"Alliant Health Plans\",\"alternateName\":\"AHP\",\"url\":\"https:\\\/\\\/alliantplans.com\\\/es\\\/\",\"logo\":{\"@type\":\"ImageObject\",\"inLanguage\":\"es-ES\",\"@id\":\"https:\\\/\\\/alliantplans.com\\\/es\\\/#\\\/schema\\\/logo\\\/image\\\/\",\"url\":\"https:\\\/\\\/alliantplans.com\\\/wp-content\\\/uploads\\\/2024\\\/04\\\/Alliant-Health-Plans-Logo-Blue.svg\",\"contentUrl\":\"https:\\\/\\\/alliantplans.com\\\/wp-content\\\/uploads\\\/2024\\\/04\\\/Alliant-Health-Plans-Logo-Blue.svg\",\"caption\":\"Alliant Health Plans\"},\"image\":{\"@id\":\"https:\\\/\\\/alliantplans.com\\\/es\\\/#\\\/schema\\\/logo\\\/image\\\/\"},\"sameAs\":[\"https:\\\/\\\/www.facebook.com\\\/AlliantHealthPlans\\\/\"]}]}<\/script>\n<!-- \/ Yoast SEO Premium plugin. -->","yoast_head_json":{"title":"Legal Notices - Alliant Health Plans","robots":{"index":"index","follow":"follow","max-snippet":"max-snippet:-1","max-image-preview":"max-image-preview:large","max-video-preview":"max-video-preview:-1"},"canonical":"https:\/\/alliantplans.com\/es\/legal\/","og_locale":"es_ES","og_type":"article","og_title":"Legal Notices","og_description":"Disclaimer Interoperability and Patient Access Non-Discrimination Notice Notice of Privacy Practice Privacy Policy Secure Communication Transparency in Coverage Rule (TRC)","og_url":"https:\/\/alliantplans.com\/legal\/","og_site_name":"Alliant Health Plans","article_publisher":"https:\/\/www.facebook.com\/AlliantHealthPlans\/","article_modified_time":"2025-03-25T20:12:57+00:00","twitter_card":"summary_large_image","twitter_misc":{"Tiempo de lectura":"1 minute"},"schema":{"@context":"https:\/\/schema.org","@graph":[{"@type":"WebPage","@id":"https:\/\/alliantplans.com\/legal\/","url":"https:\/\/alliantplans.com\/legal\/","name":"Legal Notices - Alliant Health Plans","isPartOf":{"@id":"https:\/\/alliantplans.com\/es\/#website"},"datePublished":"2025-03-25T13:55:03+00:00","dateModified":"2025-03-25T20:12:57+00:00","breadcrumb":{"@id":"https:\/\/alliantplans.com\/legal\/#breadcrumb"},"inLanguage":"es-ES","potentialAction":[{"@type":"ReadAction","target":["https:\/\/alliantplans.com\/legal\/"]}]},{"@type":"BreadcrumbList","@id":"https:\/\/alliantplans.com\/legal\/#breadcrumb","itemListElement":[{"@type":"ListItem","position":1,"name":"Home","item":"https:\/\/alliantplans.com\/es\/pagina-de-inicio\/"},{"@type":"ListItem","position":2,"name":"Legal Notices"}]},{"@type":"WebSite","@id":"https:\/\/alliantplans.com\/es\/#website","url":"https:\/\/alliantplans.com\/es\/","name":"Alliant Health Plans","description":"Un proveedor l\u00edder de seguros de atenci\u00f3n m\u00e9dica\n","publisher":{"@id":"https:\/\/alliantplans.com\/es\/#organization"},"potentialAction":[{"@type":"SearchAction","target":{"@type":"EntryPoint","urlTemplate":"https:\/\/alliantplans.com\/es\/?s={search_term_string}"},"query-input":{"@type":"PropertyValueSpecification","valueRequired":true,"valueName":"search_term_string"}}],"inLanguage":"es-ES"},{"@type":"Organization","@id":"https:\/\/alliantplans.com\/es\/#organization","name":"Alliant Health Plans","alternateName":"AHP","url":"https:\/\/alliantplans.com\/es\/","logo":{"@type":"ImageObject","inLanguage":"es-ES","@id":"https:\/\/alliantplans.com\/es\/#\/schema\/logo\/image\/","url":"https:\/\/alliantplans.com\/wp-content\/uploads\/2024\/04\/Alliant-Health-Plans-Logo-Blue.svg","contentUrl":"https:\/\/alliantplans.com\/wp-content\/uploads\/2024\/04\/Alliant-Health-Plans-Logo-Blue.svg","caption":"Alliant Health Plans"},"image":{"@id":"https:\/\/alliantplans.com\/es\/#\/schema\/logo\/image\/"},"sameAs":["https:\/\/www.facebook.com\/AlliantHealthPlans\/"]}]}},"taxonomy_info":[],"featured_image_src_large":false,"author_info":{"display_name":"jobi","author_link":"https:\/\/alliantplans.com\/es\/author\/jobi\/"},"comment_info":0,"_links":{"self":[{"href":"https:\/\/alliantplans.com\/es\/wp-json\/wp\/v2\/pages\/23117","targetHints":{"allow":["GET"]}}],"collection":[{"href":"https:\/\/alliantplans.com\/es\/wp-json\/wp\/v2\/pages"}],"about":[{"href":"https:\/\/alliantplans.com\/es\/wp-json\/wp\/v2\/types\/page"}],"author":[{"embeddable":true,"href":"https:\/\/alliantplans.com\/es\/wp-json\/wp\/v2\/users\/1"}],"replies":[{"embeddable":true,"href":"https:\/\/alliantplans.com\/es\/wp-json\/wp\/v2\/comments?post=23117"}],"version-history":[{"count":9,"href":"https:\/\/alliantplans.com\/es\/wp-json\/wp\/v2\/pages\/23117\/revisions"}],"predecessor-version":[{"id":26811,"href":"https:\/\/alliantplans.com\/es\/wp-json\/wp\/v2\/pages\/23117\/revisions\/26811"}],"wp:attachment":[{"href":"https:\/\/alliantplans.com\/es\/wp-json\/wp\/v2\/media?parent=23117"}],"curies":[{"name":"wp","href":"https:\/\/api.w.org\/{rel}","templated":true}]}}