{"id":11069,"date":"2024-10-04T15:42:12","date_gmt":"2024-10-04T19:42:12","guid":{"rendered":"https:\/\/alliantplans.com\/?page_id=11069"},"modified":"2024-10-04T18:09:32","modified_gmt":"2024-10-04T22:09:32","slug":"formularios-y-documentos","status":"publish","type":"page","link":"https:\/\/alliantplans.com\/es\/miembros\/formularios-y-documentos\/","title":{"rendered":"Formularios y Documentos"},"content":{"rendered":"<style>.kb-row-layout-id11069_a05060-20 > .kt-row-column-wrap{align-content:start;}:where(.kb-row-layout-id11069_a05060-20 > .kt-row-column-wrap) > .wp-block-kadence-column{justify-content:start;}.kb-row-layout-id11069_a05060-20 > .kt-row-column-wrap{column-gap:var(--global-kb-gap-md, 2rem);row-gap:var(--global-kb-gap-md, 2rem);max-width:var( --global-content-width, 1440px );padding-left:var(--global-content-edge-padding);padding-right:var(--global-content-edge-padding);padding-top:var(--global-kb-spacing-sm, 1.5rem);padding-bottom:var(--global-kb-spacing-sm, 1.5rem);grid-template-columns:minmax(0, 1fr);}.kb-row-layout-id11069_a05060-20 > .kt-row-layout-overlay{opacity:0.30;}@media all and (max-width: 1024px){.kb-row-layout-id11069_a05060-20 > .kt-row-column-wrap{grid-template-columns:minmax(0, 1fr);}}@media all and (max-width: 767px){.kb-row-layout-id11069_a05060-20 > .kt-row-column-wrap{grid-template-columns:minmax(0, 1fr);}}<\/style><div class=\"kb-row-layout-wrap kb-row-layout-id11069_a05060-20 alignnone wp-block-kadence-rowlayout\"><div class=\"kt-row-column-wrap kt-has-1-columns kt-row-layout-equal kt-tab-layout-inherit kt-mobile-layout-row kt-row-valign-top kb-theme-content-width\">\n<style>.kadence-column11069_61c428-11 > .kt-inside-inner-col{display:flex;}.kadence-column11069_61c428-11 > .kt-inside-inner-col,.kadence-column11069_61c428-11 > .kt-inside-inner-col:before{border-top-left-radius:0px;border-top-right-radius:0px;border-bottom-right-radius:0px;border-bottom-left-radius:0px;}.kadence-column11069_61c428-11 > .kt-inside-inner-col{column-gap:var(--global-kb-gap-sm, 1rem);}.kadence-column11069_61c428-11 > .kt-inside-inner-col{flex-direction:column;}.kadence-column11069_61c428-11 > .kt-inside-inner-col > .aligncenter{width:100%;}.kadence-column11069_61c428-11 > .kt-inside-inner-col:before{opacity:0.3;}.kadence-column11069_61c428-11{position:relative;}@media all and (max-width: 1024px){.kadence-column11069_61c428-11 > .kt-inside-inner-col{flex-direction:column;justify-content:center;}}@media all and (max-width: 767px){.kadence-column11069_61c428-11 > .kt-inside-inner-col{flex-direction:column;justify-content:center;}}<\/style>\n<div class=\"wp-block-kadence-column kadence-column11069_61c428-11\"><div class=\"kt-inside-inner-col\"><style>.kb-row-layout-id11069_129111-2e > .kt-row-column-wrap{align-content:start;}:where(.kb-row-layout-id11069_129111-2e > .kt-row-column-wrap) > .wp-block-kadence-column{justify-content:start;}.kb-row-layout-id11069_129111-2e > .kt-row-column-wrap{column-gap:var(--global-kb-gap-md, 2rem);row-gap:var(--global-kb-gap-md, 2rem);max-width:var( --global-content-width, 1440px );padding-left:var(--global-content-edge-padding);padding-right:var(--global-content-edge-padding);padding-top:var(--global-kb-spacing-sm, 1.5rem);padding-bottom:var(--global-kb-spacing-sm, 1.5rem);grid-template-columns:minmax(0, 1fr);}.kb-row-layout-id11069_129111-2e > .kt-row-layout-overlay{opacity:0.30;}@media all and (max-width: 1024px){.kb-row-layout-id11069_129111-2e > .kt-row-column-wrap{grid-template-columns:minmax(0, 1fr);}}@media all and (max-width: 767px){.kb-row-layout-id11069_129111-2e > .kt-row-column-wrap{grid-template-columns:minmax(0, 1fr);}}<\/style><div class=\"kb-row-layout-wrap kb-row-layout-id11069_129111-2e alignnone wp-block-kadence-rowlayout\"><div class=\"kt-row-column-wrap kt-has-1-columns kt-row-layout-equal kt-tab-layout-inherit kt-mobile-layout-row kt-row-valign-top kb-theme-content-width\">\n<style>.kadence-column11069_b6639f-b0 > .kt-inside-inner-col,.kadence-column11069_b6639f-b0 > .kt-inside-inner-col:before{border-top-left-radius:0px;border-top-right-radius:0px;border-bottom-right-radius:0px;border-bottom-left-radius:0px;}.kadence-column11069_b6639f-b0 > .kt-inside-inner-col{column-gap:var(--global-kb-gap-sm, 1rem);}.kadence-column11069_b6639f-b0 > .kt-inside-inner-col{flex-direction:column;}.kadence-column11069_b6639f-b0 > .kt-inside-inner-col > .aligncenter{width:100%;}.kadence-column11069_b6639f-b0 > .kt-inside-inner-col:before{opacity:0.3;}.kadence-column11069_b6639f-b0{position:relative;}@media all and (max-width: 1024px){.kadence-column11069_b6639f-b0 > .kt-inside-inner-col{flex-direction:column;justify-content:center;}}@media all and (max-width: 767px){.kadence-column11069_b6639f-b0 > .kt-inside-inner-col{flex-direction:column;justify-content:center;}}<\/style>\n<div class=\"wp-block-kadence-column kadence-column11069_b6639f-b0\"><div class=\"kt-inside-inner-col\">\n<h4 class=\"wp-block-heading\"><strong>&nbsp;Formularios<\/strong><\/h4>\n\n\n\n<ul class=\"wp-block-list\">\n<li><a href=\"https:\/\/alliantplans.com\/wp-content\/uploads\/Member-Accident-Injury-Form-Spanish.pdf\">Informe de Accidente\/Lesi\u00f3n de un Miembro<\/a><\/li>\n\n\n\n<li><a href=\"https:\/\/alliantplans.com\/wp-content\/uploads\/Medical-Claim-Form_Spanish.pdf\">Formulario de Reclamo M\u00e9dico<\/a><\/li>\n\n\n\n<li><a href=\"https:\/\/alliantplans.com\/wp-content\/uploads\/Member-Appeal-Form-Spanish.pdf\">Formulario de Apelaci\u00f3n para Miembros<\/a><\/li>\n\n\n\n<li><a href=\"https:\/\/alliantplans.com\/wp-content\/uploads\/Authorization-to-Share-PHI-Spanish.pdf\">Autorizaci\u00f3n para Compartir Informaci\u00f3n de Salud Protegida<\/a><\/li>\n\n\n\n<li><a href=\"https:\/\/alliantplans.com\/wp-content\/uploads\/Serventy-PHI-Form-Spanish.pdf\">Autorizaci\u00f3n para Compartir Informaci\u00f3n de Salud Protegida Serventy<\/a><\/li>\n\n\n\n<li><a href=\"https:\/\/alliantplans.com\/wp-content\/uploads\/Group_&amp;_Individual_Auto_Pay_Form_Spanish.pdf\">Formulario de Pagos Autom\u00e1ticos para Individuos y Grupos<\/a><\/li>\n\n\n\n<li><a href=\"https:\/\/alliantplans.com\/wp-content\/uploads\/SoloCareIFP-Enrollment-App_Spanish.pdf\">Formulario de Inscripci\u00f3n y Cambio de Cobertura de SoloCare<\/a><\/li>\n\n\n\n<li><a href=\"https:\/\/alliantplans.com\/wp-content\/uploads\/Other-Insurance-Questionnaire-Spanish.pdf\">Cuestionario de Otro Seguro<\/a><\/li>\n\n\n\n<li><a href=\"https:\/\/alliantplans.com\/wp-content\/uploads\/Continuity_Care_Request_Spanish.pdf\">Formulario de Solicitud de Continuidad de Atenci\u00f3n M\u00e9dica<\/a><\/li>\n\n\n\n<li><a href=\"https:\/\/alliantplans.com\/wp-content\/uploads\/AHP-Covid-19-Test-Reimbursement-Form_Spanish.pdf\">Formulario de Reembolso de la Prueba de Covid-19 Realizada en Casa<\/a><\/li>\n<\/ul>\n\n\n\n<h4 class=\"wp-block-heading\"><strong>Documentos<\/strong><\/h4>\n\n\n\n<ul class=\"wp-block-list\">\n<li><a href=\"https:\/\/alliantplans.com\/wp-content\/uploads\/Special_Enrollment_Period_for_IFP_Spanish.pdf\">Per\u00edodo Especial de Inscripci\u00f3n para Planes Individuales\/Familiares (IFP) SoloCare<\/a><\/li>\n\n\n\n<li><a href=\"https:\/\/alliantplans.com\/wp-content\/uploads\/Reporting-Life-Changes-to-Healthcare-Dot-Gov_Spanish.pdf\">Reportando Cambios de Vida a CuidadodeSalud.gov<\/a><\/li>\n\n\n\n<li><a href=\"https:\/\/alliantplans.com\/wp-content\/uploads\/AHP-netwk-instructions-spanish.pdf\">Instrucciones de B\u00fasqueda de Proveedores de la Red de Alliant<\/a><\/li>\n\n\n\n<li><a href=\"https:\/\/alliantplans.com\/wp-content\/uploads\/PHCS-netwk-instructions-Spanish.pdf\">Instrucciones de B\u00fasqueda de Proveedores de la Red de PHCS<\/a><\/li>\n\n\n\n<li><a href=\"https:\/\/alliantplans.com\/wp-content\/uploads\/PHCS-Primary-Carve-Out-List_Spanish.pdf\">Lista de Exclusi\u00f3n de la Red Primaria de PHCS<\/a><\/li>\n\n\n\n<li><a href=\"https:\/\/alliantplans.com\/wp-content\/uploads\/Procedures-Requiring-Prior-Authorization_Spanish.pdf\">Procedimientos que requieren Autorizaci\u00f3n Previa<\/a><\/li>\n\n\n\n<li><a href=\"https:\/\/alliantplans.com\/es\/servicios-de-atencion-preventiva\/\">Alliant Health Plans Cubre Ciertos Servicios de Atenci\u00f3n Preventiva<\/a><\/li>\n\n\n\n<li><a href=\"https:\/\/alliantplans.com\/wp-content\/uploads\/AHP-MLR-FAQ-SPANISH.pdf\">Alliant Health Plans Preguntas Frecuentes de Tasa de P\u00e9rdidas M\u00e9dicas (MLR) para Miembros<\/a><\/li>\n\n\n\n<li><a href=\"https:\/\/alliantplans.com\/wp-content\/uploads\/Important-Contact-Information-Spanish.pdf\">Informaci\u00f3n de Contacto Importante<\/a><\/li>\n\n\n\n<li>Factuaracion Inesperada&nbsp;<\/li>\n<\/ul>\n\n\n\n<h4 class=\"wp-block-heading\">Estar\u00e1n disponibles m\u00e1s documentos pr\u00f3ximamente. Por favor, refi\u00e9rase a los documento en ingl\u00e9s o llame a nuestro Servicio al Cliente al (866) 403-2785 para m\u00e1s ayuda.<\/h4>\n\n\n\n<ul class=\"wp-block-list\">\n<li><a href=\"https:\/\/alliantplans.com\/wp-content\/uploads\/NurseLine.pdf\">Nurse Line Information<\/a><\/li>\n\n\n\n<li><a href=\"https:\/\/alliantplans.com\/4336-2\/\">Member Community Resources<\/a><\/li>\n\n\n\n<li><a href=\"https:\/\/alliantplans.com\/certificates-of-coverage\/\">Certificates of Coverage&nbsp;<\/a><\/li>\n\n\n\n<li><a href=\"https:\/\/alliantplans.com\/wp-content\/uploads\/Alliant-ID-Card-Mobile-App-Instruction-Guide.pdf\">Alliant ID Card Mobile App Instruction Guide<\/a><\/li>\n\n\n\n<li><a href=\"https:\/\/alliantplans.com\/wp-content\/uploads\/PHCS-Outside-Carve-Out-List.pdf\">PHCS Dual Network Carve Out List<\/a><\/li>\n\n\n\n<li><a href=\"https:\/\/alliantplans.com\/wp-content\/uploads\/Surprise%20Billing.pdf\">Surprise Billing and Alliant Health Plans\u2019 Response<\/a><\/li>\n<\/ul>\n<\/div><\/div>\n\n<\/div><\/div><\/div><\/div>\n\n<\/div><\/div>","protected":false},"excerpt":{"rendered":"<p>&nbsp;Formularios Documentos Estar\u00e1n disponibles m\u00e1s documentos pr\u00f3ximamente. Por favor, refi\u00e9rase a los documento en ingl\u00e9s o llame a nuestro Servicio al Cliente al (866) 403-2785 para m\u00e1s ayuda.<\/p>\n","protected":false},"author":1,"featured_media":0,"parent":7642,"menu_order":0,"comment_status":"closed","ping_status":"closed","template":"","meta":{"_acf_changed":false,"_kad_blocks_custom_css":"","_kad_blocks_head_custom_js":"","_kad_blocks_body_custom_js":"","_kad_blocks_footer_custom_js":"","_monsterinsights_skip_tracking":false,"_monsterinsights_sitenote_active":false,"_monsterinsights_sitenote_note":"","_monsterinsights_sitenote_category":0,"_kadence_starter_templates_imported_post":false,"_kad_post_transparent":"","_kad_post_title":"show","_kad_post_layout":"default","_kad_post_sidebar_id":"","_kad_post_content_style":"","_kad_post_vertical_padding":"","_kad_post_feature":"","_kad_post_feature_position":"","_kad_post_header":false,"_kad_post_footer":false,"_kad_post_classname":"","_jet_sm_ready_style":"","_jet_sm_style":"","_jet_sm_controls_values":"","_jet_sm_fonts_collection":"","_jet_sm_fonts_links":"","footnotes":""},"class_list":["post-11069","page","type-page","status-publish","hentry"],"acf":[],"yoast_head":"<!-- This site is optimized with the Yoast SEO Premium plugin v27.3 (Yoast SEO v27.3) - https:\/\/yoast.com\/product\/yoast-seo-premium-wordpress\/ -->\n<title>Formularios y Documentos - Alliant Health Plans<\/title>\n<meta name=\"robots\" content=\"index, follow, max-snippet:-1, max-image-preview:large, max-video-preview:-1\" \/>\n<link rel=\"canonical\" href=\"https:\/\/alliantplans.com\/es\/miembros\/formularios-y-documentos\/\" \/>\n<meta property=\"og:locale\" content=\"es_ES\" \/>\n<meta property=\"og:type\" content=\"article\" \/>\n<meta property=\"og:title\" content=\"Formularios y Documentos\" \/>\n<meta property=\"og:description\" content=\"&nbsp;Formularios Documentos Estar\u00e1n disponibles m\u00e1s documentos pr\u00f3ximamente. Por favor, refi\u00e9rase a los documento en ingl\u00e9s o llame a nuestro Servicio al Cliente al (866) 403-2785 para m\u00e1s ayuda.\" \/>\n<meta property=\"og:url\" content=\"https:\/\/alliantplans.com\/es\/miembros\/formularios-y-documentos\/\" \/>\n<meta property=\"og:site_name\" content=\"Alliant Health Plans\" \/>\n<meta property=\"article:publisher\" content=\"https:\/\/www.facebook.com\/AlliantHealthPlans\/\" \/>\n<meta property=\"article:modified_time\" content=\"2024-10-04T22:09:32+00:00\" \/>\n<meta name=\"twitter:card\" content=\"summary_large_image\" \/>\n<meta name=\"twitter:label1\" content=\"Tiempo de lectura\" \/>\n\t<meta name=\"twitter:data1\" content=\"1 minute\" \/>\n<script type=\"application\/ld+json\" class=\"yoast-schema-graph\">{\"@context\":\"https:\\\/\\\/schema.org\",\"@graph\":[{\"@type\":\"WebPage\",\"@id\":\"https:\\\/\\\/alliantplans.com\\\/es\\\/miembros\\\/formularios-y-documentos\\\/\",\"url\":\"https:\\\/\\\/alliantplans.com\\\/es\\\/miembros\\\/formularios-y-documentos\\\/\",\"name\":\"Formularios y Documentos - Alliant Health Plans\",\"isPartOf\":{\"@id\":\"https:\\\/\\\/alliantplans.com\\\/es\\\/#website\"},\"datePublished\":\"2024-10-04T19:42:12+00:00\",\"dateModified\":\"2024-10-04T22:09:32+00:00\",\"breadcrumb\":{\"@id\":\"https:\\\/\\\/alliantplans.com\\\/es\\\/miembros\\\/formularios-y-documentos\\\/#breadcrumb\"},\"inLanguage\":\"es-ES\",\"potentialAction\":[{\"@type\":\"ReadAction\",\"target\":[\"https:\\\/\\\/alliantplans.com\\\/es\\\/miembros\\\/formularios-y-documentos\\\/\"]}]},{\"@type\":\"BreadcrumbList\",\"@id\":\"https:\\\/\\\/alliantplans.com\\\/es\\\/miembros\\\/formularios-y-documentos\\\/#breadcrumb\",\"itemListElement\":[{\"@type\":\"ListItem\",\"position\":1,\"name\":\"Home\",\"item\":\"https:\\\/\\\/alliantplans.com\\\/es\\\/pagina-de-inicio\\\/\"},{\"@type\":\"ListItem\",\"position\":2,\"name\":\"Miembros\",\"item\":\"https:\\\/\\\/alliantplans.com\\\/es\\\/miembros\\\/\"},{\"@type\":\"ListItem\",\"position\":3,\"name\":\"Formularios y Documentos\"}]},{\"@type\":\"WebSite\",\"@id\":\"https:\\\/\\\/alliantplans.com\\\/es\\\/#website\",\"url\":\"https:\\\/\\\/alliantplans.com\\\/es\\\/\",\"name\":\"Alliant Health Plans\",\"description\":\"Un proveedor l\u00edder de seguros de atenci\u00f3n m\u00e9dica\\n\",\"publisher\":{\"@id\":\"https:\\\/\\\/alliantplans.com\\\/es\\\/#organization\"},\"potentialAction\":[{\"@type\":\"SearchAction\",\"target\":{\"@type\":\"EntryPoint\",\"urlTemplate\":\"https:\\\/\\\/alliantplans.com\\\/es\\\/?s={search_term_string}\"},\"query-input\":{\"@type\":\"PropertyValueSpecification\",\"valueRequired\":true,\"valueName\":\"search_term_string\"}}],\"inLanguage\":\"es-ES\"},{\"@type\":\"Organization\",\"@id\":\"https:\\\/\\\/alliantplans.com\\\/es\\\/#organization\",\"name\":\"Alliant Health Plans\",\"alternateName\":\"AHP\",\"url\":\"https:\\\/\\\/alliantplans.com\\\/es\\\/\",\"logo\":{\"@type\":\"ImageObject\",\"inLanguage\":\"es-ES\",\"@id\":\"https:\\\/\\\/alliantplans.com\\\/es\\\/#\\\/schema\\\/logo\\\/image\\\/\",\"url\":\"https:\\\/\\\/alliantplans.com\\\/wp-content\\\/uploads\\\/2024\\\/04\\\/Alliant-Health-Plans-Logo-Blue.svg\",\"contentUrl\":\"https:\\\/\\\/alliantplans.com\\\/wp-content\\\/uploads\\\/2024\\\/04\\\/Alliant-Health-Plans-Logo-Blue.svg\",\"caption\":\"Alliant Health Plans\"},\"image\":{\"@id\":\"https:\\\/\\\/alliantplans.com\\\/es\\\/#\\\/schema\\\/logo\\\/image\\\/\"},\"sameAs\":[\"https:\\\/\\\/www.facebook.com\\\/AlliantHealthPlans\\\/\"]}]}<\/script>\n<!-- \/ Yoast SEO Premium plugin. -->","yoast_head_json":{"title":"Formularios y Documentos - Alliant Health Plans","robots":{"index":"index","follow":"follow","max-snippet":"max-snippet:-1","max-image-preview":"max-image-preview:large","max-video-preview":"max-video-preview:-1"},"canonical":"https:\/\/alliantplans.com\/es\/miembros\/formularios-y-documentos\/","og_locale":"es_ES","og_type":"article","og_title":"Formularios y Documentos","og_description":"&nbsp;Formularios Documentos Estar\u00e1n disponibles m\u00e1s documentos pr\u00f3ximamente. Por favor, refi\u00e9rase a los documento en ingl\u00e9s o llame a nuestro Servicio al Cliente al (866) 403-2785 para m\u00e1s ayuda.","og_url":"https:\/\/alliantplans.com\/es\/miembros\/formularios-y-documentos\/","og_site_name":"Alliant Health Plans","article_publisher":"https:\/\/www.facebook.com\/AlliantHealthPlans\/","article_modified_time":"2024-10-04T22:09:32+00:00","twitter_card":"summary_large_image","twitter_misc":{"Tiempo de lectura":"1 minute"},"schema":{"@context":"https:\/\/schema.org","@graph":[{"@type":"WebPage","@id":"https:\/\/alliantplans.com\/es\/miembros\/formularios-y-documentos\/","url":"https:\/\/alliantplans.com\/es\/miembros\/formularios-y-documentos\/","name":"Formularios y Documentos - Alliant Health Plans","isPartOf":{"@id":"https:\/\/alliantplans.com\/es\/#website"},"datePublished":"2024-10-04T19:42:12+00:00","dateModified":"2024-10-04T22:09:32+00:00","breadcrumb":{"@id":"https:\/\/alliantplans.com\/es\/miembros\/formularios-y-documentos\/#breadcrumb"},"inLanguage":"es-ES","potentialAction":[{"@type":"ReadAction","target":["https:\/\/alliantplans.com\/es\/miembros\/formularios-y-documentos\/"]}]},{"@type":"BreadcrumbList","@id":"https:\/\/alliantplans.com\/es\/miembros\/formularios-y-documentos\/#breadcrumb","itemListElement":[{"@type":"ListItem","position":1,"name":"Home","item":"https:\/\/alliantplans.com\/es\/pagina-de-inicio\/"},{"@type":"ListItem","position":2,"name":"Miembros","item":"https:\/\/alliantplans.com\/es\/miembros\/"},{"@type":"ListItem","position":3,"name":"Formularios y Documentos"}]},{"@type":"WebSite","@id":"https:\/\/alliantplans.com\/es\/#website","url":"https:\/\/alliantplans.com\/es\/","name":"Alliant Health Plans","description":"Un proveedor l\u00edder de seguros de atenci\u00f3n m\u00e9dica\n","publisher":{"@id":"https:\/\/alliantplans.com\/es\/#organization"},"potentialAction":[{"@type":"SearchAction","target":{"@type":"EntryPoint","urlTemplate":"https:\/\/alliantplans.com\/es\/?s={search_term_string}"},"query-input":{"@type":"PropertyValueSpecification","valueRequired":true,"valueName":"search_term_string"}}],"inLanguage":"es-ES"},{"@type":"Organization","@id":"https:\/\/alliantplans.com\/es\/#organization","name":"Alliant Health Plans","alternateName":"AHP","url":"https:\/\/alliantplans.com\/es\/","logo":{"@type":"ImageObject","inLanguage":"es-ES","@id":"https:\/\/alliantplans.com\/es\/#\/schema\/logo\/image\/","url":"https:\/\/alliantplans.com\/wp-content\/uploads\/2024\/04\/Alliant-Health-Plans-Logo-Blue.svg","contentUrl":"https:\/\/alliantplans.com\/wp-content\/uploads\/2024\/04\/Alliant-Health-Plans-Logo-Blue.svg","caption":"Alliant Health Plans"},"image":{"@id":"https:\/\/alliantplans.com\/es\/#\/schema\/logo\/image\/"},"sameAs":["https:\/\/www.facebook.com\/AlliantHealthPlans\/"]}]}},"taxonomy_info":[],"featured_image_src_large":false,"author_info":{"display_name":"jobi","author_link":"https:\/\/alliantplans.com\/es\/author\/jobi\/"},"comment_info":0,"_links":{"self":[{"href":"https:\/\/alliantplans.com\/es\/wp-json\/wp\/v2\/pages\/11069","targetHints":{"allow":["GET"]}}],"collection":[{"href":"https:\/\/alliantplans.com\/es\/wp-json\/wp\/v2\/pages"}],"about":[{"href":"https:\/\/alliantplans.com\/es\/wp-json\/wp\/v2\/types\/page"}],"author":[{"embeddable":true,"href":"https:\/\/alliantplans.com\/es\/wp-json\/wp\/v2\/users\/1"}],"replies":[{"embeddable":true,"href":"https:\/\/alliantplans.com\/es\/wp-json\/wp\/v2\/comments?post=11069"}],"version-history":[{"count":4,"href":"https:\/\/alliantplans.com\/es\/wp-json\/wp\/v2\/pages\/11069\/revisions"}],"predecessor-version":[{"id":11333,"href":"https:\/\/alliantplans.com\/es\/wp-json\/wp\/v2\/pages\/11069\/revisions\/11333"}],"up":[{"embeddable":true,"href":"https:\/\/alliantplans.com\/es\/wp-json\/wp\/v2\/pages\/7642"}],"wp:attachment":[{"href":"https:\/\/alliantplans.com\/es\/wp-json\/wp\/v2\/media?parent=11069"}],"curies":[{"name":"wp","href":"https:\/\/api.w.org\/{rel}","templated":true}]}}